{"id":119588,"date":"2023-04-22T18:40:00","date_gmt":"2023-04-22T18:40:00","guid":{"rendered":"https:\/\/nabytoklaguna.sk\/sk\/?post_type=product&#038;p=119588"},"modified":"2025-05-26T15:16:22","modified_gmt":"2025-05-26T13:16:22","slug":"kuchynska-linka-24m-fabiana","status":"publish","type":"product","link":"https:\/\/nabytoklaguna.sk\/sk\/produkt\/kuchynska-linka-24m-fabiana\/","title":{"rendered":"K Fabiana"},"content":{"rendered":"<p>Z\u00e1kladn\u00e1 zostava kuchynskej linky v \u0161t\u00fdlovom preveden\u00ed biela alebo dub sonoma\/biela. DTD laminovan\u00e1. Hr\u00fabka pracovnej dosky 28 mm.Cena za vyobrazen\u00fa zostavu je vr\u00e1tane pracovnej dosky. Drezov\u00e1 skrinka je dod\u00e1van\u00e1 bez pracovnej dosky.<\/p>\n<p>Rozmer: 240 cm.<\/p>\n","protected":false},"excerpt":{"rendered":"<p>Z\u00e1kladn\u00e1 zostava kuchynskej linky v \u0161t\u00fdlovom preveden\u00ed biela alebo dub sonoma\/biela. DTD laminovan\u00e1. Hr\u00fabka pracovnej dosky 28 mm.Cena za vyobrazen\u00fa zostavu je vr\u00e1tane pracovnej dosky. Drezov\u00e1 skrinka je dod\u00e1van\u00e1 bez pracovnej dosky. Rozmer: 240 cm.<\/p>\n","protected":false},"featured_media":4546,"comment_status":"closed","ping_status":"closed","template":"","meta":{"_seopress_robots_primary_cat":"177","_seopress_titles_title":"","_seopress_titles_desc":"","_seopress_robots_index":""},"product_brand":[],"product_cat":[177],"product_tag":[],"class_list":{"0":"post-119588","1":"product","2":"type-product","3":"status-publish","4":"has-post-thumbnail","6":"product_cat-kuchyne-top","8":"first","9":"onbackorder","10":"shipping-taxable","11":"purchasable","12":"product-type-simple"},"_links":{"self":[{"href":"https:\/\/nabytoklaguna.sk\/sk\/wp-json\/wp\/v2\/product\/119588","targetHints":{"allow":["GET"]}}],"collection":[{"href":"https:\/\/nabytoklaguna.sk\/sk\/wp-json\/wp\/v2\/product"}],"about":[{"href":"https:\/\/nabytoklaguna.sk\/sk\/wp-json\/wp\/v2\/types\/product"}],"replies":[{"embeddable":true,"href":"https:\/\/nabytoklaguna.sk\/sk\/wp-json\/wp\/v2\/comments?post=119588"}],"wp:featuredmedia":[{"embeddable":true,"href":"https:\/\/nabytoklaguna.sk\/sk\/wp-json\/wp\/v2\/media\/4546"}],"wp:attachment":[{"href":"https:\/\/nabytoklaguna.sk\/sk\/wp-json\/wp\/v2\/media?parent=119588"}],"wp:term":[{"taxonomy":"product_brand","embeddable":true,"href":"https:\/\/nabytoklaguna.sk\/sk\/wp-json\/wp\/v2\/product_brand?post=119588"},{"taxonomy":"product_cat","embeddable":true,"href":"https:\/\/nabytoklaguna.sk\/sk\/wp-json\/wp\/v2\/product_cat?post=119588"},{"taxonomy":"product_tag","embeddable":true,"href":"https:\/\/nabytoklaguna.sk\/sk\/wp-json\/wp\/v2\/product_tag?post=119588"}],"curies":[{"name":"wp","href":"https:\/\/api.w.org\/{rel}","templated":true}]}}