{"id":119594,"date":"2023-04-22T18:40:00","date_gmt":"2023-04-22T18:40:00","guid":{"rendered":"https:\/\/nabytoklaguna.sk\/sk\/?post_type=product&#038;p=119594"},"modified":"2025-05-26T13:56:59","modified_gmt":"2025-05-26T11:56:59","slug":"tempo-kondela-sintia","status":"publish","type":"product","link":"https:\/\/nabytoklaguna.sk\/sk\/produkt\/tempo-kondela-sintia\/","title":{"rendered":"K SINTIA"},"content":{"rendered":"<p>Jed\u00e1lensk\u00e1 \u0161t\u00fdlov\u00e1 stoli\u010dka SINTIA dod\u00e1 V\u00e1\u0161mu domovu ten spr\u00e1vny <em>look. <\/em>Vyroben\u00e1 je z kvalitn\u00e9ho plastu a kon\u0161trukcia je z kovu z povrchovou \u00fapravou v preveden\u00ed pr\u00edrodn\u00e9 drevo. Biela je univerz\u00e1lna a tak ide\u00e1lne zapadne do ka\u017ed\u00e9ho interi\u00e9ru<\/p>\n<p>VLASTNOSTI<\/p>\n<div class=\"text\">\n<ul>\n<li><b>Materi\u00e1l:<\/b>\u00a0plast\/kov<\/li>\n<li><b>Farba:<\/b>\u00a0biela\/pr\u00edrodn\u00e1<\/li>\n<li><b>Rozmery (\u0160xHxV):<\/b>\u00a046x53x84,5 cm<\/li>\n<li><b>V\u00fd\u0161ka sedu :<\/b>\u00a046 cm<\/li>\n<li><b>H\u013abka sedu :<\/b>\u00a041 cm<\/li>\n<li>Tvarovan\u00e9 plastov\u00e9 sedadlo<\/li>\n<li><b>Nosnos\u0165:<\/b>\u00a0120 kg<\/li>\n<li>Dod\u00e1van\u00e9 v demonte<\/li>\n<\/ul>\n<\/div>\n","protected":false},"excerpt":{"rendered":"<p>Jed\u00e1lensk\u00e1 \u0161t\u00fdlov\u00e1 stoli\u010dka SINTIA dod\u00e1 V\u00e1\u0161mu domovu ten spr\u00e1vny look. Vyroben\u00e1 je z kvalitn\u00e9ho plastu a kon\u0161trukcia je z kovu z povrchovou \u00fapravou v preveden\u00ed pr\u00edrodn\u00e9 drevo. Biela je univerz\u00e1lna a tak ide\u00e1lne zapadne do ka\u017ed\u00e9ho interi\u00e9ru VLASTNOSTI Materi\u00e1l:\u00a0plast\/kov Farba:\u00a0biela\/pr\u00edrodn\u00e1 Rozmery (\u0160xHxV):\u00a046x53x84,5 cm V\u00fd\u0161ka sedu :\u00a046 cm H\u013abka sedu :\u00a041 cm Tvarovan\u00e9 plastov\u00e9 sedadlo Nosnos\u0165:\u00a0120&#8230;<\/p>\n","protected":false},"featured_media":92638,"comment_status":"closed","ping_status":"closed","template":"","meta":{"_seopress_robots_primary_cat":"none","_seopress_titles_title":"","_seopress_titles_desc":"","_seopress_robots_index":""},"product_brand":[],"product_cat":[237],"product_tag":[],"class_list":{"0":"post-119594","1":"product","2":"type-product","3":"status-publish","4":"has-post-thumbnail","6":"product_cat-stolicky","8":"first","9":"onbackorder","10":"shipping-taxable","11":"purchasable","12":"product-type-simple"},"_links":{"self":[{"href":"https:\/\/nabytoklaguna.sk\/sk\/wp-json\/wp\/v2\/product\/119594","targetHints":{"allow":["GET"]}}],"collection":[{"href":"https:\/\/nabytoklaguna.sk\/sk\/wp-json\/wp\/v2\/product"}],"about":[{"href":"https:\/\/nabytoklaguna.sk\/sk\/wp-json\/wp\/v2\/types\/product"}],"replies":[{"embeddable":true,"href":"https:\/\/nabytoklaguna.sk\/sk\/wp-json\/wp\/v2\/comments?post=119594"}],"wp:featuredmedia":[{"embeddable":true,"href":"https:\/\/nabytoklaguna.sk\/sk\/wp-json\/wp\/v2\/media\/92638"}],"wp:attachment":[{"href":"https:\/\/nabytoklaguna.sk\/sk\/wp-json\/wp\/v2\/media?parent=119594"}],"wp:term":[{"taxonomy":"product_brand","embeddable":true,"href":"https:\/\/nabytoklaguna.sk\/sk\/wp-json\/wp\/v2\/product_brand?post=119594"},{"taxonomy":"product_cat","embeddable":true,"href":"https:\/\/nabytoklaguna.sk\/sk\/wp-json\/wp\/v2\/product_cat?post=119594"},{"taxonomy":"product_tag","embeddable":true,"href":"https:\/\/nabytoklaguna.sk\/sk\/wp-json\/wp\/v2\/product_tag?post=119594"}],"curies":[{"name":"wp","href":"https:\/\/api.w.org\/{rel}","templated":true}]}}