{"id":119598,"date":"2023-04-22T18:40:00","date_gmt":"2023-04-22T18:40:00","guid":{"rendered":"https:\/\/nabytoklaguna.sk\/sk\/?post_type=product&#038;p=119598"},"modified":"2025-09-30T11:39:16","modified_gmt":"2025-09-30T09:39:16","slug":"k-saleva","status":"publish","type":"product","link":"https:\/\/nabytoklaguna.sk\/sk\/produkt\/k-saleva\/","title":{"rendered":"K SALEVA"},"content":{"rendered":"<p>Modern\u00e1 a dizajnov\u00e1 stoli\u010dka <strong>SALEVA <\/strong>sa dokonale hod\u00ed do ka\u017edej modernej dom\u00e1cnosti. \u010cal\u00fanen\u00e1 je ekoko\u017eou v preveden\u00ed patchwork. Nohy s\u00fa vyroben\u00e9 z mas\u00edvn\u00e9ho dreva v bukovom preveden\u00ed, ktor\u00e9 zaru\u010duj\u00fa stabilitu stoli\u010dky. Vhodn\u00e1 do kuchyne \u010di jed\u00e1lne<\/p>\n<p><strong>VLASTNOSTI<\/strong><\/p>\n<div class=\"text\">\n<ul>\n<li><b>Materi\u00e1l sedadlo:\u00a0<\/b>plast\/ekoko\u017ea<\/li>\n<li><b>Farba:\u00a0<\/b>patchwork<\/li>\n<li><b>Materi\u00e1l nohy:\u00a0<\/b>drevo<\/li>\n<li><b>Farba:\u00a0<\/b>buk<\/li>\n<li><b>Rozmery (\u0160xHxV):\u00a0<\/b>46,5x52x82 cm<\/li>\n<li><b>V\u00fd\u0161ka sedu:\u00a0<\/b>45 cm<\/li>\n<li><b>H\u013abka sedu:\u00a0<\/b>42 cm<\/li>\n<li>Modern\u00fd dizajn<\/li>\n<li>Dod\u00e1van\u00e9 v demonte<\/li>\n<\/ul>\n<\/div>\n","protected":false},"excerpt":{"rendered":"<p>Modern\u00e1 a dizajnov\u00e1 stoli\u010dka SALEVA sa dokonale hod\u00ed do ka\u017edej modernej dom\u00e1cnosti. \u010cal\u00fanen\u00e1 je ekoko\u017eou v preveden\u00ed patchwork. Nohy s\u00fa vyroben\u00e9 z mas\u00edvn\u00e9ho dreva v bukovom preveden\u00ed, ktor\u00e9 zaru\u010duj\u00fa stabilitu stoli\u010dky. Vhodn\u00e1 do kuchyne \u010di jed\u00e1lne VLASTNOSTI Materi\u00e1l sedadlo:\u00a0plast\/ekoko\u017ea Farba:\u00a0patchwork Materi\u00e1l nohy:\u00a0drevo Farba:\u00a0buk Rozmery (\u0160xHxV):\u00a046,5x52x82 cm V\u00fd\u0161ka sedu:\u00a045 cm H\u013abka sedu:\u00a042 cm Modern\u00fd dizajn Dod\u00e1van\u00e9&#8230;<\/p>\n","protected":false},"featured_media":92041,"comment_status":"closed","ping_status":"closed","template":"","meta":{"_seopress_robots_primary_cat":"237","_seopress_titles_title":"","_seopress_titles_desc":"","_seopress_robots_index":""},"product_brand":[],"product_cat":[238,237],"product_tag":[],"class_list":{"0":"post-119598","1":"product","2":"type-product","3":"status-publish","4":"has-post-thumbnail","6":"product_cat-drevene-stolicky","7":"product_cat-stolicky","9":"first","10":"onbackorder","11":"shipping-taxable","12":"purchasable","13":"product-type-simple"},"_links":{"self":[{"href":"https:\/\/nabytoklaguna.sk\/sk\/wp-json\/wp\/v2\/product\/119598","targetHints":{"allow":["GET"]}}],"collection":[{"href":"https:\/\/nabytoklaguna.sk\/sk\/wp-json\/wp\/v2\/product"}],"about":[{"href":"https:\/\/nabytoklaguna.sk\/sk\/wp-json\/wp\/v2\/types\/product"}],"replies":[{"embeddable":true,"href":"https:\/\/nabytoklaguna.sk\/sk\/wp-json\/wp\/v2\/comments?post=119598"}],"wp:featuredmedia":[{"embeddable":true,"href":"https:\/\/nabytoklaguna.sk\/sk\/wp-json\/wp\/v2\/media\/92041"}],"wp:attachment":[{"href":"https:\/\/nabytoklaguna.sk\/sk\/wp-json\/wp\/v2\/media?parent=119598"}],"wp:term":[{"taxonomy":"product_brand","embeddable":true,"href":"https:\/\/nabytoklaguna.sk\/sk\/wp-json\/wp\/v2\/product_brand?post=119598"},{"taxonomy":"product_cat","embeddable":true,"href":"https:\/\/nabytoklaguna.sk\/sk\/wp-json\/wp\/v2\/product_cat?post=119598"},{"taxonomy":"product_tag","embeddable":true,"href":"https:\/\/nabytoklaguna.sk\/sk\/wp-json\/wp\/v2\/product_tag?post=119598"}],"curies":[{"name":"wp","href":"https:\/\/api.w.org\/{rel}","templated":true}]}}