{"id":119607,"date":"2023-04-22T20:12:00","date_gmt":"2023-04-22T20:12:00","guid":{"rendered":"https:\/\/nabytoklaguna.sk\/sk\/?post_type=product&#038;p=119607"},"modified":"2025-03-27T11:41:18","modified_gmt":"2025-03-27T10:41:18","slug":"system-antica-2","status":"publish","type":"product","link":"https:\/\/nabytoklaguna.sk\/sk\/produkt\/system-antica-2\/","title":{"rendered":"System ANTICA"},"content":{"rendered":"<p>Syst\u00e9m ANTICA sa vyzna\u010duje svojou dokonalos\u0165ou a prec\u00edzn\u00fdm spracovan\u00edm. Z jednotliv\u00fdch komponentov si m\u00f4\u017ete vysklada\u0165 sp\u00e1l\u0148ov\u00fa zostavu ale taktie\u017e si zariadite ob\u00fdvaciu izbu. Syst\u00e9m ANTICA je vyroben\u00fd z kvalitn\u00fdch materi\u00e1lov: kombin\u00e1cia mas\u00edv\/lamino\/kov. Z\u00e1suvky maj\u00fa plnov\u00fdsuv. Kovov\u00e9 \u00fachytky na n\u00e1bytku dod\u00e1vaj\u00fa ten spr\u00e1vny \u0161mrnc. Led osvetlenie nieje v cene, je mo\u017en\u00e9 si ho dok\u00fapi\u0165<\/p>\n<p>Syst\u00e9m Antica sa vyr\u00e1ba v dvoch farebn\u00fdch prevedeniach: craft zlat\u00fd, jase\u0148 jasn\u00fd(pros\u00edm uvies\u0165 do pozn\u00e1mky farebn\u00e9 prevedenie)<\/p>\n<p>Rozmery jednotliv\u00fdch komponentov:(\u0160xHxV)<\/p>\n<p><strong>Skri\u0148a A146<\/strong> &#8211; 146x68x220cm<br \/>\n<strong>Komoda A1<\/strong> &#8211; 142x42x95,5 cm<br \/>\n<strong>Zrkadlo A8<\/strong> &#8211; 126x77cm<br \/>\n<strong>No\u010dn\u00fd stol\u00edk A7<\/strong> &#8211; 38,5x37x50cm,2ks<br \/>\n<strong>Poste\u013e A5<\/strong> &#8211; 205x176x102. plocha na spanie, Poste\u013e je dod\u00e1van\u00e1 s ro\u0161tom, bez \u00falo\u017en\u00e9ho priestoru a bez matraca<br \/>\n<strong>Z\u00e1suvka pod poste\u013e\u00a0 A6<\/strong> 1ks &#8211; 150x48x19,5cm,2ks<\/p>\n<p>&nbsp;<\/p>\n","protected":false},"excerpt":{"rendered":"<p>Syst\u00e9m ANTICA sa vyzna\u010duje svojou dokonalos\u0165ou a prec\u00edzn\u00fdm spracovan\u00edm. Z jednotliv\u00fdch komponentov si m\u00f4\u017ete vysklada\u0165 sp\u00e1l\u0148ov\u00fa zostavu ale taktie\u017e si zariadite ob\u00fdvaciu izbu. Syst\u00e9m ANTICA je vyroben\u00fd z kvalitn\u00fdch materi\u00e1lov: kombin\u00e1cia mas\u00edv\/lamino\/kov. Z\u00e1suvky maj\u00fa plnov\u00fdsuv. Kovov\u00e9 \u00fachytky na n\u00e1bytku dod\u00e1vaj\u00fa ten spr\u00e1vny \u0161mrnc. Led osvetlenie nieje v cene, je mo\u017en\u00e9 si ho dok\u00fapi\u0165 Syst\u00e9m Antica&#8230;<\/p>\n","protected":false},"featured_media":84261,"comment_status":"closed","ping_status":"closed","template":"","meta":{"_seopress_robots_primary_cat":"182","_seopress_titles_title":"","_seopress_titles_desc":"","_seopress_robots_index":""},"product_brand":[],"product_cat":[615,223],"product_tag":[],"class_list":{"0":"post-119607","1":"product","2":"type-product","3":"status-publish","4":"has-post-thumbnail","6":"product_cat-spalnove-komplety","7":"product_cat-spalne","9":"first","10":"onbackorder","11":"sale","12":"shipping-taxable","13":"purchasable","14":"product-type-simple"},"_links":{"self":[{"href":"https:\/\/nabytoklaguna.sk\/sk\/wp-json\/wp\/v2\/product\/119607","targetHints":{"allow":["GET"]}}],"collection":[{"href":"https:\/\/nabytoklaguna.sk\/sk\/wp-json\/wp\/v2\/product"}],"about":[{"href":"https:\/\/nabytoklaguna.sk\/sk\/wp-json\/wp\/v2\/types\/product"}],"replies":[{"embeddable":true,"href":"https:\/\/nabytoklaguna.sk\/sk\/wp-json\/wp\/v2\/comments?post=119607"}],"wp:featuredmedia":[{"embeddable":true,"href":"https:\/\/nabytoklaguna.sk\/sk\/wp-json\/wp\/v2\/media\/84261"}],"wp:attachment":[{"href":"https:\/\/nabytoklaguna.sk\/sk\/wp-json\/wp\/v2\/media?parent=119607"}],"wp:term":[{"taxonomy":"product_brand","embeddable":true,"href":"https:\/\/nabytoklaguna.sk\/sk\/wp-json\/wp\/v2\/product_brand?post=119607"},{"taxonomy":"product_cat","embeddable":true,"href":"https:\/\/nabytoklaguna.sk\/sk\/wp-json\/wp\/v2\/product_cat?post=119607"},{"taxonomy":"product_tag","embeddable":true,"href":"https:\/\/nabytoklaguna.sk\/sk\/wp-json\/wp\/v2\/product_tag?post=119607"}],"curies":[{"name":"wp","href":"https:\/\/api.w.org\/{rel}","templated":true}]}}