{"id":119609,"date":"2023-04-22T20:12:00","date_gmt":"2023-04-22T20:12:00","guid":{"rendered":"https:\/\/nabytoklaguna.sk\/sk\/?post_type=product&#038;p=119609"},"modified":"2025-03-27T11:00:08","modified_gmt":"2025-03-27T10:00:08","slug":"system-dallas","status":"publish","type":"product","link":"https:\/\/nabytoklaguna.sk\/sk\/produkt\/system-dallas\/","title":{"rendered":"Syst\u00e9m DALLAS"},"content":{"rendered":"<p>DALLAS je ve\u013emi origin\u00e1lna a elegantn\u00e1 sektorov\u00e1 zostava n\u00e1bytku, ktor\u00e1 je vhodn\u00e1 na zariadenie ob\u00fdvac\u00edch izieb, jed\u00e1lni \u010di \u0161tudentsk\u00fdch izieb. Tento luxusn\u00fd modern\u00fd n\u00e1bytok DALLAS\u00a0je vhodn\u00fd najm\u00e4 pre milovn\u00edkov nad\u010dasovej m\u00f3dy a n\u00e1padit\u00e9ho dizajnu.\u00a0Kolekcia\u00a0DALLAS m\u00e1 jednoduch\u00e9 tvary a \u010dist\u00e9 l\u00ednie, ktor\u00e9 dod\u00e1vaj\u00fa domovu harm\u00f3niu a \u00fatulnos\u0165. Boky s\u00fa zdoben\u00e9 MDF li\u0161tou, ABS hrany predl\u017euj\u00fa \u017eivotnos\u0165 n\u00e1bytku.\u00a0 T\u00e1to<strong>\u00a0<\/strong>kolekcia<strong>\u00a0\u00a0<\/strong>DALLAS\u00a0pon\u00faka naozaj \u0161irok\u00fd v\u00fdber pod\u013ea vlastnej predstavy \u010di potreby.\u00a0Zaria\u010fte si svoj domov p\u00f4vabne a c\u00ed\u0165te sa v \u0148om ako v rozpr\u00e1vke s n\u00e1bytkom DALLAS. LED osvetlenie nieje v cene , je mo\u017en\u00e9 si ho doobjenda\u0165<\/p>\n<p><strong>Materi\u00e1l:\u00a0\u00a0<\/strong>LTD 16 mm \/ li\u0161ty MDF 48 mm<\/p>\n<p><strong>Farebn\u00e9 prevedenie:<\/strong><\/p>\n<ul>\n<li>dub sonoma<\/li>\n<li>dub truflov\u00e1<\/li>\n<\/ul>\n<p><strong>Rozmery jednotliv\u00fdch komponentov(\u0160xHxV):<\/strong><\/p>\n<p>Vitr\u00edny DALLAS D17 &#8211; 97&#215;43,5&#215;192 cm, LED osvetlenie za cenu 59EUR<br \/>\nKomoda DALLAS D5 &#8211; 137&#215;43,5x91cm<br \/>\nSkri\u0148a DALLAS D20 &#8211; 97x58x192cm<\/p>\n","protected":false},"excerpt":{"rendered":"<p>DALLAS je ve\u013emi origin\u00e1lna a elegantn\u00e1 sektorov\u00e1 zostava n\u00e1bytku, ktor\u00e1 je vhodn\u00e1 na zariadenie ob\u00fdvac\u00edch izieb, jed\u00e1lni \u010di \u0161tudentsk\u00fdch izieb. Tento luxusn\u00fd modern\u00fd n\u00e1bytok DALLAS\u00a0je vhodn\u00fd najm\u00e4 pre milovn\u00edkov nad\u010dasovej m\u00f3dy a n\u00e1padit\u00e9ho dizajnu.\u00a0Kolekcia\u00a0DALLAS m\u00e1 jednoduch\u00e9 tvary a \u010dist\u00e9 l\u00ednie, ktor\u00e9 dod\u00e1vaj\u00fa domovu harm\u00f3niu a \u00fatulnos\u0165. Boky s\u00fa zdoben\u00e9 MDF li\u0161tou, ABS hrany predl\u017euj\u00fa \u017eivotnos\u0165&#8230;<\/p>\n","protected":false},"featured_media":84869,"comment_status":"closed","ping_status":"closed","template":"","meta":{"_seopress_robots_primary_cat":"182","_seopress_titles_title":"","_seopress_titles_desc":"","_seopress_robots_index":""},"product_brand":[],"product_cat":[182,251],"product_tag":[],"class_list":{"0":"post-119609","1":"product","2":"type-product","3":"status-publish","4":"has-post-thumbnail","6":"product_cat-obyvacie-steny","7":"product_cat-steny","9":"first","10":"onbackorder","11":"sale","12":"shipping-taxable","13":"purchasable","14":"product-type-simple"},"_links":{"self":[{"href":"https:\/\/nabytoklaguna.sk\/sk\/wp-json\/wp\/v2\/product\/119609","targetHints":{"allow":["GET"]}}],"collection":[{"href":"https:\/\/nabytoklaguna.sk\/sk\/wp-json\/wp\/v2\/product"}],"about":[{"href":"https:\/\/nabytoklaguna.sk\/sk\/wp-json\/wp\/v2\/types\/product"}],"replies":[{"embeddable":true,"href":"https:\/\/nabytoklaguna.sk\/sk\/wp-json\/wp\/v2\/comments?post=119609"}],"wp:featuredmedia":[{"embeddable":true,"href":"https:\/\/nabytoklaguna.sk\/sk\/wp-json\/wp\/v2\/media\/84869"}],"wp:attachment":[{"href":"https:\/\/nabytoklaguna.sk\/sk\/wp-json\/wp\/v2\/media?parent=119609"}],"wp:term":[{"taxonomy":"product_brand","embeddable":true,"href":"https:\/\/nabytoklaguna.sk\/sk\/wp-json\/wp\/v2\/product_brand?post=119609"},{"taxonomy":"product_cat","embeddable":true,"href":"https:\/\/nabytoklaguna.sk\/sk\/wp-json\/wp\/v2\/product_cat?post=119609"},{"taxonomy":"product_tag","embeddable":true,"href":"https:\/\/nabytoklaguna.sk\/sk\/wp-json\/wp\/v2\/product_tag?post=119609"}],"curies":[{"name":"wp","href":"https:\/\/api.w.org\/{rel}","templated":true}]}}