{"id":119617,"date":"2023-04-22T20:12:00","date_gmt":"2023-04-22T18:12:00","guid":{"rendered":"https:\/\/nabytoklaguna.sk\/sk\/?post_type=product&#038;p=119617"},"modified":"2023-11-06T16:37:51","modified_gmt":"2023-11-06T15:37:51","slug":"nilo-vii-d","status":"publish","type":"product","link":"https:\/\/nabytoklaguna.sk\/sk\/produkt\/nilo-vii-d\/","title":{"rendered":"NILO VII D"},"content":{"rendered":"<p>Stoli\u010dka z bukov\u00e9ho mas\u00edvu, sed\u00e1k z kvalitnej preglejky.\u00a0 Farba dreva je na v\u00fdber z ponuky: orech, venge, ga\u0161tan, sonoma, biela, \u010dierna<\/p>\n<p>Rozmery: \u0161xvxh: 43\u00d748\/94\u00d740 cm.<\/p>\n","protected":false},"excerpt":{"rendered":"<p>Stoli\u010dka z bukov\u00e9ho mas\u00edvu, sed\u00e1k z kvalitnej preglejky.\u00a0 Farba dreva je na v\u00fdber z ponuky: orech, venge, ga\u0161tan, sonoma, biela, \u010dierna Rozmery: \u0161xvxh: 43\u00d748\/94\u00d740 cm.<\/p>\n","protected":false},"featured_media":87147,"comment_status":"closed","ping_status":"closed","template":"","meta":{"_seopress_robots_primary_cat":"237","_seopress_titles_title":"                                    ","_seopress_titles_desc":"\r\n                                    ","_seopress_robots_index":""},"product_brand":[],"product_cat":[238,237],"product_tag":[],"class_list":{"0":"post-119617","1":"product","2":"type-product","3":"status-publish","4":"has-post-thumbnail","6":"product_cat-drevene-stolicky","7":"product_cat-stolicky","9":"first","10":"onbackorder","11":"shipping-taxable","12":"purchasable","13":"product-type-simple"},"_links":{"self":[{"href":"https:\/\/nabytoklaguna.sk\/sk\/wp-json\/wp\/v2\/product\/119617","targetHints":{"allow":["GET"]}}],"collection":[{"href":"https:\/\/nabytoklaguna.sk\/sk\/wp-json\/wp\/v2\/product"}],"about":[{"href":"https:\/\/nabytoklaguna.sk\/sk\/wp-json\/wp\/v2\/types\/product"}],"replies":[{"embeddable":true,"href":"https:\/\/nabytoklaguna.sk\/sk\/wp-json\/wp\/v2\/comments?post=119617"}],"wp:featuredmedia":[{"embeddable":true,"href":"https:\/\/nabytoklaguna.sk\/sk\/wp-json\/wp\/v2\/media\/87147"}],"wp:attachment":[{"href":"https:\/\/nabytoklaguna.sk\/sk\/wp-json\/wp\/v2\/media?parent=119617"}],"wp:term":[{"taxonomy":"product_brand","embeddable":true,"href":"https:\/\/nabytoklaguna.sk\/sk\/wp-json\/wp\/v2\/product_brand?post=119617"},{"taxonomy":"product_cat","embeddable":true,"href":"https:\/\/nabytoklaguna.sk\/sk\/wp-json\/wp\/v2\/product_cat?post=119617"},{"taxonomy":"product_tag","embeddable":true,"href":"https:\/\/nabytoklaguna.sk\/sk\/wp-json\/wp\/v2\/product_tag?post=119617"}],"curies":[{"name":"wp","href":"https:\/\/api.w.org\/{rel}","templated":true}]}}