{"id":119624,"date":"2023-04-22T20:12:00","date_gmt":"2023-04-22T20:12:00","guid":{"rendered":"https:\/\/nabytoklaguna.sk\/sk\/?post_type=product&#038;p=119624"},"modified":"2025-10-28T13:05:27","modified_gmt":"2025-10-28T12:05:27","slug":"k-rulis","status":"publish","type":"product","link":"https:\/\/nabytoklaguna.sk\/sk\/produkt\/k-rulis\/","title":{"rendered":"K RULIS"},"content":{"rendered":"<p>Kancel\u00e1rske kreslo s \u010dal\u00fanen\u00fdmi opierkami na ruky. V\u00fdhodou s\u00fa pogumovan\u00e9 kolieska, vhodn\u00e9 na pl\u00e1vaj\u00face \u010di dreven\u00e9 poslahy<\/p>\n<p>Prevedenie: ekoko\u017ea ru\u017eov\u00e1 +chr\u00f3mov\u00e1 podstava<\/p>\n<p>Vlastnosti<\/p>\n<ul>\n<li><b>Materi\u00e1l \u010dal\u00fanenie:<\/b>\u00a0ekoko\u017ea<\/li>\n<li><b>Farba:<\/b>\u00a0ru\u017eov\u00e1<\/li>\n<li><b>Materi\u00e1l kon\u0161trukcia:<\/b>\u00a0plast\/kov<\/li>\n<li><b>Farba:<\/b>\u00a0\u010dierna\/chr\u00f3m<\/li>\n<li><b>Rozmery (\u0160xHxV):<\/b>\u00a060x61x96-106 cm<\/li>\n<li><b>Nastavite\u013en\u00e1 v\u00fd\u0161ka sedu :<\/b>\u00a044-54 cm<\/li>\n<li><b>\u0160\u00edrka sedu :<\/b>\u00a048 cm<\/li>\n<li><b>H\u013abka sedu :<\/b>\u00a048 cm<\/li>\n<li><b>Opierka chrbta (\u0160xV):<\/b>\u00a047&#215;60 cm<\/li>\n<li><b>Maxim\u00e1lna nosnos\u0165 kresla:<\/b>\u00a0110 kg<\/li>\n<li>Hojdac\u00ed mechanizmus<\/li>\n<li>Dekorat\u00edvne \u0161itie<\/li>\n<\/ul>\n","protected":false},"excerpt":{"rendered":"<p>Kancel\u00e1rske kreslo s \u010dal\u00fanen\u00fdmi opierkami na ruky. V\u00fdhodou s\u00fa pogumovan\u00e9 kolieska, vhodn\u00e9 na pl\u00e1vaj\u00face \u010di dreven\u00e9 poslahy Prevedenie: ekoko\u017ea ru\u017eov\u00e1 +chr\u00f3mov\u00e1 podstava Vlastnosti Materi\u00e1l \u010dal\u00fanenie:\u00a0ekoko\u017ea Farba:\u00a0ru\u017eov\u00e1 Materi\u00e1l kon\u0161trukcia:\u00a0plast\/kov Farba:\u00a0\u010dierna\/chr\u00f3m Rozmery (\u0160xHxV):\u00a060x61x96-106 cm Nastavite\u013en\u00e1 v\u00fd\u0161ka sedu :\u00a044-54 cm \u0160\u00edrka sedu :\u00a048 cm H\u013abka sedu :\u00a048 cm Opierka chrbta (\u0160xV):\u00a047&#215;60 cm Maxim\u00e1lna nosnos\u0165 kresla:\u00a0110 kg Hojdac\u00ed mechanizmus&#8230;<\/p>\n","protected":false},"featured_media":88895,"comment_status":"closed","ping_status":"closed","template":"","meta":{"_seopress_robots_primary_cat":"237","_seopress_titles_title":"","_seopress_titles_desc":"","_seopress_robots_index":""},"product_brand":[],"product_cat":[242,237],"product_tag":[],"class_list":{"0":"post-119624","1":"product","2":"type-product","3":"status-publish","4":"has-post-thumbnail","6":"product_cat-kancelarske-stolicky","7":"product_cat-stolicky","9":"first","10":"onbackorder","11":"shipping-taxable","12":"purchasable","13":"product-type-simple"},"_links":{"self":[{"href":"https:\/\/nabytoklaguna.sk\/sk\/wp-json\/wp\/v2\/product\/119624","targetHints":{"allow":["GET"]}}],"collection":[{"href":"https:\/\/nabytoklaguna.sk\/sk\/wp-json\/wp\/v2\/product"}],"about":[{"href":"https:\/\/nabytoklaguna.sk\/sk\/wp-json\/wp\/v2\/types\/product"}],"replies":[{"embeddable":true,"href":"https:\/\/nabytoklaguna.sk\/sk\/wp-json\/wp\/v2\/comments?post=119624"}],"wp:featuredmedia":[{"embeddable":true,"href":"https:\/\/nabytoklaguna.sk\/sk\/wp-json\/wp\/v2\/media\/88895"}],"wp:attachment":[{"href":"https:\/\/nabytoklaguna.sk\/sk\/wp-json\/wp\/v2\/media?parent=119624"}],"wp:term":[{"taxonomy":"product_brand","embeddable":true,"href":"https:\/\/nabytoklaguna.sk\/sk\/wp-json\/wp\/v2\/product_brand?post=119624"},{"taxonomy":"product_cat","embeddable":true,"href":"https:\/\/nabytoklaguna.sk\/sk\/wp-json\/wp\/v2\/product_cat?post=119624"},{"taxonomy":"product_tag","embeddable":true,"href":"https:\/\/nabytoklaguna.sk\/sk\/wp-json\/wp\/v2\/product_tag?post=119624"}],"curies":[{"name":"wp","href":"https:\/\/api.w.org\/{rel}","templated":true}]}}