{"id":119630,"date":"2023-04-22T20:12:00","date_gmt":"2023-04-22T20:12:00","guid":{"rendered":"https:\/\/nabytoklaguna.sk\/sk\/?post_type=product&#038;p=119630"},"modified":"2025-10-15T14:28:46","modified_gmt":"2025-10-15T12:28:46","slug":"marketa-180-biela","status":"publish","type":"product","link":"https:\/\/nabytoklaguna.sk\/sk\/produkt\/marketa-180-biela\/","title":{"rendered":"MARK\u00c9TA 180 biela"},"content":{"rendered":"<p>Minimalistick\u00e1 kvalitn\u00e1 kuchynsk\u00e1 linka z laminovanej drevotriesky obsahuje :<\/p>\n<p>\u2013 doln\u00e9 skrinky<br \/>\nD 40 S1 skrinka s jednou z\u00e1suvkou a jedn\u00fdmi dverami \u016140 x v82 x h45 cm<br \/>\nDZ 80 skrinka dvojdverov\u00e1 pod drez bez police \u016180 x v82 x h45cm<\/p>\n<p>\u2013 horn\u00e9 skrinky<br \/>\nW 40 skrinka jednodverov\u00e1 s policou \u016140 x v58 x h29 cm<br \/>\nWW 80 skrinka dvojdverov\u00e1 sklen\u00e1 s policou \u016180 x v58 x h29 cm<br \/>\nWO 60 skrinka v\u00fdklopn\u00e1 nad digestor bez police \u016160 x v36 x h29 cm<\/p>\n<p>\u2013 pracovn\u00e1 doska PETRA BEIGE 40 cm<\/p>\n<p>\u2013 plastov\u00e9 \u00fachytky<\/p>\n<p>Mo\u017enos\u0165 doobjedna\u0165 univerz\u00e1lny celoplo\u0161n\u00fd drez v cene 89,- eur<\/p>\n<p>Farebn\u00e9 prevedenie : korpus biela, dvierka biela<\/p>\n<p>Dod\u00e1van\u00e9 v demonte<\/p>\n","protected":false},"excerpt":{"rendered":"<p>Minimalistick\u00e1 kvalitn\u00e1 kuchynsk\u00e1 linka z laminovanej drevotriesky obsahuje : \u2013 doln\u00e9 skrinky D 40 S1 skrinka s jednou z\u00e1suvkou a jedn\u00fdmi dverami \u016140 x v82 x h45 cm DZ 80 skrinka dvojdverov\u00e1 pod drez bez police \u016180 x v82 x h45cm \u2013 horn\u00e9 skrinky W 40 skrinka jednodverov\u00e1 s policou \u016140 x v58 x h29&#8230;<\/p>\n","protected":false},"featured_media":89719,"comment_status":"closed","ping_status":"closed","template":"","meta":{"_seopress_robots_primary_cat":"none","_seopress_titles_title":"","_seopress_titles_desc":"","_seopress_robots_index":""},"product_brand":[],"product_cat":[177,176],"product_tag":[],"class_list":{"0":"post-119630","1":"product","2":"type-product","3":"status-publish","4":"has-post-thumbnail","6":"product_cat-kuchyne-top","7":"product_cat-kuchyne","9":"first","10":"onbackorder","11":"shipping-taxable","12":"purchasable","13":"product-type-simple"},"_links":{"self":[{"href":"https:\/\/nabytoklaguna.sk\/sk\/wp-json\/wp\/v2\/product\/119630","targetHints":{"allow":["GET"]}}],"collection":[{"href":"https:\/\/nabytoklaguna.sk\/sk\/wp-json\/wp\/v2\/product"}],"about":[{"href":"https:\/\/nabytoklaguna.sk\/sk\/wp-json\/wp\/v2\/types\/product"}],"replies":[{"embeddable":true,"href":"https:\/\/nabytoklaguna.sk\/sk\/wp-json\/wp\/v2\/comments?post=119630"}],"wp:featuredmedia":[{"embeddable":true,"href":"https:\/\/nabytoklaguna.sk\/sk\/wp-json\/wp\/v2\/media\/89719"}],"wp:attachment":[{"href":"https:\/\/nabytoklaguna.sk\/sk\/wp-json\/wp\/v2\/media?parent=119630"}],"wp:term":[{"taxonomy":"product_brand","embeddable":true,"href":"https:\/\/nabytoklaguna.sk\/sk\/wp-json\/wp\/v2\/product_brand?post=119630"},{"taxonomy":"product_cat","embeddable":true,"href":"https:\/\/nabytoklaguna.sk\/sk\/wp-json\/wp\/v2\/product_cat?post=119630"},{"taxonomy":"product_tag","embeddable":true,"href":"https:\/\/nabytoklaguna.sk\/sk\/wp-json\/wp\/v2\/product_tag?post=119630"}],"curies":[{"name":"wp","href":"https:\/\/api.w.org\/{rel}","templated":true}]}}