{"id":119632,"date":"2023-04-22T20:12:00","date_gmt":"2023-04-22T20:12:00","guid":{"rendered":"https:\/\/nabytoklaguna.sk\/sk\/?post_type=product&#038;p=119632"},"modified":"2025-09-03T13:01:34","modified_gmt":"2025-09-03T11:01:34","slug":"k-topty-3k-botnik","status":"publish","type":"product","link":"https:\/\/nabytoklaguna.sk\/sk\/produkt\/k-topty-3k-botnik\/","title":{"rendered":"K TOPTY 3K botn\u00edk"},"content":{"rendered":"<p>Botn\u00edk TOPTY sa stane neoddelite\u013enou s\u00fa\u010das\u0165ou Va\u0161ej predsiene. Je vyroben\u00fd z kvalitnej laminovanej DTD, skr\u00e1\u0161len\u00fd chr\u00f3mov\u00fdmi \u00fachytkami. Na jemnosti prid\u00e1va farebn\u00e9 prevedenie biela. Ka\u017ed\u00fd kus n\u00e1bytku je o\u017eiven\u00fd vrchnou doskou vo farbe dub sonoma,<\/p>\n<p>Botn\u00edk 3K: 3-policov\u00fd v\u00fdklopn\u00fd botn\u00edk<\/p>\n<p>Vlastnosti<\/p>\n<div class=\"text\">\n<ul>\n<li><b>Materi\u00e1l:<\/b>\u00a0DTD laminovan\u00e1<\/li>\n<li><b>Farba:<\/b>\u00a0biela\/dub sonoma<\/li>\n<li><b>Rozmery (\u0160xHxV):<\/b>\u00a080x27x121 cm<\/li>\n<li>Hr\u00fabka materi\u00e1lu korpus: 16 mm<\/li>\n<li>Hr\u00fabka materi\u00e1lu hornej dosky: 32 mm<\/li>\n<li>Tri vykl\u00e1pacie \u0161upl\u00edky<\/li>\n<li>Dod\u00e1van\u00e9 v demonte<\/li>\n<\/ul>\n<\/div>\n","protected":false},"excerpt":{"rendered":"<p>Botn\u00edk TOPTY sa stane neoddelite\u013enou s\u00fa\u010das\u0165ou Va\u0161ej predsiene. Je vyroben\u00fd z kvalitnej laminovanej DTD, skr\u00e1\u0161len\u00fd chr\u00f3mov\u00fdmi \u00fachytkami. Na jemnosti prid\u00e1va farebn\u00e9 prevedenie biela. Ka\u017ed\u00fd kus n\u00e1bytku je o\u017eiven\u00fd vrchnou doskou vo farbe dub sonoma, Botn\u00edk 3K: 3-policov\u00fd v\u00fdklopn\u00fd botn\u00edk Vlastnosti Materi\u00e1l:\u00a0DTD laminovan\u00e1 Farba:\u00a0biela\/dub sonoma Rozmery (\u0160xHxV):\u00a080x27x121 cm Hr\u00fabka materi\u00e1lu korpus: 16 mm Hr\u00fabka materi\u00e1lu hornej&#8230;<\/p>\n","protected":false},"featured_media":94262,"comment_status":"closed","ping_status":"closed","template":"","meta":{"_seopress_robots_primary_cat":"none","_seopress_titles_title":"","_seopress_titles_desc":"","_seopress_robots_index":""},"product_brand":[],"product_cat":[252,257],"product_tag":[],"class_list":{"0":"post-119632","1":"product","2":"type-product","3":"status-publish","4":"has-post-thumbnail","6":"product_cat-botniky","7":"product_cat-predsiene","9":"first","10":"onbackorder","11":"shipping-taxable","12":"purchasable","13":"product-type-simple"},"_links":{"self":[{"href":"https:\/\/nabytoklaguna.sk\/sk\/wp-json\/wp\/v2\/product\/119632","targetHints":{"allow":["GET"]}}],"collection":[{"href":"https:\/\/nabytoklaguna.sk\/sk\/wp-json\/wp\/v2\/product"}],"about":[{"href":"https:\/\/nabytoklaguna.sk\/sk\/wp-json\/wp\/v2\/types\/product"}],"replies":[{"embeddable":true,"href":"https:\/\/nabytoklaguna.sk\/sk\/wp-json\/wp\/v2\/comments?post=119632"}],"wp:featuredmedia":[{"embeddable":true,"href":"https:\/\/nabytoklaguna.sk\/sk\/wp-json\/wp\/v2\/media\/94262"}],"wp:attachment":[{"href":"https:\/\/nabytoklaguna.sk\/sk\/wp-json\/wp\/v2\/media?parent=119632"}],"wp:term":[{"taxonomy":"product_brand","embeddable":true,"href":"https:\/\/nabytoklaguna.sk\/sk\/wp-json\/wp\/v2\/product_brand?post=119632"},{"taxonomy":"product_cat","embeddable":true,"href":"https:\/\/nabytoklaguna.sk\/sk\/wp-json\/wp\/v2\/product_cat?post=119632"},{"taxonomy":"product_tag","embeddable":true,"href":"https:\/\/nabytoklaguna.sk\/sk\/wp-json\/wp\/v2\/product_tag?post=119632"}],"curies":[{"name":"wp","href":"https:\/\/api.w.org\/{rel}","templated":true}]}}