{"id":119634,"date":"2023-04-22T20:12:00","date_gmt":"2023-04-22T20:12:00","guid":{"rendered":"https:\/\/nabytoklaguna.sk\/sk\/?post_type=product&#038;p=119634"},"modified":"2023-12-11T16:36:46","modified_gmt":"2023-12-11T15:36:46","slug":"tempo-kondela-topty-vesiak","status":"publish","type":"product","link":"https:\/\/nabytoklaguna.sk\/sk\/produkt\/tempo-kondela-topty-vesiak\/","title":{"rendered":"TK TOPTY ve\u0161iak"},"content":{"rendered":"<p>Predsie\u0148 je miesto, ktor\u00e9 vid\u00edte hne\u010f pri pr\u00edchode do dom\u00e1cnosti. Zaria\u010fte si ju kr\u00e1snym sektorom TOPTY, ktor\u00fd V\u00e1m poskytuje ve\u0161iak a botn\u00edky(n\u00e1jde v na\u0161ej ponuke). Ve\u0161iak je vyroben\u00fd z kvalitnej laminovanej DTD v bielom preveden\u00e1.<\/p>\n<p>&nbsp;<\/p>\n<div class=\"text\">\n<ul>\n<li><b>Materi\u00e1l:<\/b>\u00a0DTD laminovan\u00e1<\/li>\n<li><b>Farba:<\/b>\u00a0biela\/dub sonoma<\/li>\n<li><b>Rozmery komody (\u0160xHxV):<\/b>80x23x100 cm<\/li>\n<li>Hr\u00fabka materi\u00e1lu korpus: 16 mm<\/li>\n<li><b>\u0160tyri ve\u0161iaky<\/b><\/li>\n<li><b>Polica<\/b><\/li>\n<li>Dod\u00e1van\u00e9 v demonte<\/li>\n<\/ul>\n<\/div>\n","protected":false},"excerpt":{"rendered":"<p>Predsie\u0148 je miesto, ktor\u00e9 vid\u00edte hne\u010f pri pr\u00edchode do dom\u00e1cnosti. Zaria\u010fte si ju kr\u00e1snym sektorom TOPTY, ktor\u00fd V\u00e1m poskytuje ve\u0161iak a botn\u00edky(n\u00e1jde v na\u0161ej ponuke). Ve\u0161iak je vyroben\u00fd z kvalitnej laminovanej DTD v bielom preveden\u00e1. &nbsp; Materi\u00e1l:\u00a0DTD laminovan\u00e1 Farba:\u00a0biela\/dub sonoma Rozmery komody (\u0160xHxV):80x23x100 cm Hr\u00fabka materi\u00e1lu korpus: 16 mm \u0160tyri ve\u0161iaky Polica Dod\u00e1van\u00e9 v demonte<\/p>\n","protected":false},"featured_media":94271,"comment_status":"closed","ping_status":"closed","template":"","meta":{"_seopress_robots_primary_cat":"none","_seopress_titles_title":"","_seopress_titles_desc":"","_seopress_robots_index":""},"product_brand":[],"product_cat":[1264,257],"product_tag":[],"class_list":{"0":"post-119634","1":"product","2":"type-product","3":"status-publish","4":"has-post-thumbnail","6":"product_cat-vesiaky","7":"product_cat-predsiene","9":"first","10":"onbackorder","11":"shipping-taxable","12":"purchasable","13":"product-type-simple"},"_links":{"self":[{"href":"https:\/\/nabytoklaguna.sk\/sk\/wp-json\/wp\/v2\/product\/119634","targetHints":{"allow":["GET"]}}],"collection":[{"href":"https:\/\/nabytoklaguna.sk\/sk\/wp-json\/wp\/v2\/product"}],"about":[{"href":"https:\/\/nabytoklaguna.sk\/sk\/wp-json\/wp\/v2\/types\/product"}],"replies":[{"embeddable":true,"href":"https:\/\/nabytoklaguna.sk\/sk\/wp-json\/wp\/v2\/comments?post=119634"}],"wp:featuredmedia":[{"embeddable":true,"href":"https:\/\/nabytoklaguna.sk\/sk\/wp-json\/wp\/v2\/media\/94271"}],"wp:attachment":[{"href":"https:\/\/nabytoklaguna.sk\/sk\/wp-json\/wp\/v2\/media?parent=119634"}],"wp:term":[{"taxonomy":"product_brand","embeddable":true,"href":"https:\/\/nabytoklaguna.sk\/sk\/wp-json\/wp\/v2\/product_brand?post=119634"},{"taxonomy":"product_cat","embeddable":true,"href":"https:\/\/nabytoklaguna.sk\/sk\/wp-json\/wp\/v2\/product_cat?post=119634"},{"taxonomy":"product_tag","embeddable":true,"href":"https:\/\/nabytoklaguna.sk\/sk\/wp-json\/wp\/v2\/product_tag?post=119634"}],"curies":[{"name":"wp","href":"https:\/\/api.w.org\/{rel}","templated":true}]}}