{"id":119635,"date":"2023-04-22T20:12:00","date_gmt":"2023-04-22T20:12:00","guid":{"rendered":"https:\/\/nabytoklaguna.sk\/sk\/?post_type=product&#038;p=119635"},"modified":"2025-09-02T16:51:05","modified_gmt":"2025-09-02T14:51:05","slug":"k-lyros","status":"publish","type":"product","link":"https:\/\/nabytoklaguna.sk\/sk\/produkt\/k-lyros\/","title":{"rendered":"K LYROS"},"content":{"rendered":"<p>Modern\u00e1 lavica LYROS p\u00f4sob\u00ed naozaj ve\u013emi \u0161t\u00fdlovo. Ob\u013e\u00faben\u00e1 bude nielen Vami ale aj Va\u0161imi zn\u00e1mymi. Vyroben\u00e1\u00a0 je z kvalitn\u00e9ho kovu v bielom preveden\u00ed a \u010dal\u00fanen\u00e1 je ekoko\u017eou v kr\u00e1sne \u010diernej farbe. Ulo\u017ete si do\u0148 top\u00e1nky a pr\u00edjemne sa usa\u010fte<\/p>\n<p>Vlastnosti<\/p>\n<div class=\"text\">\n<ul>\n<li><b>Materi\u00e1l:<\/b>\u00a0ekoko\u017ea\/kov<\/li>\n<li>Oderuodolnos\u0165 ekoko\u017ee pod\u013ea testu Martindale: 100 000 oderov<\/li>\n<li><b>Farba:<\/b>\u00a0\u010dierna\/biela<\/li>\n<li><b>Rozmery (\u0160xHxV):<\/b>\u00a070x35x45 cm<\/li>\n<li><b>V\u00fd\u0161ka sedu:<\/b>\u00a045 cm<\/li>\n<li>\u010cal\u00fanen\u00e1 sedacia \u010das\u0165<\/li>\n<li>Dve kovov\u00e9 police<\/li>\n<li>Dod\u00e1van\u00e9 v demonte<\/li>\n<\/ul>\n<\/div>\n","protected":false},"excerpt":{"rendered":"<p>Modern\u00e1 lavica LYROS p\u00f4sob\u00ed naozaj ve\u013emi \u0161t\u00fdlovo. Ob\u013e\u00faben\u00e1 bude nielen Vami ale aj Va\u0161imi zn\u00e1mymi. Vyroben\u00e1\u00a0 je z kvalitn\u00e9ho kovu v bielom preveden\u00ed a \u010dal\u00fanen\u00e1 je ekoko\u017eou v kr\u00e1sne \u010diernej farbe. Ulo\u017ete si do\u0148 top\u00e1nky a pr\u00edjemne sa usa\u010fte Vlastnosti Materi\u00e1l:\u00a0ekoko\u017ea\/kov Oderuodolnos\u0165 ekoko\u017ee pod\u013ea testu Martindale: 100 000 oderov Farba:\u00a0\u010dierna\/biela Rozmery (\u0160xHxV):\u00a070x35x45 cm V\u00fd\u0161ka sedu:\u00a045&#8230;<\/p>\n","protected":false},"featured_media":94338,"comment_status":"closed","ping_status":"closed","template":"","meta":{"_seopress_robots_primary_cat":"none","_seopress_titles_title":"","_seopress_titles_desc":"","_seopress_robots_index":""},"product_brand":[],"product_cat":[252,257],"product_tag":[],"class_list":{"0":"post-119635","1":"product","2":"type-product","3":"status-publish","4":"has-post-thumbnail","6":"product_cat-botniky","7":"product_cat-predsiene","9":"first","10":"onbackorder","11":"shipping-taxable","12":"purchasable","13":"product-type-simple"},"_links":{"self":[{"href":"https:\/\/nabytoklaguna.sk\/sk\/wp-json\/wp\/v2\/product\/119635","targetHints":{"allow":["GET"]}}],"collection":[{"href":"https:\/\/nabytoklaguna.sk\/sk\/wp-json\/wp\/v2\/product"}],"about":[{"href":"https:\/\/nabytoklaguna.sk\/sk\/wp-json\/wp\/v2\/types\/product"}],"replies":[{"embeddable":true,"href":"https:\/\/nabytoklaguna.sk\/sk\/wp-json\/wp\/v2\/comments?post=119635"}],"wp:featuredmedia":[{"embeddable":true,"href":"https:\/\/nabytoklaguna.sk\/sk\/wp-json\/wp\/v2\/media\/94338"}],"wp:attachment":[{"href":"https:\/\/nabytoklaguna.sk\/sk\/wp-json\/wp\/v2\/media?parent=119635"}],"wp:term":[{"taxonomy":"product_brand","embeddable":true,"href":"https:\/\/nabytoklaguna.sk\/sk\/wp-json\/wp\/v2\/product_brand?post=119635"},{"taxonomy":"product_cat","embeddable":true,"href":"https:\/\/nabytoklaguna.sk\/sk\/wp-json\/wp\/v2\/product_cat?post=119635"},{"taxonomy":"product_tag","embeddable":true,"href":"https:\/\/nabytoklaguna.sk\/sk\/wp-json\/wp\/v2\/product_tag?post=119635"}],"curies":[{"name":"wp","href":"https:\/\/api.w.org\/{rel}","templated":true}]}}