{"id":119636,"date":"2023-04-22T20:12:00","date_gmt":"2023-04-22T20:12:00","guid":{"rendered":"https:\/\/nabytoklaguna.sk\/sk\/?post_type=product&#038;p=119636"},"modified":"2025-09-02T16:48:44","modified_gmt":"2025-09-02T14:48:44","slug":"k-nils","status":"publish","type":"product","link":"https:\/\/nabytoklaguna.sk\/sk\/produkt\/k-nils\/","title":{"rendered":"K NILS"},"content":{"rendered":"<p>Univerz\u00e1lny 3-r\u00e1dov\u00fd botn\u00edk si ur\u010dite n\u00e1jde miesto vo Va\u0161ej predsieni<\/p>\n<p>Vlastnosti<\/p>\n<ul>\n<li><b>Materi\u00e1l:<\/b>\u00a0nehrdzavej\u00faca oce\u013e<\/li>\n<li><b>Rozmery (\u0160xHxV):<\/b>\u00a064x24x50 cm<\/li>\n<li>Tri police<\/li>\n<li>Dod\u00e1van\u00e9 v demonte<\/li>\n<\/ul>\n","protected":false},"excerpt":{"rendered":"<p>Univerz\u00e1lny 3-r\u00e1dov\u00fd botn\u00edk si ur\u010dite n\u00e1jde miesto vo Va\u0161ej predsieni Vlastnosti Materi\u00e1l:\u00a0nehrdzavej\u00faca oce\u013e Rozmery (\u0160xHxV):\u00a064x24x50 cm Tri police Dod\u00e1van\u00e9 v demonte<\/p>\n","protected":false},"featured_media":94342,"comment_status":"closed","ping_status":"closed","template":"","meta":{"_seopress_robots_primary_cat":"none","_seopress_titles_title":"","_seopress_titles_desc":"","_seopress_robots_index":""},"product_brand":[],"product_cat":[252,257],"product_tag":[],"class_list":{"0":"post-119636","1":"product","2":"type-product","3":"status-publish","4":"has-post-thumbnail","6":"product_cat-botniky","7":"product_cat-predsiene","9":"first","10":"onbackorder","11":"shipping-taxable","12":"purchasable","13":"product-type-simple"},"_links":{"self":[{"href":"https:\/\/nabytoklaguna.sk\/sk\/wp-json\/wp\/v2\/product\/119636","targetHints":{"allow":["GET"]}}],"collection":[{"href":"https:\/\/nabytoklaguna.sk\/sk\/wp-json\/wp\/v2\/product"}],"about":[{"href":"https:\/\/nabytoklaguna.sk\/sk\/wp-json\/wp\/v2\/types\/product"}],"replies":[{"embeddable":true,"href":"https:\/\/nabytoklaguna.sk\/sk\/wp-json\/wp\/v2\/comments?post=119636"}],"wp:featuredmedia":[{"embeddable":true,"href":"https:\/\/nabytoklaguna.sk\/sk\/wp-json\/wp\/v2\/media\/94342"}],"wp:attachment":[{"href":"https:\/\/nabytoklaguna.sk\/sk\/wp-json\/wp\/v2\/media?parent=119636"}],"wp:term":[{"taxonomy":"product_brand","embeddable":true,"href":"https:\/\/nabytoklaguna.sk\/sk\/wp-json\/wp\/v2\/product_brand?post=119636"},{"taxonomy":"product_cat","embeddable":true,"href":"https:\/\/nabytoklaguna.sk\/sk\/wp-json\/wp\/v2\/product_cat?post=119636"},{"taxonomy":"product_tag","embeddable":true,"href":"https:\/\/nabytoklaguna.sk\/sk\/wp-json\/wp\/v2\/product_tag?post=119636"}],"curies":[{"name":"wp","href":"https:\/\/api.w.org\/{rel}","templated":true}]}}