{"id":119637,"date":"2023-04-22T20:12:00","date_gmt":"2023-04-22T20:12:00","guid":{"rendered":"https:\/\/nabytoklaguna.sk\/sk\/?post_type=product&#038;p=119637"},"modified":"2025-09-02T16:47:08","modified_gmt":"2025-09-02T14:47:08","slug":"k-fatma-new","status":"publish","type":"product","link":"https:\/\/nabytoklaguna.sk\/sk\/produkt\/k-fatma-new\/","title":{"rendered":"K FATMA NEW"},"content":{"rendered":"<p>Dvojradov\u00fd botn\u00edk\u00a0FATMA NEW\u00a0 V\u00e1m poskytne \u00falo\u017en\u00fd priestor pre Va\u0161e top\u00e1nky . Dve odkladacie plochy\u00a0pojmu a\u017e \u0161es\u0165 p\u00e1rov top\u00e1nok. V\u010faka \u013eahko ovl\u00e1date\u013en\u00e9mu a funk\u010dn\u00e9mu\u00a0vykl\u00e1paciemu mechanizmu\u00a0je h\u013abka botn\u00edka v ide\u00e1lnom rozmere, botn\u00edk tak nezavadzia v priestore a viete ho \u0161ikovne umiestni\u0165 aj v men\u0161ej predsieni.\u00a0Biela\u00a0je ide\u00e1lna pre kombin\u00e1ciu s ostatn\u00fdmi farbami.<\/p>\n<p>VLASTNOSTI<\/p>\n<ul>\n<li><b>Materi\u00e1l:<\/b>\u00a0DTD<\/li>\n<li><b>Farba:<\/b>\u00a0biela<\/li>\n<li><b>Rozmery (\u0160xHxV):<\/b>\u00a060x24x45 cm<\/li>\n<li>Hr\u00fabka materi\u00e1lu: 15 mm<\/li>\n<li>S \u00falo\u017en\u00fdm priestorom<\/li>\n<li>Dod\u00e1van\u00e9 v demonte<\/li>\n<\/ul>\n","protected":false},"excerpt":{"rendered":"<p>Dvojradov\u00fd botn\u00edk\u00a0FATMA NEW\u00a0 V\u00e1m poskytne \u00falo\u017en\u00fd priestor pre Va\u0161e top\u00e1nky . Dve odkladacie plochy\u00a0pojmu a\u017e \u0161es\u0165 p\u00e1rov top\u00e1nok. V\u010faka \u013eahko ovl\u00e1date\u013en\u00e9mu a funk\u010dn\u00e9mu\u00a0vykl\u00e1paciemu mechanizmu\u00a0je h\u013abka botn\u00edka v ide\u00e1lnom rozmere, botn\u00edk tak nezavadzia v priestore a viete ho \u0161ikovne umiestni\u0165 aj v men\u0161ej predsieni.\u00a0Biela\u00a0je ide\u00e1lna pre kombin\u00e1ciu s ostatn\u00fdmi farbami. VLASTNOSTI Materi\u00e1l:\u00a0DTD Farba:\u00a0biela Rozmery (\u0160xHxV):\u00a060x24x45 cm&#8230;<\/p>\n","protected":false},"featured_media":94346,"comment_status":"closed","ping_status":"closed","template":"","meta":{"_seopress_robots_primary_cat":"none","_seopress_titles_title":"","_seopress_titles_desc":"","_seopress_robots_index":""},"product_brand":[],"product_cat":[2139,252,257],"product_tag":[],"class_list":{"0":"post-119637","1":"product","2":"type-product","3":"status-publish","4":"has-post-thumbnail","6":"product_cat-predsiene-predsiene","7":"product_cat-botniky","8":"product_cat-predsiene","10":"first","11":"onbackorder","12":"shipping-taxable","13":"purchasable","14":"product-type-simple"},"_links":{"self":[{"href":"https:\/\/nabytoklaguna.sk\/sk\/wp-json\/wp\/v2\/product\/119637","targetHints":{"allow":["GET"]}}],"collection":[{"href":"https:\/\/nabytoklaguna.sk\/sk\/wp-json\/wp\/v2\/product"}],"about":[{"href":"https:\/\/nabytoklaguna.sk\/sk\/wp-json\/wp\/v2\/types\/product"}],"replies":[{"embeddable":true,"href":"https:\/\/nabytoklaguna.sk\/sk\/wp-json\/wp\/v2\/comments?post=119637"}],"wp:featuredmedia":[{"embeddable":true,"href":"https:\/\/nabytoklaguna.sk\/sk\/wp-json\/wp\/v2\/media\/94346"}],"wp:attachment":[{"href":"https:\/\/nabytoklaguna.sk\/sk\/wp-json\/wp\/v2\/media?parent=119637"}],"wp:term":[{"taxonomy":"product_brand","embeddable":true,"href":"https:\/\/nabytoklaguna.sk\/sk\/wp-json\/wp\/v2\/product_brand?post=119637"},{"taxonomy":"product_cat","embeddable":true,"href":"https:\/\/nabytoklaguna.sk\/sk\/wp-json\/wp\/v2\/product_cat?post=119637"},{"taxonomy":"product_tag","embeddable":true,"href":"https:\/\/nabytoklaguna.sk\/sk\/wp-json\/wp\/v2\/product_tag?post=119637"}],"curies":[{"name":"wp","href":"https:\/\/api.w.org\/{rel}","templated":true}]}}