{"id":119644,"date":"2023-04-22T20:12:00","date_gmt":"2023-04-22T20:12:00","guid":{"rendered":"https:\/\/nabytoklaguna.sk\/sk\/?post_type=product&#038;p=119644"},"modified":"2026-02-18T08:30:19","modified_gmt":"2026-02-18T07:30:19","slug":"tempo-kondela-geron","status":"publish","type":"product","link":"https:\/\/nabytoklaguna.sk\/sk\/produkt\/tempo-kondela-geron\/","title":{"rendered":"TK GERON"},"content":{"rendered":"<p>Pohodln\u00e9<strong> h<\/strong><b>ojdacie kreslo GERON<\/b>\u00a0 V\u00e1m pon\u00fakne maxim\u00e1lne pohodlie po\u010das Va\u0161ej relax\u00e1cie.\u00a0 Usa\u010fte sa do tohto kr\u00e1sneho a pohodln\u00e9ho dizajnov\u00e9ho kresla a neru\u0161ene relaxujte pri ob\u013e\u00fabenej knihe, \u010di filme. Vyroben\u00e9 je z <b>l\u00e1tky<\/b> v preveden\u00ed <b>zelen\u00fd a biely patchwork<\/b>. Stabilitu zabezpe\u010duje <b>biela kovov\u00e1 kon\u0161trukcia<\/b> a <b>mas\u00edvna dreven\u00e1 podstava<\/b>. Ukol\u00ed\u0161te sa do sladk\u00e9ho driemania.<\/p>\n<div class=\"text\">\n<ul>\n<li><b>Materi\u00e1l \u010dal\u00fanenie:<\/b> l\u00e1tka<\/li>\n<li>Oderuodolnos\u0165 text\u00edlie pod\u013ea testu Martindale: 95 000 oderov<\/li>\n<li><b>Farba \u010dal\u00fanenie:<\/b> zelen\u00e1-biela patchwork<\/li>\n<li><b>Materi\u00e1l nohy:<\/b> kov\/mas\u00edvne drevo<\/li>\n<li><b>Farba nohy:<\/b> biela\/buk<\/li>\n<li><b>Rozmery (\u0160xHxV):<\/b> 69x85x99 cm<\/li>\n<li><b>V\u00fd\u0161ka sedu:<\/b> 45 cm<\/li>\n<li><b>H\u013abka sedu:<\/b> 52 cm<\/li>\n<li><b>Nosnos\u0165:<\/b> 100 kg<\/li>\n<li>Dizajnov\u00e9<\/li>\n<li>Modern\u00e9<\/li>\n<li>Hojdacie<\/li>\n<li>Dod\u00e1van\u00e9 v demonte<\/li>\n<\/ul>\n<\/div>\n<p>&nbsp;<\/p>\n","protected":false},"excerpt":{"rendered":"<p>Pohodln\u00e9 hojdacie kreslo GERON\u00a0 V\u00e1m pon\u00fakne maxim\u00e1lne pohodlie po\u010das Va\u0161ej relax\u00e1cie.\u00a0 Usa\u010fte sa do tohto kr\u00e1sneho a pohodln\u00e9ho dizajnov\u00e9ho kresla a neru\u0161ene relaxujte pri ob\u013e\u00fabenej knihe, \u010di filme. Vyroben\u00e9 je z l\u00e1tky v preveden\u00ed zelen\u00fd a biely patchwork. Stabilitu zabezpe\u010duje biela kovov\u00e1 kon\u0161trukcia a mas\u00edvna dreven\u00e1 podstava. Ukol\u00ed\u0161te sa do sladk\u00e9ho driemania. Materi\u00e1l \u010dal\u00fanenie: l\u00e1tka&#8230;<\/p>\n","protected":false},"featured_media":94715,"comment_status":"closed","ping_status":"closed","template":"","meta":{"_seopress_robots_primary_cat":"none","_seopress_titles_title":"","_seopress_titles_desc":"","_seopress_robots_index":""},"product_brand":[],"product_cat":[230,231],"product_tag":[],"class_list":{"0":"post-119644","1":"product","2":"type-product","3":"status-publish","4":"has-post-thumbnail","6":"product_cat-hojdacie-kresla","7":"product_cat-kresla","9":"first","10":"onbackorder","11":"shipping-taxable","12":"purchasable","13":"product-type-simple"},"_links":{"self":[{"href":"https:\/\/nabytoklaguna.sk\/sk\/wp-json\/wp\/v2\/product\/119644","targetHints":{"allow":["GET"]}}],"collection":[{"href":"https:\/\/nabytoklaguna.sk\/sk\/wp-json\/wp\/v2\/product"}],"about":[{"href":"https:\/\/nabytoklaguna.sk\/sk\/wp-json\/wp\/v2\/types\/product"}],"replies":[{"embeddable":true,"href":"https:\/\/nabytoklaguna.sk\/sk\/wp-json\/wp\/v2\/comments?post=119644"}],"wp:featuredmedia":[{"embeddable":true,"href":"https:\/\/nabytoklaguna.sk\/sk\/wp-json\/wp\/v2\/media\/94715"}],"wp:attachment":[{"href":"https:\/\/nabytoklaguna.sk\/sk\/wp-json\/wp\/v2\/media?parent=119644"}],"wp:term":[{"taxonomy":"product_brand","embeddable":true,"href":"https:\/\/nabytoklaguna.sk\/sk\/wp-json\/wp\/v2\/product_brand?post=119644"},{"taxonomy":"product_cat","embeddable":true,"href":"https:\/\/nabytoklaguna.sk\/sk\/wp-json\/wp\/v2\/product_cat?post=119644"},{"taxonomy":"product_tag","embeddable":true,"href":"https:\/\/nabytoklaguna.sk\/sk\/wp-json\/wp\/v2\/product_tag?post=119644"}],"curies":[{"name":"wp","href":"https:\/\/api.w.org\/{rel}","templated":true}]}}