{"id":119650,"date":"2023-04-22T20:12:00","date_gmt":"2023-04-22T20:12:00","guid":{"rendered":"https:\/\/nabytoklaguna.sk\/sk\/?post_type=product&#038;p=119650"},"modified":"2025-02-24T13:38:19","modified_gmt":"2025-02-24T12:38:19","slug":"aut-ak-311-br2","status":"publish","type":"product","link":"https:\/\/nabytoklaguna.sk\/sk\/produkt\/aut-ak-311-br2\/","title":{"rendered":"AUT AK-311 BR2"},"content":{"rendered":"<p>Mas\u00edvne retro kreslo s dekorat\u00edvnym pre\u0161it\u00edm operadla ok\u00faz\u013euje svojim dizajnom. V\u010faka vysok\u00e9mu operadlu a pohodln\u00fdm podr\u00fa\u010dkam zais\u0165uje kreslo pr\u00edjemn\u00e9 posedenie a relax. Kreslo je \u010dal\u00fanen\u00e9 tmavohnedou l\u00e1tkou, ktor\u00e1 je pr\u00edjemn\u00e1 na dotyk. Kostra kresla je z mas\u00edvu a v\u00fdpl\u0148 z kvalitnej PU peny spevnen\u00e9 v mieste sed\u00e1ku elastick\u00fdmi popruhmi. Dreven\u00e9 nohy s\u00fa z mas\u00edvneho kau\u010dukovn\u00edka, k\u00f3nick\u00e9, v pr\u00edrodnom odtieni a lakovan\u00e9. Zo spodu s\u00fa plastov\u00e9 klz\u00e1ky, pri zadn\u00fdch noh\u00e1ch s\u00fa rektifikovate\u013en\u00e9, \u010do zabezpe\u010duje stabilitu kresla.<\/p>\n<table style=\"width: 100%; height: 1051px;\">\n<tbody>\n<tr style=\"height: 74px;\">\n<td class=\"popis\" style=\"height: 74px;\">Karton1:<\/td>\n<td style=\"height: 74px;\">15<br \/>\n77x77x73<\/td>\n<\/tr>\n<tr style=\"height: 50px;\">\n<td class=\"popis\" style=\"height: 50px;\">V\u00fd\u0161ka (cm):<\/td>\n<td style=\"height: 50px;\">92<\/td>\n<\/tr>\n<tr style=\"height: 50px;\">\n<td class=\"popis\" style=\"height: 50px;\">\u0160\u00edrka (cm):<\/td>\n<td style=\"height: 50px;\">76<\/td>\n<\/tr>\n<tr style=\"height: 50px;\">\n<td class=\"popis\" style=\"height: 50px;\">H\u013abka (cm):<\/td>\n<td style=\"height: 50px;\">79<\/td>\n<\/tr>\n<tr style=\"height: 50px;\">\n<td class=\"popis\" style=\"height: 50px;\">Nosnos\u0165 (kg):<\/td>\n<td style=\"height: 50px;\">130<\/td>\n<\/tr>\n<tr style=\"height: 50px;\">\n<td class=\"popis\" style=\"height: 50px;\">V\u00fd\u0161ka sedu:<\/td>\n<td style=\"height: 50px;\">41 cm<\/td>\n<\/tr>\n<tr style=\"height: 50px;\">\n<td class=\"popis\" style=\"height: 50px;\">\u0160\u00edrka sedu:<\/td>\n<td style=\"height: 50px;\">54 cm<\/td>\n<\/tr>\n<tr style=\"height: 50px;\">\n<td class=\"popis\" style=\"height: 50px;\">H\u013abka sedu:<\/td>\n<td style=\"height: 50px;\">51 cm<\/td>\n<\/tr>\n<tr style=\"height: 50px;\">\n<td class=\"popis\" style=\"height: 50px;\">Po\u010det balen\u00ed:<\/td>\n<td style=\"height: 50px;\">1<\/td>\n<\/tr>\n<tr style=\"height: 50px;\">\n<td class=\"popis\" style=\"height: 50px;\">Materi\u00e1l sed\u00e1ku:<\/td>\n<td style=\"height: 50px;\">L\u00e1tka<\/td>\n<\/tr>\n<tr style=\"height: 74px;\">\n<td class=\"popis\" style=\"height: 74px;\">Materi\u00e1l kostry:<\/td>\n<td style=\"height: 74px;\">Masiv<br \/>\nPU pena<\/td>\n<\/tr>\n<tr style=\"height: 50px;\">\n<td class=\"popis\" style=\"height: 50px;\">\u0160t\u00fdl:<\/td>\n<td style=\"height: 50px;\">Retro<\/td>\n<\/tr>\n<tr style=\"height: 54px;\">\n<td class=\"popis\" style=\"height: 54px;\">Dekor:<\/td>\n<td style=\"height: 54px;\"><\/td>\n<\/tr>\n<tr style=\"height: 50px;\">\n<td class=\"popis\" style=\"height: 50px;\">Demontovan\u00e9:<\/td>\n<td style=\"height: 50px;\">\u00c1no<\/td>\n<\/tr>\n<tr style=\"height: 50px;\">\n<td class=\"popis\" style=\"height: 50px;\">Typ podno\u017ee:<\/td>\n<td style=\"height: 50px;\">4 nohy<\/td>\n<\/tr>\n<tr style=\"height: 50px;\">\n<td class=\"popis\" style=\"height: 50px;\">Rozmer nohy:<\/td>\n<td style=\"height: 50px;\">pr.4,5\/3,5&#215;22 cm<\/td>\n<\/tr>\n<tr style=\"height: 50px;\">\n<td class=\"popis\" style=\"height: 50px;\">Materi\u00e1l nohou:<\/td>\n<td style=\"height: 50px;\">Mas\u00edv kau\u010dukovn\u00edk<\/td>\n<\/tr>\n<tr style=\"height: 50px;\">\n<td class=\"popis\" style=\"height: 50px;\">Martindale:<\/td>\n<td style=\"height: 50px;\">20 000 ot.<\/td>\n<\/tr>\n<tr style=\"height: 50px;\">\n<td class=\"popis\" style=\"height: 50px;\">Zlo\u017eenie po\u0165ahu:<\/td>\n<td style=\"height: 50px;\">100% polyester<\/td>\n<\/tr>\n<tr style=\"height: 49px;\">\n<td class=\"popis\" style=\"height: 49px;\">Farba:<\/td>\n<td style=\"height: 49px;\">Hned\u00e1<\/td>\n<\/tr>\n<\/tbody>\n<\/table>\n","protected":false},"excerpt":{"rendered":"<p>Mas\u00edvne retro kreslo s dekorat\u00edvnym pre\u0161it\u00edm operadla ok\u00faz\u013euje svojim dizajnom. V\u010faka vysok\u00e9mu operadlu a pohodln\u00fdm podr\u00fa\u010dkam zais\u0165uje kreslo pr\u00edjemn\u00e9 posedenie a relax. Kreslo je \u010dal\u00fanen\u00e9 tmavohnedou l\u00e1tkou, ktor\u00e1 je pr\u00edjemn\u00e1 na dotyk. Kostra kresla je z mas\u00edvu a v\u00fdpl\u0148 z kvalitnej PU peny spevnen\u00e9 v mieste sed\u00e1ku elastick\u00fdmi popruhmi. Dreven\u00e9 nohy s\u00fa z mas\u00edvneho kau\u010dukovn\u00edka,&#8230;<\/p>\n","protected":false},"featured_media":94906,"comment_status":"closed","ping_status":"closed","template":"","meta":{"_seopress_robots_primary_cat":"none","_seopress_titles_title":"","_seopress_titles_desc":"","_seopress_robots_index":""},"product_brand":[],"product_cat":[231],"product_tag":[],"class_list":{"0":"post-119650","1":"product","2":"type-product","3":"status-publish","4":"has-post-thumbnail","6":"product_cat-kresla","8":"first","9":"onbackorder","10":"shipping-taxable","11":"purchasable","12":"product-type-simple"},"_links":{"self":[{"href":"https:\/\/nabytoklaguna.sk\/sk\/wp-json\/wp\/v2\/product\/119650","targetHints":{"allow":["GET"]}}],"collection":[{"href":"https:\/\/nabytoklaguna.sk\/sk\/wp-json\/wp\/v2\/product"}],"about":[{"href":"https:\/\/nabytoklaguna.sk\/sk\/wp-json\/wp\/v2\/types\/product"}],"replies":[{"embeddable":true,"href":"https:\/\/nabytoklaguna.sk\/sk\/wp-json\/wp\/v2\/comments?post=119650"}],"wp:featuredmedia":[{"embeddable":true,"href":"https:\/\/nabytoklaguna.sk\/sk\/wp-json\/wp\/v2\/media\/94906"}],"wp:attachment":[{"href":"https:\/\/nabytoklaguna.sk\/sk\/wp-json\/wp\/v2\/media?parent=119650"}],"wp:term":[{"taxonomy":"product_brand","embeddable":true,"href":"https:\/\/nabytoklaguna.sk\/sk\/wp-json\/wp\/v2\/product_brand?post=119650"},{"taxonomy":"product_cat","embeddable":true,"href":"https:\/\/nabytoklaguna.sk\/sk\/wp-json\/wp\/v2\/product_cat?post=119650"},{"taxonomy":"product_tag","embeddable":true,"href":"https:\/\/nabytoklaguna.sk\/sk\/wp-json\/wp\/v2\/product_tag?post=119650"}],"curies":[{"name":"wp","href":"https:\/\/api.w.org\/{rel}","templated":true}]}}