{"id":119664,"date":"2023-04-22T20:12:00","date_gmt":"2023-04-22T20:12:00","guid":{"rendered":"https:\/\/nabytoklaguna.sk\/sk\/?post_type=product&#038;p=119664"},"modified":"2025-12-10T11:58:47","modified_gmt":"2025-12-10T10:58:47","slug":"k-reventon","status":"publish","type":"product","link":"https:\/\/nabytoklaguna.sk\/sk\/produkt\/k-reventon\/","title":{"rendered":"K REVENTON"},"content":{"rendered":"<p>Jed\u00e1lensk\u00fd st\u00f4l REVENTON je kr\u00e1sny a modern\u00fd\u00a0 st\u00f4l vhodn\u00fd do modernej \u010di tradi\u010dnej kuchyne. V\u010faka tomu, \u017ee je okr\u00fahly je vhodn\u00fd\u00a0 aj do men\u0161\u00edch miestnost\u00ed. Biela je neutr\u00e1lna a tak ho jednoducho dolad\u00edte k svojmu interi\u00e9ru. Str\u00e1vte \u010das so svojimi bl\u00edzkymi v kruhu rodiny<\/p>\n<div class=\"text\">\n<ul>\n<li><b>Materi\u00e1l pl\u00e1t stola:\u00a0<\/b>MDF<\/li>\n<li><b>Farba:\u00a0<\/b>biela matn\u00e1<\/li>\n<li><b>Materi\u00e1l podstava:\u00a0<\/b>kov<\/li>\n<li><b>Farba:\u00a0<\/b>biela matn\u00e1<\/li>\n<li><b>Rozmery (priemer x V):\u00a0<\/b>80&#215;75 cm<\/li>\n<li>Hr\u00fabka pl\u00e1tu stola: 1,8 cm<\/li>\n<li>Praktick\u00fd<\/li>\n<li>Okr\u00fahly<\/li>\n<li>Modern\u00fd dizajn<\/li>\n<li>Dod\u00e1van\u00e9 v demonte<\/li>\n<\/ul>\n<\/div>\n<p>&nbsp;<\/p>\n","protected":false},"excerpt":{"rendered":"<p>Jed\u00e1lensk\u00fd st\u00f4l REVENTON je kr\u00e1sny a modern\u00fd\u00a0 st\u00f4l vhodn\u00fd do modernej \u010di tradi\u010dnej kuchyne. V\u010faka tomu, \u017ee je okr\u00fahly je vhodn\u00fd\u00a0 aj do men\u0161\u00edch miestnost\u00ed. Biela je neutr\u00e1lna a tak ho jednoducho dolad\u00edte k svojmu interi\u00e9ru. Str\u00e1vte \u010das so svojimi bl\u00edzkymi v kruhu rodiny Materi\u00e1l pl\u00e1t stola:\u00a0MDF Farba:\u00a0biela matn\u00e1 Materi\u00e1l podstava:\u00a0kov Farba:\u00a0biela matn\u00e1 Rozmery (priemer&#8230;<\/p>\n","protected":false},"featured_media":95118,"comment_status":"closed","ping_status":"closed","template":"","meta":{"_seopress_robots_primary_cat":"none","_seopress_titles_title":"","_seopress_titles_desc":"","_seopress_robots_index":""},"product_brand":[],"product_cat":[4719,245,243],"product_tag":[],"class_list":{"0":"post-119664","1":"product","2":"type-product","3":"status-publish","4":"has-post-thumbnail","6":"product_cat-jedalenske-stoly","7":"product_cat-kovove-stoly","8":"product_cat-stoly","10":"first","11":"onbackorder","12":"shipping-taxable","13":"purchasable","14":"product-type-simple"},"_links":{"self":[{"href":"https:\/\/nabytoklaguna.sk\/sk\/wp-json\/wp\/v2\/product\/119664","targetHints":{"allow":["GET"]}}],"collection":[{"href":"https:\/\/nabytoklaguna.sk\/sk\/wp-json\/wp\/v2\/product"}],"about":[{"href":"https:\/\/nabytoklaguna.sk\/sk\/wp-json\/wp\/v2\/types\/product"}],"replies":[{"embeddable":true,"href":"https:\/\/nabytoklaguna.sk\/sk\/wp-json\/wp\/v2\/comments?post=119664"}],"wp:featuredmedia":[{"embeddable":true,"href":"https:\/\/nabytoklaguna.sk\/sk\/wp-json\/wp\/v2\/media\/95118"}],"wp:attachment":[{"href":"https:\/\/nabytoklaguna.sk\/sk\/wp-json\/wp\/v2\/media?parent=119664"}],"wp:term":[{"taxonomy":"product_brand","embeddable":true,"href":"https:\/\/nabytoklaguna.sk\/sk\/wp-json\/wp\/v2\/product_brand?post=119664"},{"taxonomy":"product_cat","embeddable":true,"href":"https:\/\/nabytoklaguna.sk\/sk\/wp-json\/wp\/v2\/product_cat?post=119664"},{"taxonomy":"product_tag","embeddable":true,"href":"https:\/\/nabytoklaguna.sk\/sk\/wp-json\/wp\/v2\/product_tag?post=119664"}],"curies":[{"name":"wp","href":"https:\/\/api.w.org\/{rel}","templated":true}]}}