{"id":119665,"date":"2023-04-22T20:12:00","date_gmt":"2023-04-22T20:12:00","guid":{"rendered":"https:\/\/nabytoklaguna.sk\/sk\/?post_type=product&#038;p=119665"},"modified":"2025-12-10T11:05:27","modified_gmt":"2025-12-10T10:05:27","slug":"k-pedal","status":"publish","type":"product","link":"https:\/\/nabytoklaguna.sk\/sk\/produkt\/k-pedal\/","title":{"rendered":"K PEDAL"},"content":{"rendered":"<p>Jed\u00e1lensk\u00fd st\u00f4l je neoddelite\u013enou s\u00fa\u010das\u0165ou ka\u017edej dom\u00e1cnosti. Pon\u00fakame V\u00e1m kr\u00e1sny a modern\u00fd jed\u00e1lensk\u00fd st\u00f4l PEDAL, ktor\u00fd je vyroben\u00fd z MDF v dubovom preveden\u00ed. O stabilitu stola sa postaraj\u00fa \u010dierne kovov\u00e9 nohy. \u0160t\u00fdlov\u00e1 klasika v nestarn\u00facom dizajne, to je n\u00e1\u0161 modern\u00fd st\u00f4l PEDAL.<\/p>\n<div class=\"text\">\n<ul>\n<li><b>Materi\u00e1l:<\/b>\u00a0MDF\/kov<\/li>\n<li><b>Farba:<\/b>\u00a0dub\/\u010dierna<\/li>\n<li><b>Rozmery (\u0160xHxV):<\/b>\u00a0140x80x76 cm<\/li>\n<li>Pre 4-6 os\u00f4b<\/li>\n<li>Modern\u00fd<\/li>\n<li>Dod\u00e1van\u00e9 v demonte<\/li>\n<\/ul>\n<\/div>\n<p>&nbsp;<\/p>\n","protected":false},"excerpt":{"rendered":"<p>Jed\u00e1lensk\u00fd st\u00f4l je neoddelite\u013enou s\u00fa\u010das\u0165ou ka\u017edej dom\u00e1cnosti. Pon\u00fakame V\u00e1m kr\u00e1sny a modern\u00fd jed\u00e1lensk\u00fd st\u00f4l PEDAL, ktor\u00fd je vyroben\u00fd z MDF v dubovom preveden\u00ed. O stabilitu stola sa postaraj\u00fa \u010dierne kovov\u00e9 nohy. \u0160t\u00fdlov\u00e1 klasika v nestarn\u00facom dizajne, to je n\u00e1\u0161 modern\u00fd st\u00f4l PEDAL. Materi\u00e1l:\u00a0MDF\/kov Farba:\u00a0dub\/\u010dierna Rozmery (\u0160xHxV):\u00a0140x80x76 cm Pre 4-6 os\u00f4b Modern\u00fd Dod\u00e1van\u00e9 v demonte &nbsp;<\/p>\n","protected":false},"featured_media":95139,"comment_status":"closed","ping_status":"closed","template":"","meta":{"_seopress_robots_primary_cat":"none","_seopress_titles_title":"","_seopress_titles_desc":"","_seopress_robots_index":""},"product_brand":[],"product_cat":[4719,245,243],"product_tag":[],"class_list":{"0":"post-119665","1":"product","2":"type-product","3":"status-publish","4":"has-post-thumbnail","6":"product_cat-jedalenske-stoly","7":"product_cat-kovove-stoly","8":"product_cat-stoly","10":"first","11":"onbackorder","12":"shipping-taxable","13":"purchasable","14":"product-type-simple"},"_links":{"self":[{"href":"https:\/\/nabytoklaguna.sk\/sk\/wp-json\/wp\/v2\/product\/119665","targetHints":{"allow":["GET"]}}],"collection":[{"href":"https:\/\/nabytoklaguna.sk\/sk\/wp-json\/wp\/v2\/product"}],"about":[{"href":"https:\/\/nabytoklaguna.sk\/sk\/wp-json\/wp\/v2\/types\/product"}],"replies":[{"embeddable":true,"href":"https:\/\/nabytoklaguna.sk\/sk\/wp-json\/wp\/v2\/comments?post=119665"}],"wp:featuredmedia":[{"embeddable":true,"href":"https:\/\/nabytoklaguna.sk\/sk\/wp-json\/wp\/v2\/media\/95139"}],"wp:attachment":[{"href":"https:\/\/nabytoklaguna.sk\/sk\/wp-json\/wp\/v2\/media?parent=119665"}],"wp:term":[{"taxonomy":"product_brand","embeddable":true,"href":"https:\/\/nabytoklaguna.sk\/sk\/wp-json\/wp\/v2\/product_brand?post=119665"},{"taxonomy":"product_cat","embeddable":true,"href":"https:\/\/nabytoklaguna.sk\/sk\/wp-json\/wp\/v2\/product_cat?post=119665"},{"taxonomy":"product_tag","embeddable":true,"href":"https:\/\/nabytoklaguna.sk\/sk\/wp-json\/wp\/v2\/product_tag?post=119665"}],"curies":[{"name":"wp","href":"https:\/\/api.w.org\/{rel}","templated":true}]}}