{"id":119666,"date":"2023-04-22T20:12:00","date_gmt":"2023-04-22T20:12:00","guid":{"rendered":"https:\/\/nabytoklaguna.sk\/sk\/?post_type=product&#038;p=119666"},"modified":"2025-12-10T11:25:22","modified_gmt":"2025-12-10T10:25:22","slug":"k-mediter","status":"publish","type":"product","link":"https:\/\/nabytoklaguna.sk\/sk\/produkt\/k-mediter\/","title":{"rendered":"K MEDITER"},"content":{"rendered":"<p>Neoddelite\u013enou s\u00fa\u010das\u0165ou dom\u00e1cnosti je jed\u00e1lensk\u00fd st\u00f4l. V jednoduchosti je kr\u00e1sa a o tom sved\u010d\u00ed aj jed\u00e1lensk\u00fd st\u00f4l MEDITER. Vyroben\u00fd je z MDF v dubovom preveden\u00ed. O stabilitu sa postaraj\u00fa kovov\u00e9 nohy v \u010diernej matnej farbe. Dok\u00fapte u\u017e len stoli\u010dky a kr\u00e1sny komplet m\u00e1te doma<\/p>\n<div class=\"text\">\n<ul>\n<li><b>Materi\u00e1l:\u00a0<\/b>MDF\/kov<\/li>\n<li><b>Farba:\u00a0<\/b>dub\/\u010dierna<\/li>\n<li><b>Rozmery (\u0160xHxV):<\/b>\u00a0160x90x75 cm<\/li>\n<li>Stolovanie pre 6-8 \u013eud\u00ed<\/li>\n<li>Kovov\u00e9 nohy<\/li>\n<li>Dod\u00e1van\u00e9 v demonte<\/li>\n<\/ul>\n<\/div>\n","protected":false},"excerpt":{"rendered":"<p>Neoddelite\u013enou s\u00fa\u010das\u0165ou dom\u00e1cnosti je jed\u00e1lensk\u00fd st\u00f4l. V jednoduchosti je kr\u00e1sa a o tom sved\u010d\u00ed aj jed\u00e1lensk\u00fd st\u00f4l MEDITER. Vyroben\u00fd je z MDF v dubovom preveden\u00ed. O stabilitu sa postaraj\u00fa kovov\u00e9 nohy v \u010diernej matnej farbe. Dok\u00fapte u\u017e len stoli\u010dky a kr\u00e1sny komplet m\u00e1te doma Materi\u00e1l:\u00a0MDF\/kov Farba:\u00a0dub\/\u010dierna Rozmery (\u0160xHxV):\u00a0160x90x75 cm Stolovanie pre 6-8 \u013eud\u00ed Kovov\u00e9 nohy&#8230;<\/p>\n","protected":false},"featured_media":95144,"comment_status":"closed","ping_status":"closed","template":"","meta":{"_seopress_robots_primary_cat":"none","_seopress_titles_title":"","_seopress_titles_desc":"","_seopress_robots_index":""},"product_brand":[],"product_cat":[4719,245,243],"product_tag":[],"class_list":{"0":"post-119666","1":"product","2":"type-product","3":"status-publish","4":"has-post-thumbnail","6":"product_cat-jedalenske-stoly","7":"product_cat-kovove-stoly","8":"product_cat-stoly","10":"first","11":"onbackorder","12":"shipping-taxable","13":"purchasable","14":"product-type-simple"},"_links":{"self":[{"href":"https:\/\/nabytoklaguna.sk\/sk\/wp-json\/wp\/v2\/product\/119666","targetHints":{"allow":["GET"]}}],"collection":[{"href":"https:\/\/nabytoklaguna.sk\/sk\/wp-json\/wp\/v2\/product"}],"about":[{"href":"https:\/\/nabytoklaguna.sk\/sk\/wp-json\/wp\/v2\/types\/product"}],"replies":[{"embeddable":true,"href":"https:\/\/nabytoklaguna.sk\/sk\/wp-json\/wp\/v2\/comments?post=119666"}],"wp:featuredmedia":[{"embeddable":true,"href":"https:\/\/nabytoklaguna.sk\/sk\/wp-json\/wp\/v2\/media\/95144"}],"wp:attachment":[{"href":"https:\/\/nabytoklaguna.sk\/sk\/wp-json\/wp\/v2\/media?parent=119666"}],"wp:term":[{"taxonomy":"product_brand","embeddable":true,"href":"https:\/\/nabytoklaguna.sk\/sk\/wp-json\/wp\/v2\/product_brand?post=119666"},{"taxonomy":"product_cat","embeddable":true,"href":"https:\/\/nabytoklaguna.sk\/sk\/wp-json\/wp\/v2\/product_cat?post=119666"},{"taxonomy":"product_tag","embeddable":true,"href":"https:\/\/nabytoklaguna.sk\/sk\/wp-json\/wp\/v2\/product_tag?post=119666"}],"curies":[{"name":"wp","href":"https:\/\/api.w.org\/{rel}","templated":true}]}}