{"id":119682,"date":"2023-04-22T20:12:00","date_gmt":"2023-04-22T20:12:00","guid":{"rendered":"https:\/\/nabytoklaguna.sk\/sk\/?post_type=product&#038;p=119682"},"modified":"2025-11-13T13:42:52","modified_gmt":"2025-11-13T12:42:52","slug":"k-derya","status":"publish","type":"product","link":"https:\/\/nabytoklaguna.sk\/sk\/produkt\/k-derya\/","title":{"rendered":"K DERYA"},"content":{"rendered":"<p>Konferen\u010dn\u00e1 miestnos\u0165, zasada\u010dka, \u010di kult\u00farny dom bud\u00fa pri kresle DERYA kompletn\u00e9 a \u00faplne. Ve\u013ekou v\u00fdhodou pri tejto vo\u013ebe je kvalita, r\u00fdchla stohovate\u013enos\u0165 a dodanie vcelku. Pon\u00fakaj\u00fa sa v dvoch variant\u00e1ch: <strong>\u010dierna sie\u0165ovina\u00a0<\/strong> \/ alebo <strong>hned\u00e1 ekoko\u017ea<\/strong>. Dobr\u00fa stabilitu zabezpe\u010duj\u00fa chr\u00f3mov\u00e9 nohy a pri dlhej, nekone\u010dnej konferencii v\u00e1m pohodlie poskytn\u00fa plastov\u00e9 opierky na ruky.<\/p>\n<ul>\n<li><b>Materi\u00e1l \u010dal\u00fanenie:<\/b>\u00a0sie\u0165ovina<\/li>\n<li>Oderuodolnos\u0165 text\u00edlie pod\u013ea testu Martindale: 90 000 oderov<\/li>\n<li><b>Farba:<\/b>\u00a0\u010dierna<\/li>\n<li><b>Materi\u00e1l kon\u0161trukcia:<\/b>\u00a0plast\/kov<\/li>\n<li><b>Farba:<\/b>\u00a0hned\u00e1\/chr\u00f3m<\/li>\n<li><b>Rozmery (\u0160xHxV):<\/b>\u00a053x57x79 cm<\/li>\n<li><b>V\u00fd\u0161ka sedu:\u00a0<\/b>43 cm<\/li>\n<li><b>H\u013abka sedu:<\/b>\u00a042 cm<\/li>\n<li><b>\u0160\u00edrka sedu:<\/b>\u00a041 cm<\/li>\n<li><b>V\u00fd\u0161ka chrbtovej opierky:<\/b>\u00a038 cm<\/li>\n<li><b>\u0160\u00edrka chrbtovej opierky:<\/b>\u00a042 cm<\/li>\n<li><b>Nosnos\u0165:<\/b>\u00a0110 kg<\/li>\n<li>Stohovate\u013en\u00e1<\/li>\n<li>Dod\u00e1van\u00e1 v monte<\/li>\n<\/ul>\n","protected":false},"excerpt":{"rendered":"<p>Konferen\u010dn\u00e1 miestnos\u0165, zasada\u010dka, \u010di kult\u00farny dom bud\u00fa pri kresle DERYA kompletn\u00e9 a \u00faplne. Ve\u013ekou v\u00fdhodou pri tejto vo\u013ebe je kvalita, r\u00fdchla stohovate\u013enos\u0165 a dodanie vcelku. Pon\u00fakaj\u00fa sa v dvoch variant\u00e1ch: \u010dierna sie\u0165ovina\u00a0 \/ alebo hned\u00e1 ekoko\u017ea. Dobr\u00fa stabilitu zabezpe\u010duj\u00fa chr\u00f3mov\u00e9 nohy a pri dlhej, nekone\u010dnej konferencii v\u00e1m pohodlie poskytn\u00fa plastov\u00e9 opierky na ruky. Materi\u00e1l \u010dal\u00fanenie:\u00a0sie\u0165ovina&#8230;<\/p>\n","protected":false},"featured_media":97125,"comment_status":"closed","ping_status":"closed","template":"","meta":{"_seopress_robots_primary_cat":"none","_seopress_titles_title":"","_seopress_titles_desc":"","_seopress_robots_index":""},"product_brand":[],"product_cat":[239,237],"product_tag":[],"class_list":{"0":"post-119682","1":"product","2":"type-product","3":"status-publish","4":"has-post-thumbnail","6":"product_cat-kovove-stolicky","7":"product_cat-stolicky","9":"first","10":"onbackorder","11":"shipping-taxable","12":"purchasable","13":"product-type-simple"},"_links":{"self":[{"href":"https:\/\/nabytoklaguna.sk\/sk\/wp-json\/wp\/v2\/product\/119682","targetHints":{"allow":["GET"]}}],"collection":[{"href":"https:\/\/nabytoklaguna.sk\/sk\/wp-json\/wp\/v2\/product"}],"about":[{"href":"https:\/\/nabytoklaguna.sk\/sk\/wp-json\/wp\/v2\/types\/product"}],"replies":[{"embeddable":true,"href":"https:\/\/nabytoklaguna.sk\/sk\/wp-json\/wp\/v2\/comments?post=119682"}],"wp:featuredmedia":[{"embeddable":true,"href":"https:\/\/nabytoklaguna.sk\/sk\/wp-json\/wp\/v2\/media\/97125"}],"wp:attachment":[{"href":"https:\/\/nabytoklaguna.sk\/sk\/wp-json\/wp\/v2\/media?parent=119682"}],"wp:term":[{"taxonomy":"product_brand","embeddable":true,"href":"https:\/\/nabytoklaguna.sk\/sk\/wp-json\/wp\/v2\/product_brand?post=119682"},{"taxonomy":"product_cat","embeddable":true,"href":"https:\/\/nabytoklaguna.sk\/sk\/wp-json\/wp\/v2\/product_cat?post=119682"},{"taxonomy":"product_tag","embeddable":true,"href":"https:\/\/nabytoklaguna.sk\/sk\/wp-json\/wp\/v2\/product_tag?post=119682"}],"curies":[{"name":"wp","href":"https:\/\/api.w.org\/{rel}","templated":true}]}}