{"id":119684,"date":"2023-04-22T20:12:00","date_gmt":"2023-04-22T20:12:00","guid":{"rendered":"https:\/\/nabytoklaguna.sk\/sk\/?post_type=product&#038;p=119684"},"modified":"2023-08-23T17:23:58","modified_gmt":"2023-08-23T15:23:58","slug":"aut-af-3005-oak","status":"publish","type":"product","link":"https:\/\/nabytoklaguna.sk\/sk\/produkt\/aut-af-3005-oak\/","title":{"rendered":"AUT AF-3005 OAK"},"content":{"rendered":"<p>Odkladac\u00ed stol\u00edk AF-3005 OAK je ide\u00e1lna vo\u013eba ako odkladac\u00ed priestor k va\u0161ej seda\u010dke \u010di kreslu. Vyroben\u00fd je z kvalitnej MDF dosky v kombin\u00e1cii s \u010diernym matn\u00fdm kovom. Poskytuje nad\u010dasov\u00fd dizajn a obzvl\u00e1\u0161\u0165 sa hod\u00ed do industri\u00e1lnych priestorov. Mo\u017enos\u0165 dok\u00fapi\u0165 konferen\u010dn\u00fd stol\u00edk v rovnakom dek\u00f3re.<\/p>\n<p><strong>Farba:<\/strong><br \/>\ndivok\u00fd dub \/ \u010dierna<\/p>\n<p><strong>Materi\u00e1l:<\/strong><br \/>\nMDF \/ kov<\/p>\n<p><strong>Rozmery:<\/strong><br \/>\npriemer: 40 cm<br \/>\nv\u00fd\u0161ka: 45 cm<\/p>\n<p>hr\u00fabka dosky: 1,5 cm<\/p>\n<p><strong>Nosnos\u0165:<\/strong><br \/>\n10 kg<\/p>\n<p><strong>Hmotnos\u0165:<\/strong><br \/>\n3 kg<\/p>\n<p>Dod\u00e1va sa v demonte.<\/p>\n<p>&nbsp;<\/p>\n","protected":false},"excerpt":{"rendered":"<p>Odkladac\u00ed stol\u00edk AF-3005 OAK je ide\u00e1lna vo\u013eba ako odkladac\u00ed priestor k va\u0161ej seda\u010dke \u010di kreslu. Vyroben\u00fd je z kvalitnej MDF dosky v kombin\u00e1cii s \u010diernym matn\u00fdm kovom. Poskytuje nad\u010dasov\u00fd dizajn a obzvl\u00e1\u0161\u0165 sa hod\u00ed do industri\u00e1lnych priestorov. Mo\u017enos\u0165 dok\u00fapi\u0165 konferen\u010dn\u00fd stol\u00edk v rovnakom dek\u00f3re. Farba: divok\u00fd dub \/ \u010dierna Materi\u00e1l: MDF \/ kov Rozmery: priemer:&#8230;<\/p>\n","protected":false},"featured_media":97413,"comment_status":"closed","ping_status":"closed","template":"","meta":{"_seopress_robots_primary_cat":"none","_seopress_titles_title":"","_seopress_titles_desc":"","_seopress_robots_index":""},"product_brand":[],"product_cat":[221],"product_tag":[],"class_list":{"0":"post-119684","1":"product","2":"type-product","3":"status-publish","4":"has-post-thumbnail","6":"product_cat-konferencne-stoliky","8":"first","9":"onbackorder","10":"shipping-taxable","11":"purchasable","12":"product-type-simple"},"_links":{"self":[{"href":"https:\/\/nabytoklaguna.sk\/sk\/wp-json\/wp\/v2\/product\/119684","targetHints":{"allow":["GET"]}}],"collection":[{"href":"https:\/\/nabytoklaguna.sk\/sk\/wp-json\/wp\/v2\/product"}],"about":[{"href":"https:\/\/nabytoklaguna.sk\/sk\/wp-json\/wp\/v2\/types\/product"}],"replies":[{"embeddable":true,"href":"https:\/\/nabytoklaguna.sk\/sk\/wp-json\/wp\/v2\/comments?post=119684"}],"wp:featuredmedia":[{"embeddable":true,"href":"https:\/\/nabytoklaguna.sk\/sk\/wp-json\/wp\/v2\/media\/97413"}],"wp:attachment":[{"href":"https:\/\/nabytoklaguna.sk\/sk\/wp-json\/wp\/v2\/media?parent=119684"}],"wp:term":[{"taxonomy":"product_brand","embeddable":true,"href":"https:\/\/nabytoklaguna.sk\/sk\/wp-json\/wp\/v2\/product_brand?post=119684"},{"taxonomy":"product_cat","embeddable":true,"href":"https:\/\/nabytoklaguna.sk\/sk\/wp-json\/wp\/v2\/product_cat?post=119684"},{"taxonomy":"product_tag","embeddable":true,"href":"https:\/\/nabytoklaguna.sk\/sk\/wp-json\/wp\/v2\/product_tag?post=119684"}],"curies":[{"name":"wp","href":"https:\/\/api.w.org\/{rel}","templated":true}]}}