{"id":119685,"date":"2023-04-22T20:12:00","date_gmt":"2023-04-22T20:12:00","guid":{"rendered":"https:\/\/nabytoklaguna.sk\/sk\/?post_type=product&#038;p=119685"},"modified":"2025-04-14T12:27:27","modified_gmt":"2025-04-14T10:27:27","slug":"aut-af-3004-oak","status":"publish","type":"product","link":"https:\/\/nabytoklaguna.sk\/sk\/produkt\/aut-af-3004-oak\/","title":{"rendered":"AUT AF-3004 OAK"},"content":{"rendered":"<p>Konferen\u010dn\u00fd st\u00f4l\u00a0 AF-3004 OAK je vyroben\u00fd z kvalitnej MDF dosky v kombin\u00e1cii s \u010diernym\u00a0 kovom. Poskytuje nad\u010dasov\u00fd dizajn a harmonicky dopln\u00ed v\u00e1\u0161 interi\u00e9r. Doska v tvare kruhu m\u00e1 priemer 80 cm, hr\u00fabku 1,5 cm. Nohy s\u00fa ku\u017ee\u013eovit\u00e9ho tvaru o priemere 2,5 cm, zu\u017euj\u00face sa na 1 cm. Mo\u017enos\u0165 dok\u00fapi\u0165 pr\u00edru\u010dn\u00fd stol\u00edk v rovnakom dek\u00f3re.<\/p>\n<p><strong>Farba:<\/strong><br \/>\ndivok\u00fd dub \/ \u010dierna<\/p>\n<p><strong>Materi\u00e1l:<\/strong><br \/>\nMDF \/ kov<\/p>\n<p><strong>Rozmery:<\/strong><br \/>\npriemer: 80 cm<br \/>\nv\u00fd\u0161ka: 40 cm<\/p>\n<p>hr\u00fabka dosky: 1,5 cm<\/p>\n<p><strong>Nosnos\u0165:<\/strong><br \/>\n20 kg<\/p>\n<p><strong>Hmotnos\u0165:<\/strong><br \/>\n8,5 kg<\/p>\n<p>Dod\u00e1va sa v demonte.<\/p>\n","protected":false},"excerpt":{"rendered":"<p>Konferen\u010dn\u00fd st\u00f4l\u00a0 AF-3004 OAK je vyroben\u00fd z kvalitnej MDF dosky v kombin\u00e1cii s \u010diernym\u00a0 kovom. Poskytuje nad\u010dasov\u00fd dizajn a harmonicky dopln\u00ed v\u00e1\u0161 interi\u00e9r. Doska v tvare kruhu m\u00e1 priemer 80 cm, hr\u00fabku 1,5 cm. Nohy s\u00fa ku\u017ee\u013eovit\u00e9ho tvaru o priemere 2,5 cm, zu\u017euj\u00face sa na 1 cm. Mo\u017enos\u0165 dok\u00fapi\u0165 pr\u00edru\u010dn\u00fd stol\u00edk v rovnakom dek\u00f3re. Farba:&#8230;<\/p>\n","protected":false},"featured_media":97417,"comment_status":"closed","ping_status":"closed","template":"","meta":{"_seopress_robots_primary_cat":"none","_seopress_titles_title":"","_seopress_titles_desc":"","_seopress_robots_index":""},"product_brand":[],"product_cat":[221],"product_tag":[],"class_list":{"0":"post-119685","1":"product","2":"type-product","3":"status-publish","4":"has-post-thumbnail","6":"product_cat-konferencne-stoliky","8":"first","9":"onbackorder","10":"shipping-taxable","11":"purchasable","12":"product-type-simple"},"_links":{"self":[{"href":"https:\/\/nabytoklaguna.sk\/sk\/wp-json\/wp\/v2\/product\/119685","targetHints":{"allow":["GET"]}}],"collection":[{"href":"https:\/\/nabytoklaguna.sk\/sk\/wp-json\/wp\/v2\/product"}],"about":[{"href":"https:\/\/nabytoklaguna.sk\/sk\/wp-json\/wp\/v2\/types\/product"}],"replies":[{"embeddable":true,"href":"https:\/\/nabytoklaguna.sk\/sk\/wp-json\/wp\/v2\/comments?post=119685"}],"wp:featuredmedia":[{"embeddable":true,"href":"https:\/\/nabytoklaguna.sk\/sk\/wp-json\/wp\/v2\/media\/97417"}],"wp:attachment":[{"href":"https:\/\/nabytoklaguna.sk\/sk\/wp-json\/wp\/v2\/media?parent=119685"}],"wp:term":[{"taxonomy":"product_brand","embeddable":true,"href":"https:\/\/nabytoklaguna.sk\/sk\/wp-json\/wp\/v2\/product_brand?post=119685"},{"taxonomy":"product_cat","embeddable":true,"href":"https:\/\/nabytoklaguna.sk\/sk\/wp-json\/wp\/v2\/product_cat?post=119685"},{"taxonomy":"product_tag","embeddable":true,"href":"https:\/\/nabytoklaguna.sk\/sk\/wp-json\/wp\/v2\/product_tag?post=119685"}],"curies":[{"name":"wp","href":"https:\/\/api.w.org\/{rel}","templated":true}]}}