{"id":119687,"date":"2023-04-22T20:12:00","date_gmt":"2023-04-22T20:12:00","guid":{"rendered":"https:\/\/nabytoklaguna.sk\/sk\/?post_type=product&#038;p=119687"},"modified":"2023-08-23T17:23:58","modified_gmt":"2023-08-23T15:23:58","slug":"jedalensky-set-jerry","status":"publish","type":"product","link":"https:\/\/nabytoklaguna.sk\/sk\/produkt\/jedalensky-set-jerry\/","title":{"rendered":"Jed\u00e1lensk\u00fd set Jerry"},"content":{"rendered":"<p>Jed\u00e1lensk\u00fd set Jerry 4+1. Kon\u0161trukcia stoli\u010diek je kovov\u00e1, opatren\u00e1 kvalitn\u00fdm pr\u00e1\u0161kov\u00fdm n\u00e1strekom vo farbe striebra. Doska stola je z kvalitn\u00e9ho MDF materi\u00e1lu o hr\u00fabke 1,8 cm v dek\u00f3re SAN REMO. Po\u0165ah stoli\u010diek je z odolnej \u010diernej l\u00e1tky s polstrovan\u00edm s PU peny. Opatren\u00e9 plastov\u00fdmi klz\u00e1kmi proti po\u0161kriabaniu podlahy. Ak teda st\u00e1le h\u013ead\u00e1te v\u00fdhodn\u00fd a kvalitn\u00fd set do va\u0161ej dom\u00e1cnosti, je to pre v\u00e1s t\u00e1 spr\u00e1vna vo\u013eba. Dod\u00e1vane v demonte.<\/p>\n<table>\n<tbody>\n<tr>\n<td class=\"popis\">\u0160\u00edrka (cm):<\/td>\n<td>st\u00f4l &#8211; 110<br \/>\nstoli\u010dka &#8211; 43<\/td>\n<\/tr>\n<tr>\n<td class=\"popis\">Nosnos\u0165 (kg):<\/td>\n<td>st\u00f4l &#8211; 100<\/td>\n<\/tr>\n<tr>\n<td class=\"popis\">V\u00fd\u0161ka (cm):<\/td>\n<td>st\u00f4l &#8211; 76<br \/>\nstoli\u010dka &#8211; 84<\/td>\n<\/tr>\n<tr>\n<td class=\"popis\">\u0160\u00edrka sedu:<\/td>\n<td>stoli\u010dka &#8211; 43 cm<\/td>\n<\/tr>\n<tr>\n<td class=\"popis\">H\u013abka sedu:<\/td>\n<td>stoli\u010dka &#8211; 40 cm<\/td>\n<\/tr>\n<tr>\n<td class=\"popis\">V\u00fd\u0161ka sedu:<\/td>\n<td>stoli\u010dka &#8211; 44 cm<\/td>\n<\/tr>\n<tr>\n<td class=\"popis\">Hr\u00fabka dosky:<\/td>\n<td>1,5 cm<\/td>\n<\/tr>\n<\/tbody>\n<\/table>\n","protected":false},"excerpt":{"rendered":"<p>Jed\u00e1lensk\u00fd set Jerry 4+1. Kon\u0161trukcia stoli\u010diek je kovov\u00e1, opatren\u00e1 kvalitn\u00fdm pr\u00e1\u0161kov\u00fdm n\u00e1strekom vo farbe striebra. Doska stola je z kvalitn\u00e9ho MDF materi\u00e1lu o hr\u00fabke 1,8 cm v dek\u00f3re SAN REMO. Po\u0165ah stoli\u010diek je z odolnej \u010diernej l\u00e1tky s polstrovan\u00edm s PU peny. Opatren\u00e9 plastov\u00fdmi klz\u00e1kmi proti po\u0161kriabaniu podlahy. Ak teda st\u00e1le h\u013ead\u00e1te v\u00fdhodn\u00fd a kvalitn\u00fd&#8230;<\/p>\n","protected":false},"featured_media":97682,"comment_status":"closed","ping_status":"closed","template":"","meta":{"_seopress_robots_primary_cat":"none","_seopress_titles_title":"","_seopress_titles_desc":"","_seopress_robots_index":""},"product_brand":[],"product_cat":[246,243],"product_tag":[],"class_list":{"0":"post-119687","1":"product","2":"type-product","3":"status-publish","4":"has-post-thumbnail","6":"product_cat-jedalenske-sety","7":"product_cat-stoly","9":"first","10":"onbackorder","11":"shipping-taxable","12":"purchasable","13":"product-type-simple"},"_links":{"self":[{"href":"https:\/\/nabytoklaguna.sk\/sk\/wp-json\/wp\/v2\/product\/119687","targetHints":{"allow":["GET"]}}],"collection":[{"href":"https:\/\/nabytoklaguna.sk\/sk\/wp-json\/wp\/v2\/product"}],"about":[{"href":"https:\/\/nabytoklaguna.sk\/sk\/wp-json\/wp\/v2\/types\/product"}],"replies":[{"embeddable":true,"href":"https:\/\/nabytoklaguna.sk\/sk\/wp-json\/wp\/v2\/comments?post=119687"}],"wp:featuredmedia":[{"embeddable":true,"href":"https:\/\/nabytoklaguna.sk\/sk\/wp-json\/wp\/v2\/media\/97682"}],"wp:attachment":[{"href":"https:\/\/nabytoklaguna.sk\/sk\/wp-json\/wp\/v2\/media?parent=119687"}],"wp:term":[{"taxonomy":"product_brand","embeddable":true,"href":"https:\/\/nabytoklaguna.sk\/sk\/wp-json\/wp\/v2\/product_brand?post=119687"},{"taxonomy":"product_cat","embeddable":true,"href":"https:\/\/nabytoklaguna.sk\/sk\/wp-json\/wp\/v2\/product_cat?post=119687"},{"taxonomy":"product_tag","embeddable":true,"href":"https:\/\/nabytoklaguna.sk\/sk\/wp-json\/wp\/v2\/product_tag?post=119687"}],"curies":[{"name":"wp","href":"https:\/\/api.w.org\/{rel}","templated":true}]}}