{"id":119690,"date":"2023-04-22T20:12:00","date_gmt":"2023-04-22T20:12:00","guid":{"rendered":"https:\/\/nabytoklaguna.sk\/sk\/?post_type=product&#038;p=119690"},"modified":"2023-08-23T17:23:59","modified_gmt":"2023-08-23T15:23:59","slug":"autronic-ak-921","status":"publish","type":"product","link":"https:\/\/nabytoklaguna.sk\/sk\/produkt\/autronic-ak-921\/","title":{"rendered":"AUTRONIC AK-921"},"content":{"rendered":"<p>Jednoduch\u00fd a modern\u00fd vzh\u013ead v sivostriebornej farbe, bukov\u00e9 mas\u00edvne no\u017ei\u010dky, \u010dierny matn\u00fd lak, \u00falo\u017en\u00fd priestor? To v\u0161etko pon\u00faka rozkladacia seda\u010dka AUTRONIC AK-921. Seda\u010dka je celo\u010dal\u00fanen\u00e1, vr\u00e1tane zadnej \u010dasti. Dominuje jej v\u00fdrazn\u00e9 vertik\u00e1lne pre\u0161itie. Kostra seda\u010dky je z mas\u00edvneho dreva a v\u00fdplne seda\u010dky s\u00fa z kvalitnej PU peny naviac vystu\u017een\u00fdmi Bonellov\u00fdmi pru\u017einami, ktor\u00e9 zabezpe\u010duj\u00fa lep\u0161iu kvalitu \u010di u\u017e na le\u0148o\u0161enie alebo spanie. Taktie\u017e pon\u00fakaj\u00fa vy\u0161\u0161\u00ed komfort a odolnos\u0165 vo\u010di opotrebeniu. Vhodn\u00e9 je umiestnenie nie len k stene, ale i dominantne v strede miestnosti. Svetl\u00e1 v\u00fd\u0161ka seda\u010dky je 12 cm, v\u00fd\u0161ka podr\u00fa\u010diekk je 60 cm a \u0161\u00edrk 6 cm. Celkov\u00e1 nosnos\u0165 je 270 kg, \u010di\u017ee 90 kg na osobu. Dod\u00e1van\u00e9 v demonte.<\/p>\n<table>\n<tbody>\n<tr>\n<td class=\"popis\">Opierky:<\/td>\n<td>\u0161\u00edrka &#8211; 8 cm<br \/>\nv\u00fd\u0161ka &#8211; 60 cm<\/td>\n<\/tr>\n<tr>\n<td class=\"popis\">Gram\u00e1\u017e po\u0165ahu:<\/td>\n<td>330 g\/m2<\/td>\n<\/tr>\n<tr>\n<td class=\"popis\">Martindale:<\/td>\n<td>50 000 ot.<\/td>\n<\/tr>\n<tr>\n<td class=\"popis\">\u0160\u00edrka (cm):<\/td>\n<td>217<\/td>\n<\/tr>\n<tr>\n<td class=\"popis\">H\u013abka (cm):<\/td>\n<td>99<br \/>\npri rozlo\u017een\u00ed 137 cm<\/td>\n<\/tr>\n<tr>\n<td class=\"popis\">V\u00fd\u0161ka (cm):<\/td>\n<td>88<\/td>\n<\/tr>\n<tr>\n<td class=\"popis\">Volite\u013en\u00fd po\u0165ah:<\/td>\n<td>nie<\/td>\n<\/tr>\n<tr>\n<td class=\"popis\">V\u00fd\u0161ka sedenia:<\/td>\n<td>45 cm<\/td>\n<\/tr>\n<tr>\n<td class=\"popis\">\u0160\u00edrka sedenia:<\/td>\n<td>200 cm<\/td>\n<\/tr>\n<tr>\n<td class=\"popis\">H\u013abka sedenia:<\/td>\n<td>55 cm<\/td>\n<\/tr>\n<\/tbody>\n<\/table>\n","protected":false},"excerpt":{"rendered":"<p>Jednoduch\u00fd a modern\u00fd vzh\u013ead v sivostriebornej farbe, bukov\u00e9 mas\u00edvne no\u017ei\u010dky, \u010dierny matn\u00fd lak, \u00falo\u017en\u00fd priestor? To v\u0161etko pon\u00faka rozkladacia seda\u010dka AUTRONIC AK-921. Seda\u010dka je celo\u010dal\u00fanen\u00e1, vr\u00e1tane zadnej \u010dasti. Dominuje jej v\u00fdrazn\u00e9 vertik\u00e1lne pre\u0161itie. Kostra seda\u010dky je z mas\u00edvneho dreva a v\u00fdplne seda\u010dky s\u00fa z kvalitnej PU peny naviac vystu\u017een\u00fdmi Bonellov\u00fdmi pru\u017einami, ktor\u00e9 zabezpe\u010duj\u00fa lep\u0161iu kvalitu&#8230;<\/p>\n","protected":false},"featured_media":99770,"comment_status":"closed","ping_status":"closed","template":"","meta":{"_seopress_robots_primary_cat":"none","_seopress_titles_title":"","_seopress_titles_desc":"","_seopress_robots_index":""},"product_brand":[],"product_cat":[140],"product_tag":[],"class_list":{"0":"post-119690","1":"product","2":"type-product","3":"status-publish","4":"has-post-thumbnail","6":"product_cat-sedacie-supravy","8":"first","9":"onbackorder","10":"shipping-taxable","11":"purchasable","12":"product-type-simple"},"_links":{"self":[{"href":"https:\/\/nabytoklaguna.sk\/sk\/wp-json\/wp\/v2\/product\/119690","targetHints":{"allow":["GET"]}}],"collection":[{"href":"https:\/\/nabytoklaguna.sk\/sk\/wp-json\/wp\/v2\/product"}],"about":[{"href":"https:\/\/nabytoklaguna.sk\/sk\/wp-json\/wp\/v2\/types\/product"}],"replies":[{"embeddable":true,"href":"https:\/\/nabytoklaguna.sk\/sk\/wp-json\/wp\/v2\/comments?post=119690"}],"wp:featuredmedia":[{"embeddable":true,"href":"https:\/\/nabytoklaguna.sk\/sk\/wp-json\/wp\/v2\/media\/99770"}],"wp:attachment":[{"href":"https:\/\/nabytoklaguna.sk\/sk\/wp-json\/wp\/v2\/media?parent=119690"}],"wp:term":[{"taxonomy":"product_brand","embeddable":true,"href":"https:\/\/nabytoklaguna.sk\/sk\/wp-json\/wp\/v2\/product_brand?post=119690"},{"taxonomy":"product_cat","embeddable":true,"href":"https:\/\/nabytoklaguna.sk\/sk\/wp-json\/wp\/v2\/product_cat?post=119690"},{"taxonomy":"product_tag","embeddable":true,"href":"https:\/\/nabytoklaguna.sk\/sk\/wp-json\/wp\/v2\/product_tag?post=119690"}],"curies":[{"name":"wp","href":"https:\/\/api.w.org\/{rel}","templated":true}]}}