{"id":119692,"date":"2023-04-22T20:12:00","date_gmt":"2023-04-22T20:12:00","guid":{"rendered":"https:\/\/nabytoklaguna.sk\/sk\/?post_type=product&#038;p=119692"},"modified":"2025-10-29T11:48:11","modified_gmt":"2025-10-29T10:48:11","slug":"ka-b1083-bk","status":"publish","type":"product","link":"https:\/\/nabytoklaguna.sk\/sk\/produkt\/ka-b1083-bk\/","title":{"rendered":"KA-B1083 BK"},"content":{"rendered":"<p>Kancel\u00e1rska stoli\u010dka KA-B1083 v \u010diernom preveden\u00ed s komfortn\u00fdm sed\u00e1kom a v\u00fd\u0161kovo nastavite\u013enou opierkou hlavy, nastavite\u013enou bedrovou opierkou bude tou spr\u00e1vnou vo\u013ebou pri dlhom \u010dase str\u00e1venom pri po\u010d\u00edta\u010di. K pohodliu pridaj\u00fa aj nastavite\u013en\u00e9 pr\u00edjemn\u00e9\u00a0 podr\u00fa\u010dky polohovate\u013en\u00e9 vo v\u0161etk\u00fdch smeroch. Hlin\u00edkov\u00fd spodn\u00fd kr\u00ed\u017e zasa poskytne dobr\u00fa pevnos\u0165 a stabilitu pri seden\u00ed. Nosnos\u0165 cca 110 kg.<\/p>\n<p>Po\u0165ah je vyroben\u00fd\u00a0 v kombin\u00e1cii\u00a0 \u010diernej sie\u0165oviny MESH a MESH l\u00e1tky.<\/p>\n<table style=\"width: 100%; height: 41px;\">\n<tbody>\n<tr style=\"height: 41px;\">\n<td class=\"popis\" style=\"width: 63.4547%; height: 41px;\">Rozmery:<\/td>\n<td style=\"width: 36.4026%; height: 41px;\"><span id=\"ctl00_ctl00_PageCPH_MainCPH_RozmeryLBL\" class=\"blue\">71x56x114-123&#215;43-52 cm<\/span><\/td>\n<\/tr>\n<\/tbody>\n<\/table>\n<table style=\"width: 100%;\">\n<tbody>\n<tr>\n<td class=\"popis\" style=\"width: 63.4547%;\">\u0160\u00edrka sedenia:<\/td>\n<td style=\"width: 36.4026%;\">50 cm<\/td>\n<\/tr>\n<tr>\n<td class=\"popis\" style=\"width: 63.4547%;\">H\u013abka sedenia:<\/td>\n<td style=\"width: 36.4026%;\">49 cm<\/td>\n<\/tr>\n<tr>\n<td class=\"popis\" style=\"width: 63.4547%;\">V\u00fd\u0161ka sedenia:<\/td>\n<td style=\"width: 36.4026%;\">43-52 cm<\/td>\n<\/tr>\n<tr>\n<td class=\"popis\" style=\"width: 63.4547%;\">Dod\u00e1van\u00e9 v demonte<\/td>\n<td style=\"width: 36.4026%;\"><\/td>\n<\/tr>\n<\/tbody>\n<\/table>\n","protected":false},"excerpt":{"rendered":"<p>Kancel\u00e1rska stoli\u010dka KA-B1083 v \u010diernom preveden\u00ed s komfortn\u00fdm sed\u00e1kom a v\u00fd\u0161kovo nastavite\u013enou opierkou hlavy, nastavite\u013enou bedrovou opierkou bude tou spr\u00e1vnou vo\u013ebou pri dlhom \u010dase str\u00e1venom pri po\u010d\u00edta\u010di. K pohodliu pridaj\u00fa aj nastavite\u013en\u00e9 pr\u00edjemn\u00e9\u00a0 podr\u00fa\u010dky polohovate\u013en\u00e9 vo v\u0161etk\u00fdch smeroch. Hlin\u00edkov\u00fd spodn\u00fd kr\u00ed\u017e zasa poskytne dobr\u00fa pevnos\u0165 a stabilitu pri seden\u00ed. Nosnos\u0165 cca 110 kg. Po\u0165ah je&#8230;<\/p>\n","protected":false},"featured_media":97786,"comment_status":"closed","ping_status":"closed","template":"","meta":{"_seopress_robots_primary_cat":"none","_seopress_titles_title":"","_seopress_titles_desc":"","_seopress_robots_index":""},"product_brand":[],"product_cat":[242],"product_tag":[],"class_list":{"0":"post-119692","1":"product","2":"type-product","3":"status-publish","4":"has-post-thumbnail","6":"product_cat-kancelarske-stolicky","8":"first","9":"onbackorder","10":"shipping-taxable","11":"purchasable","12":"product-type-simple"},"_links":{"self":[{"href":"https:\/\/nabytoklaguna.sk\/sk\/wp-json\/wp\/v2\/product\/119692","targetHints":{"allow":["GET"]}}],"collection":[{"href":"https:\/\/nabytoklaguna.sk\/sk\/wp-json\/wp\/v2\/product"}],"about":[{"href":"https:\/\/nabytoklaguna.sk\/sk\/wp-json\/wp\/v2\/types\/product"}],"replies":[{"embeddable":true,"href":"https:\/\/nabytoklaguna.sk\/sk\/wp-json\/wp\/v2\/comments?post=119692"}],"wp:featuredmedia":[{"embeddable":true,"href":"https:\/\/nabytoklaguna.sk\/sk\/wp-json\/wp\/v2\/media\/97786"}],"wp:attachment":[{"href":"https:\/\/nabytoklaguna.sk\/sk\/wp-json\/wp\/v2\/media?parent=119692"}],"wp:term":[{"taxonomy":"product_brand","embeddable":true,"href":"https:\/\/nabytoklaguna.sk\/sk\/wp-json\/wp\/v2\/product_brand?post=119692"},{"taxonomy":"product_cat","embeddable":true,"href":"https:\/\/nabytoklaguna.sk\/sk\/wp-json\/wp\/v2\/product_cat?post=119692"},{"taxonomy":"product_tag","embeddable":true,"href":"https:\/\/nabytoklaguna.sk\/sk\/wp-json\/wp\/v2\/product_tag?post=119692"}],"curies":[{"name":"wp","href":"https:\/\/api.w.org\/{rel}","templated":true}]}}