{"id":119693,"date":"2023-04-22T20:12:00","date_gmt":"2023-04-22T20:12:00","guid":{"rendered":"https:\/\/nabytoklaguna.sk\/sk\/?post_type=product&#038;p=119693"},"modified":"2025-10-28T13:12:23","modified_gmt":"2025-10-28T12:12:23","slug":"ka-f07","status":"publish","type":"product","link":"https:\/\/nabytoklaguna.sk\/sk\/produkt\/ka-f07\/","title":{"rendered":"KA-F07"},"content":{"rendered":"<p>Luxusn\u00e9 hern\u00e9 kreslo je Extra \u010dlen E-racer kolekcie. Po\u0165ah tohto kresla je kombin\u00e1ciou \u010diernej semi\u0161ovej l\u00e1tky a \u010diernej ekoko\u017ee s vy\u0161\u00edvan\u00fdm n\u00e1pisom &#8220;e-racer&#8221; s v\u00fdrazn\u00fdm \u010derven\u00fdm pre\u0161\u00edvan\u00edm kresla a v\u00fdrazn\u00fdmi pretek\u00e1rskymi pruhmi. Vn\u00fatorn\u00fa kostru tvor\u00ed oce\u013eov\u00fd r\u00e1m, ktor\u00fd tvor\u00ed pevn\u00fa z\u00e1klad\u0148u pre kreslo i majite\u013ea. V\u00fdpl\u0148 sedadla je z mas\u00edvnej PU peny, ktor\u00fa dotv\u00e1raj\u00fa elastick\u00e9 popruhy a dod\u00e1vaj\u00fa mu pevnos\u0165 a dlh\u00fa trv\u00e1cnos\u0165. Kreslo je vybaven\u00e9 hojdac\u00edm mechanizmom, pri\u010dom silu hojdania sa vieme regulova\u0165 skrutkou pod sed\u00e1kom. V\u00fd\u0161ku sedenie vieme taktie\u017e regulova\u0165 v pravej \u010dasti kresla.\u00a0 Mas\u00edvny kovov\u00fd kr\u00ed\u017e \u010diernej farby je osaden\u00fd kolieskami vhodn\u00fdmi aj na koberce. Kreslo poskytuje v\u00fdborn\u00fa oporu cel\u00e9ho chrbta a podporuje spr\u00e1vne dr\u017eanie chrbtice s mo\u017enos\u0165ou nastavi\u0165 jeho sklon od 90\u00b0 do 180\u00b0. Nosnos\u0165 stoli\u010dky je 130 kg.<\/p>\n<table>\n<tbody>\n<tr>\n<td class=\"popis\">V\u00fd\u0161ka (cm):<\/td>\n<td>124-131<\/td>\n<\/tr>\n<tr>\n<td class=\"popis\">\u0160\u00edrka (cm):<\/td>\n<td>73<\/td>\n<\/tr>\n<tr>\n<td class=\"popis\">H\u013abka (cm):<\/td>\n<td>70<\/td>\n<\/tr>\n<tr>\n<td class=\"popis\">V\u00fd\u0161ka sedenia (cm):<\/td>\n<td>46-53<\/td>\n<\/tr>\n<tr>\n<td class=\"popis\">Dod\u00e1van\u00e9 v demonte<\/td>\n<td><\/td>\n<\/tr>\n<\/tbody>\n<\/table>\n","protected":false},"excerpt":{"rendered":"<p>Luxusn\u00e9 hern\u00e9 kreslo je Extra \u010dlen E-racer kolekcie. Po\u0165ah tohto kresla je kombin\u00e1ciou \u010diernej semi\u0161ovej l\u00e1tky a \u010diernej ekoko\u017ee s vy\u0161\u00edvan\u00fdm n\u00e1pisom &#8220;e-racer&#8221; s v\u00fdrazn\u00fdm \u010derven\u00fdm pre\u0161\u00edvan\u00edm kresla a v\u00fdrazn\u00fdmi pretek\u00e1rskymi pruhmi. Vn\u00fatorn\u00fa kostru tvor\u00ed oce\u013eov\u00fd r\u00e1m, ktor\u00fd tvor\u00ed pevn\u00fa z\u00e1klad\u0148u pre kreslo i majite\u013ea. V\u00fdpl\u0148 sedadla je z mas\u00edvnej PU peny, ktor\u00fa dotv\u00e1raj\u00fa elastick\u00e9&#8230;<\/p>\n","protected":false},"featured_media":97796,"comment_status":"closed","ping_status":"closed","template":"","meta":{"_seopress_robots_primary_cat":"none","_seopress_titles_title":"","_seopress_titles_desc":"","_seopress_robots_index":""},"product_brand":[],"product_cat":[242],"product_tag":[],"class_list":{"0":"post-119693","1":"product","2":"type-product","3":"status-publish","4":"has-post-thumbnail","6":"product_cat-kancelarske-stolicky","8":"first","9":"onbackorder","10":"shipping-taxable","11":"purchasable","12":"product-type-simple"},"_links":{"self":[{"href":"https:\/\/nabytoklaguna.sk\/sk\/wp-json\/wp\/v2\/product\/119693","targetHints":{"allow":["GET"]}}],"collection":[{"href":"https:\/\/nabytoklaguna.sk\/sk\/wp-json\/wp\/v2\/product"}],"about":[{"href":"https:\/\/nabytoklaguna.sk\/sk\/wp-json\/wp\/v2\/types\/product"}],"replies":[{"embeddable":true,"href":"https:\/\/nabytoklaguna.sk\/sk\/wp-json\/wp\/v2\/comments?post=119693"}],"wp:featuredmedia":[{"embeddable":true,"href":"https:\/\/nabytoklaguna.sk\/sk\/wp-json\/wp\/v2\/media\/97796"}],"wp:attachment":[{"href":"https:\/\/nabytoklaguna.sk\/sk\/wp-json\/wp\/v2\/media?parent=119693"}],"wp:term":[{"taxonomy":"product_brand","embeddable":true,"href":"https:\/\/nabytoklaguna.sk\/sk\/wp-json\/wp\/v2\/product_brand?post=119693"},{"taxonomy":"product_cat","embeddable":true,"href":"https:\/\/nabytoklaguna.sk\/sk\/wp-json\/wp\/v2\/product_cat?post=119693"},{"taxonomy":"product_tag","embeddable":true,"href":"https:\/\/nabytoklaguna.sk\/sk\/wp-json\/wp\/v2\/product_tag?post=119693"}],"curies":[{"name":"wp","href":"https:\/\/api.w.org\/{rel}","templated":true}]}}