{"id":119694,"date":"2023-04-22T20:12:00","date_gmt":"2023-04-22T20:12:00","guid":{"rendered":"https:\/\/nabytoklaguna.sk\/sk\/?post_type=product&#038;p=119694"},"modified":"2025-09-10T13:30:07","modified_gmt":"2025-09-10T11:30:07","slug":"tempo-kondela-goldia-new","status":"publish","type":"product","link":"https:\/\/nabytoklaguna.sk\/sk\/produkt\/tempo-kondela-goldia-new\/","title":{"rendered":"K GOLDIA NEW"},"content":{"rendered":"<p>S pohovkou Goldia New v\u00e1\u0161 interi\u00e9r dov\u0155\u0161i \u00faplne in\u00fd level luxusu. Stredn\u00e1 \u010das\u0165 sa d\u00e1 sklopi\u0165 a vznik\u00e1 tak opierka na ruky, pr\u00edpadne stol\u00edk na \u0161\u00e1lku \u010daju alebo drobn\u00e9 ob\u010derstvenie. Jej kvalitn\u00e9 prevedenie v\u00e1s o\u010dar\u00ed na prv\u00fd poh\u013ead. Je rozkladacia, vo farebnom preveden\u00ed be\u017eov\u00e1 ekoko\u017ea.\u00a0 Oderuodolnos\u0165 ekoko\u017ee pod\u013ea testu Martindale: 100 000 oderov. Stoj\u00ed na kvalitn\u00fdch, kovov\u00fdch no\u017ei\u010dk\u00e1ch.<\/p>\n<table style=\"border-collapse: collapse; width: 100%; height: 500px;\">\n<tbody>\n<tr style=\"height: 50px;\">\n<td style=\"width: 50%; height: 50px;\"><strong>Rozmery (\u0160xHxV):\u00a0<\/strong><\/td>\n<td style=\"width: 50%; height: 50px;\">170x79x76 cm<\/td>\n<\/tr>\n<tr style=\"height: 50px;\">\n<td style=\"width: 50%; height: 50px;\"><strong>Plocha na spanie (\u0160xD):<\/strong><\/td>\n<td style=\"width: 50%; height: 50px;\">170&#215;101 cm<\/td>\n<\/tr>\n<tr style=\"height: 50px;\">\n<td style=\"width: 50%; height: 50px;\"><strong>V\u00fd\u0161ka sedu:<\/strong><\/td>\n<td style=\"width: 50%; height: 50px;\">37 cm<\/td>\n<\/tr>\n<tr style=\"height: 50px;\">\n<td style=\"width: 50%; height: 50px;\"><strong>H\u013abka sedu:<\/strong><\/td>\n<td style=\"width: 50%; height: 50px;\">50 cm<\/td>\n<\/tr>\n<tr style=\"height: 50px;\">\n<td style=\"width: 50%; height: 50px;\"><strong>V\u00fd\u0161ka chrbtovej opierky:<\/strong><\/td>\n<td style=\"width: 50%; height: 50px;\">45 cm<\/td>\n<\/tr>\n<tr style=\"height: 50px;\">\n<td style=\"width: 50%; height: 50px;\"><strong>V\u00fd\u0161ka no\u017ei\u010diek:<\/strong><\/td>\n<td style=\"width: 50%; height: 50px;\">18 cm<\/td>\n<\/tr>\n<tr style=\"height: 50px;\">\n<td style=\"width: 50%; height: 50px;\"><strong>Opierka na ruky (\u0160xH):\u00a0<\/strong><\/td>\n<td style=\"width: 50%; height: 50px;\">23&#215;45 cm<\/td>\n<\/tr>\n<tr style=\"height: 50px;\">\n<td style=\"width: 50%; height: 50px;\"><strong>Nosnos\u0165:\u00a0<\/strong><\/td>\n<td style=\"width: 50%; height: 50px;\">160 kg<\/td>\n<\/tr>\n<tr style=\"height: 50px;\">\n<td style=\"width: 50%; height: 50px;\"><strong>Hmotnos\u0165:\u00a0<\/strong><\/td>\n<td style=\"width: 50%; height: 50px;\">35 kg<\/td>\n<\/tr>\n<tr style=\"height: 50px;\">\n<td style=\"width: 50%; height: 50px;\"><strong>Dod\u00e1van\u00e9 v demonte<\/strong><\/td>\n<td style=\"width: 50%; height: 50px;\"><\/td>\n<\/tr>\n<\/tbody>\n<\/table>\n","protected":false},"excerpt":{"rendered":"<p>S pohovkou Goldia New v\u00e1\u0161 interi\u00e9r dov\u0155\u0161i \u00faplne in\u00fd level luxusu. Stredn\u00e1 \u010das\u0165 sa d\u00e1 sklopi\u0165 a vznik\u00e1 tak opierka na ruky, pr\u00edpadne stol\u00edk na \u0161\u00e1lku \u010daju alebo drobn\u00e9 ob\u010derstvenie. Jej kvalitn\u00e9 prevedenie v\u00e1s o\u010dar\u00ed na prv\u00fd poh\u013ead. Je rozkladacia, vo farebnom preveden\u00ed be\u017eov\u00e1 ekoko\u017ea.\u00a0 Oderuodolnos\u0165 ekoko\u017ee pod\u013ea testu Martindale: 100 000 oderov. Stoj\u00ed na&#8230;<\/p>\n","protected":false},"featured_media":98186,"comment_status":"closed","ping_status":"closed","template":"","meta":{"_seopress_robots_primary_cat":"none","_seopress_titles_title":"","_seopress_titles_desc":"","_seopress_robots_index":""},"product_brand":[],"product_cat":[219],"product_tag":[],"class_list":{"0":"post-119694","1":"product","2":"type-product","3":"status-publish","4":"has-post-thumbnail","6":"product_cat-pohovky","8":"first","9":"onbackorder","10":"shipping-taxable","11":"purchasable","12":"product-type-simple"},"_links":{"self":[{"href":"https:\/\/nabytoklaguna.sk\/sk\/wp-json\/wp\/v2\/product\/119694","targetHints":{"allow":["GET"]}}],"collection":[{"href":"https:\/\/nabytoklaguna.sk\/sk\/wp-json\/wp\/v2\/product"}],"about":[{"href":"https:\/\/nabytoklaguna.sk\/sk\/wp-json\/wp\/v2\/types\/product"}],"replies":[{"embeddable":true,"href":"https:\/\/nabytoklaguna.sk\/sk\/wp-json\/wp\/v2\/comments?post=119694"}],"wp:featuredmedia":[{"embeddable":true,"href":"https:\/\/nabytoklaguna.sk\/sk\/wp-json\/wp\/v2\/media\/98186"}],"wp:attachment":[{"href":"https:\/\/nabytoklaguna.sk\/sk\/wp-json\/wp\/v2\/media?parent=119694"}],"wp:term":[{"taxonomy":"product_brand","embeddable":true,"href":"https:\/\/nabytoklaguna.sk\/sk\/wp-json\/wp\/v2\/product_brand?post=119694"},{"taxonomy":"product_cat","embeddable":true,"href":"https:\/\/nabytoklaguna.sk\/sk\/wp-json\/wp\/v2\/product_cat?post=119694"},{"taxonomy":"product_tag","embeddable":true,"href":"https:\/\/nabytoklaguna.sk\/sk\/wp-json\/wp\/v2\/product_tag?post=119694"}],"curies":[{"name":"wp","href":"https:\/\/api.w.org\/{rel}","templated":true}]}}