{"id":119700,"date":"2023-04-22T20:12:00","date_gmt":"2023-04-22T20:12:00","guid":{"rendered":"https:\/\/nabytoklaguna.sk\/sk\/?post_type=product&#038;p=119700"},"modified":"2023-08-23T17:24:00","modified_gmt":"2023-08-23T15:24:00","slug":"tk-trio","status":"publish","type":"product","link":"https:\/\/nabytoklaguna.sk\/sk\/produkt\/tk-trio\/","title":{"rendered":"TK TRIO"},"content":{"rendered":"<p>Modern\u00e1 ob\u00fdvacia stena TRIO je \u0161ikovn\u00fd a praktick\u00fd kus n\u00e1bytku, ktor\u00fd poskytne domov pre v\u0161etky Va\u0161e nevyhnutnosti. Vyroben\u00fd je z laminovanej DTD a ABS hrany predl\u017eia \u017eivotnos\u0165 n\u00e1bytku. Ob\u00fdvacie stena je bez \u00fachytiek, dvierka sa otv\u00e1raj\u00fa dotykov\u00fdm syst\u00e9mom PUSH UP. Jedine\u010dnos\u0165 ob\u00fdvacej stene dod\u00e1va farebn\u00e9 prevedenie siv\u00e1\/dub craft zlat\u00fd.<\/p>\n<p>&nbsp;<\/p>\n<p>VLASTNOSTI<\/p>\n<div class=\"text\">\n<ul>\n<li><b>Materi\u00e1l:<\/b>\u00a0DTD laminovan\u00e1\/ABS hrany<\/li>\n<li><b>Farba:<\/b>\u00a0siv\u00e1\/dub craft zlat\u00fd<\/li>\n<li><b>Rozmery (\u0160xHxV):<\/b>\u00a0270x45x180 cm<\/li>\n<li>RTV stol\u00edk<\/li>\n<li>Tri skrinky, jeden \u0161upl\u00edk, otvoren\u00fd priestor<\/li>\n<li>Z\u00e1vesn\u00e1 dvojdverov\u00e1 skrinka<\/li>\n<li>Z\u00e1vesn\u00e1 skrinka s otvoren\u00fdm priestorom<\/li>\n<li>S dotykov\u00fdm syst\u00e9mom PUSH UP<\/li>\n<li>Dizajnov\u00e1<\/li>\n<li>Dod\u00e1van\u00e9 v demonte<\/li>\n<\/ul>\n<\/div>\n","protected":false},"excerpt":{"rendered":"<p>Modern\u00e1 ob\u00fdvacia stena TRIO je \u0161ikovn\u00fd a praktick\u00fd kus n\u00e1bytku, ktor\u00fd poskytne domov pre v\u0161etky Va\u0161e nevyhnutnosti. Vyroben\u00fd je z laminovanej DTD a ABS hrany predl\u017eia \u017eivotnos\u0165 n\u00e1bytku. Ob\u00fdvacie stena je bez \u00fachytiek, dvierka sa otv\u00e1raj\u00fa dotykov\u00fdm syst\u00e9mom PUSH UP. Jedine\u010dnos\u0165 ob\u00fdvacej stene dod\u00e1va farebn\u00e9 prevedenie siv\u00e1\/dub craft zlat\u00fd. &nbsp; VLASTNOSTI Materi\u00e1l:\u00a0DTD laminovan\u00e1\/ABS hrany Farba:\u00a0siv\u00e1\/dub&#8230;<\/p>\n","protected":false},"featured_media":98571,"comment_status":"closed","ping_status":"closed","template":"","meta":{"_seopress_robots_primary_cat":"none","_seopress_titles_title":"","_seopress_titles_desc":"","_seopress_robots_index":""},"product_brand":[],"product_cat":[182,251],"product_tag":[],"class_list":{"0":"post-119700","1":"product","2":"type-product","3":"status-publish","4":"has-post-thumbnail","6":"product_cat-obyvacie-steny","7":"product_cat-steny","9":"first","10":"onbackorder","11":"shipping-taxable","12":"purchasable","13":"product-type-simple"},"_links":{"self":[{"href":"https:\/\/nabytoklaguna.sk\/sk\/wp-json\/wp\/v2\/product\/119700","targetHints":{"allow":["GET"]}}],"collection":[{"href":"https:\/\/nabytoklaguna.sk\/sk\/wp-json\/wp\/v2\/product"}],"about":[{"href":"https:\/\/nabytoklaguna.sk\/sk\/wp-json\/wp\/v2\/types\/product"}],"replies":[{"embeddable":true,"href":"https:\/\/nabytoklaguna.sk\/sk\/wp-json\/wp\/v2\/comments?post=119700"}],"wp:featuredmedia":[{"embeddable":true,"href":"https:\/\/nabytoklaguna.sk\/sk\/wp-json\/wp\/v2\/media\/98571"}],"wp:attachment":[{"href":"https:\/\/nabytoklaguna.sk\/sk\/wp-json\/wp\/v2\/media?parent=119700"}],"wp:term":[{"taxonomy":"product_brand","embeddable":true,"href":"https:\/\/nabytoklaguna.sk\/sk\/wp-json\/wp\/v2\/product_brand?post=119700"},{"taxonomy":"product_cat","embeddable":true,"href":"https:\/\/nabytoklaguna.sk\/sk\/wp-json\/wp\/v2\/product_cat?post=119700"},{"taxonomy":"product_tag","embeddable":true,"href":"https:\/\/nabytoklaguna.sk\/sk\/wp-json\/wp\/v2\/product_tag?post=119700"}],"curies":[{"name":"wp","href":"https:\/\/api.w.org\/{rel}","templated":true}]}}