{"id":119705,"date":"2023-04-22T20:12:00","date_gmt":"2023-04-22T20:12:00","guid":{"rendered":"https:\/\/nabytoklaguna.sk\/sk\/?post_type=product&#038;p=119705"},"modified":"2026-01-15T00:56:34","modified_gmt":"2026-01-14T23:56:34","slug":"ka-y207-pink","status":"publish","type":"product","link":"https:\/\/nabytoklaguna.sk\/sk\/produkt\/ka-y207-pink\/","title":{"rendered":"KA-Y207 PINK"},"content":{"rendered":"<p>Elegantn\u00e9 a v\u00fdrazne \u0161portov\u00e9 kancel\u00e1rske kreslo v dizajne seda\u010dky pretek\u00e1rskeho vozidla so zaoblen\u00fdmi l\u00edniami. M\u00e1 v\u00fdborn\u00e9 ergonomick\u00e9 rozvrhnutie. Po\u0165ah je kombin\u00e1ciou \u010diernej a trendy ru\u017eovej ekoko\u017ee. Kostra je z oce\u013eov\u00fdch oh\u00fdban\u00fdch r\u00farok. Polstrovanie je z kvalitnej PU peny je z\u00e1rukou pohodln\u00e9ho posedenia. Ruky si m\u00f4\u017eete pohodlne polo\u017ei\u0165 na pevn\u00e9 plastov\u00e9 podr\u00fa\u010dky.<\/p>\n<p>Kreslo je vybaven\u00e9 hojdac\u00edm mechanizmom. Sila hojdania je regulovate\u013en\u00e1 plastovou skrutkou pod sed\u00e1kom. V\u00fd\u0161ka sedenia sa upravuje p\u00e1\u010dkou na pravej strane cez kvalitn\u00fd plynov\u00fd piest. Mas\u00edvny \u010dierny plastov\u00fd kr\u00ed\u017e je osaden\u00fd plastov\u00fdmi kolieskami na koberec. Nosnos\u0165 stoli\u010dky je a\u017e 120 kg.<\/p>\n<p>Dod\u00e1van\u00e9 v demonte<\/p>\n","protected":false},"excerpt":{"rendered":"<p>Elegantn\u00e9 a v\u00fdrazne \u0161portov\u00e9 kancel\u00e1rske kreslo v dizajne seda\u010dky pretek\u00e1rskeho vozidla so zaoblen\u00fdmi l\u00edniami. M\u00e1 v\u00fdborn\u00e9 ergonomick\u00e9 rozvrhnutie. Po\u0165ah je kombin\u00e1ciou \u010diernej a trendy ru\u017eovej ekoko\u017ee. Kostra je z oce\u013eov\u00fdch oh\u00fdban\u00fdch r\u00farok. Polstrovanie je z kvalitnej PU peny je z\u00e1rukou pohodln\u00e9ho posedenia. Ruky si m\u00f4\u017eete pohodlne polo\u017ei\u0165 na pevn\u00e9 plastov\u00e9 podr\u00fa\u010dky. Kreslo je vybaven\u00e9 hojdac\u00edm&#8230;<\/p>\n","protected":false},"featured_media":103511,"comment_status":"closed","ping_status":"closed","template":"","meta":{"_seopress_robots_primary_cat":"none","_seopress_titles_title":"","_seopress_titles_desc":"","_seopress_robots_index":""},"product_brand":[],"product_cat":[242],"product_tag":[],"class_list":{"0":"post-119705","1":"product","2":"type-product","3":"status-publish","4":"has-post-thumbnail","6":"product_cat-kancelarske-stolicky","8":"first","9":"onbackorder","10":"shipping-taxable","11":"purchasable","12":"product-type-simple"},"_links":{"self":[{"href":"https:\/\/nabytoklaguna.sk\/sk\/wp-json\/wp\/v2\/product\/119705","targetHints":{"allow":["GET"]}}],"collection":[{"href":"https:\/\/nabytoklaguna.sk\/sk\/wp-json\/wp\/v2\/product"}],"about":[{"href":"https:\/\/nabytoklaguna.sk\/sk\/wp-json\/wp\/v2\/types\/product"}],"replies":[{"embeddable":true,"href":"https:\/\/nabytoklaguna.sk\/sk\/wp-json\/wp\/v2\/comments?post=119705"}],"wp:featuredmedia":[{"embeddable":true,"href":"https:\/\/nabytoklaguna.sk\/sk\/wp-json\/wp\/v2\/media\/103511"}],"wp:attachment":[{"href":"https:\/\/nabytoklaguna.sk\/sk\/wp-json\/wp\/v2\/media?parent=119705"}],"wp:term":[{"taxonomy":"product_brand","embeddable":true,"href":"https:\/\/nabytoklaguna.sk\/sk\/wp-json\/wp\/v2\/product_brand?post=119705"},{"taxonomy":"product_cat","embeddable":true,"href":"https:\/\/nabytoklaguna.sk\/sk\/wp-json\/wp\/v2\/product_cat?post=119705"},{"taxonomy":"product_tag","embeddable":true,"href":"https:\/\/nabytoklaguna.sk\/sk\/wp-json\/wp\/v2\/product_tag?post=119705"}],"curies":[{"name":"wp","href":"https:\/\/api.w.org\/{rel}","templated":true}]}}