{"id":119714,"date":"2023-04-22T20:12:00","date_gmt":"2023-04-22T20:12:00","guid":{"rendered":"https:\/\/nabytoklaguna.sk\/sk\/?post_type=product&#038;p=119714"},"modified":"2025-02-24T13:31:08","modified_gmt":"2025-02-24T12:31:08","slug":"tempo-kondela-lota-new","status":"publish","type":"product","link":"https:\/\/nabytoklaguna.sk\/sk\/produkt\/tempo-kondela-lota-new\/","title":{"rendered":"K LOTA NEW"},"content":{"rendered":"<p>Relaxa\u010dn\u00e9 kreslo LOTA NEW, ktor\u00e9 sa d\u00e1 polohova\u0165 v troch bodoch s mo\u017enos\u0165ou nastavenia 5 stup\u0148ov v ka\u017edom bode v\u00e1m zaru\u010d\u00ed maxim\u00e1lny oddych a relax. L\u00e1tka v sivej farbe je nen\u00e1ro\u010dn\u00e1 na \u00fadr\u017ebu. kon\u0161trukciu tvor\u00ed kvalitn\u00fd kovov\u00fd r\u00e1m.<\/p>\n<ul>\n<li><b>Materi\u00e1l:<\/b>\u00a0l\u00e1tka\/kov<\/li>\n<li><b>Farba:<\/b>\u00a0 siv\u00e1<\/li>\n<li><b>Rozmery (\u0160xHxV):<\/b>\u00a0134x50x12 cm<\/li>\n<li><b>Nosnos\u0165:<\/b>\u00a090 kg<\/li>\n<li>Polohovacie<\/li>\n<li>3 body polohovania<\/li>\n<li>Kon\u0161trukciu tvor\u00ed kvalitn\u00fd skladac\u00ed kovov\u00fd r\u00e1m<\/li>\n<li>Dod\u00e1van\u00e9 v monte<\/li>\n<\/ul>\n","protected":false},"excerpt":{"rendered":"<p>Relaxa\u010dn\u00e9 kreslo LOTA NEW, ktor\u00e9 sa d\u00e1 polohova\u0165 v troch bodoch s mo\u017enos\u0165ou nastavenia 5 stup\u0148ov v ka\u017edom bode v\u00e1m zaru\u010d\u00ed maxim\u00e1lny oddych a relax. L\u00e1tka v sivej farbe je nen\u00e1ro\u010dn\u00e1 na \u00fadr\u017ebu. kon\u0161trukciu tvor\u00ed kvalitn\u00fd kovov\u00fd r\u00e1m. Materi\u00e1l:\u00a0l\u00e1tka\/kov Farba:\u00a0 siv\u00e1 Rozmery (\u0160xHxV):\u00a0134x50x12 cm Nosnos\u0165:\u00a090 kg Polohovacie 3 body polohovania Kon\u0161trukciu tvor\u00ed kvalitn\u00fd skladac\u00ed kovov\u00fd&#8230;<\/p>\n","protected":false},"featured_media":102174,"comment_status":"closed","ping_status":"closed","template":"","meta":{"_seopress_robots_primary_cat":"231","_seopress_titles_title":"","_seopress_titles_desc":"","_seopress_robots_index":""},"product_brand":[],"product_cat":[231],"product_tag":[],"class_list":{"0":"post-119714","1":"product","2":"type-product","3":"status-publish","4":"has-post-thumbnail","6":"product_cat-kresla","7":"pa_farba-camel-hneda","8":"pa_farba-siva","10":"first","11":"onbackorder","12":"shipping-taxable","13":"purchasable","14":"product-type-simple"},"_links":{"self":[{"href":"https:\/\/nabytoklaguna.sk\/sk\/wp-json\/wp\/v2\/product\/119714","targetHints":{"allow":["GET"]}}],"collection":[{"href":"https:\/\/nabytoklaguna.sk\/sk\/wp-json\/wp\/v2\/product"}],"about":[{"href":"https:\/\/nabytoklaguna.sk\/sk\/wp-json\/wp\/v2\/types\/product"}],"replies":[{"embeddable":true,"href":"https:\/\/nabytoklaguna.sk\/sk\/wp-json\/wp\/v2\/comments?post=119714"}],"wp:featuredmedia":[{"embeddable":true,"href":"https:\/\/nabytoklaguna.sk\/sk\/wp-json\/wp\/v2\/media\/102174"}],"wp:attachment":[{"href":"https:\/\/nabytoklaguna.sk\/sk\/wp-json\/wp\/v2\/media?parent=119714"}],"wp:term":[{"taxonomy":"product_brand","embeddable":true,"href":"https:\/\/nabytoklaguna.sk\/sk\/wp-json\/wp\/v2\/product_brand?post=119714"},{"taxonomy":"product_cat","embeddable":true,"href":"https:\/\/nabytoklaguna.sk\/sk\/wp-json\/wp\/v2\/product_cat?post=119714"},{"taxonomy":"product_tag","embeddable":true,"href":"https:\/\/nabytoklaguna.sk\/sk\/wp-json\/wp\/v2\/product_tag?post=119714"}],"curies":[{"name":"wp","href":"https:\/\/api.w.org\/{rel}","templated":true}]}}