{"id":119717,"date":"2023-04-22T20:12:00","date_gmt":"2023-04-22T20:12:00","guid":{"rendered":"https:\/\/nabytoklaguna.sk\/sk\/?post_type=product&#038;p=119717"},"modified":"2026-01-12T14:15:15","modified_gmt":"2026-01-12T13:15:15","slug":"k-regina-new","status":"publish","type":"product","link":"https:\/\/nabytoklaguna.sk\/sk\/produkt\/k-regina-new\/","title":{"rendered":"K REGINA NEW"},"content":{"rendered":"<p>Toaletn\u00fd stol\u00edk REGINA NEW s taburetom v barokovom \u0161t\u00fdle si zasl\u00fa\u017ei ka\u017ed\u00e1 \u017eena.\u00a0 Je v barokovom \u0161t\u00fdle, vyroben\u00fd z MDF, mas\u00edvneho dreva, striebornej l\u00e1tky a 100% polyesteru. S\u00fa\u010das\u0165ou s\u00fa aj kovov\u00e9 \u00fachytky na dvoch \u0161upl\u00edkoch. Biela farba prid\u00e1va stol\u00edku na elegantnosti. Samozrejmos\u0165ou je zrkadlo.<\/p>\n<ul>\n<li><b>Materi\u00e1l:<\/b>\u00a0MDF\/mas\u00edvne drevo\/l\u00e1tka-100% polyester\/kovov\u00e9 \u00fachytky<\/li>\n<li><b>Farba:<\/b>\u00a0biela\/strieborn\u00e1<\/li>\n<li><b>Rozmery (\u0160xHxV):<\/b>\u00a080x40x142 cm<\/li>\n<li><b>Rozmery taburetu (\u0160xHxV):<\/b>38x28x45 cm<\/li>\n<li><b>V\u00fd\u0161ka stol\u00edka po dosku:<\/b>\u00a077 cm<\/li>\n<li><b>Nosnos\u0165 taburetu:<\/b>\u00a090 kg<\/li>\n<li>So zrkadlom a taburetom<\/li>\n<li>\u0160tyri \u0161upl\u00edky<\/li>\n<li>S \u00falo\u017en\u00fdm priestorom<\/li>\n<li>Dod\u00e1van\u00e9 v demonte<\/li>\n<\/ul>\n","protected":false},"excerpt":{"rendered":"<p>Toaletn\u00fd stol\u00edk REGINA NEW s taburetom v barokovom \u0161t\u00fdle si zasl\u00fa\u017ei ka\u017ed\u00e1 \u017eena.\u00a0 Je v barokovom \u0161t\u00fdle, vyroben\u00fd z MDF, mas\u00edvneho dreva, striebornej l\u00e1tky a 100% polyesteru. S\u00fa\u010das\u0165ou s\u00fa aj kovov\u00e9 \u00fachytky na dvoch \u0161upl\u00edkoch. Biela farba prid\u00e1va stol\u00edku na elegantnosti. Samozrejmos\u0165ou je zrkadlo. Materi\u00e1l:\u00a0MDF\/mas\u00edvne drevo\/l\u00e1tka-100% polyester\/kovov\u00e9 \u00fachytky Farba:\u00a0biela\/strieborn\u00e1 Rozmery (\u0160xHxV):\u00a080x40x142 cm Rozmery taburetu (\u0160xHxV):38x28x45&#8230;<\/p>\n","protected":false},"featured_media":66838,"comment_status":"closed","ping_status":"closed","template":"","meta":{"_seopress_robots_primary_cat":"none","_seopress_titles_title":"","_seopress_titles_desc":"","_seopress_robots_index":""},"product_brand":[],"product_cat":[4809],"product_tag":[],"class_list":{"0":"post-119717","1":"product","2":"type-product","3":"status-publish","4":"has-post-thumbnail","6":"product_cat-toaletne-stoliky","8":"first","9":"onbackorder","10":"shipping-taxable","11":"purchasable","12":"product-type-simple"},"_links":{"self":[{"href":"https:\/\/nabytoklaguna.sk\/sk\/wp-json\/wp\/v2\/product\/119717","targetHints":{"allow":["GET"]}}],"collection":[{"href":"https:\/\/nabytoklaguna.sk\/sk\/wp-json\/wp\/v2\/product"}],"about":[{"href":"https:\/\/nabytoklaguna.sk\/sk\/wp-json\/wp\/v2\/types\/product"}],"replies":[{"embeddable":true,"href":"https:\/\/nabytoklaguna.sk\/sk\/wp-json\/wp\/v2\/comments?post=119717"}],"wp:featuredmedia":[{"embeddable":true,"href":"https:\/\/nabytoklaguna.sk\/sk\/wp-json\/wp\/v2\/media\/66838"}],"wp:attachment":[{"href":"https:\/\/nabytoklaguna.sk\/sk\/wp-json\/wp\/v2\/media?parent=119717"}],"wp:term":[{"taxonomy":"product_brand","embeddable":true,"href":"https:\/\/nabytoklaguna.sk\/sk\/wp-json\/wp\/v2\/product_brand?post=119717"},{"taxonomy":"product_cat","embeddable":true,"href":"https:\/\/nabytoklaguna.sk\/sk\/wp-json\/wp\/v2\/product_cat?post=119717"},{"taxonomy":"product_tag","embeddable":true,"href":"https:\/\/nabytoklaguna.sk\/sk\/wp-json\/wp\/v2\/product_tag?post=119717"}],"curies":[{"name":"wp","href":"https:\/\/api.w.org\/{rel}","templated":true}]}}