{"id":119718,"date":"2023-04-22T20:12:00","date_gmt":"2023-04-22T20:12:00","guid":{"rendered":"https:\/\/nabytoklaguna.sk\/sk\/?post_type=product&#038;p=119718"},"modified":"2026-01-12T14:03:25","modified_gmt":"2026-01-12T13:03:25","slug":"k-linet-new","status":"publish","type":"product","link":"https:\/\/nabytoklaguna.sk\/sk\/produkt\/k-linet-new\/","title":{"rendered":"K LINET NEW"},"content":{"rendered":"<p>Toaletn\u00fd stol\u00edk LINET NEW, ktor\u00fd si ob\u013e\u00fabi ka\u017ed\u00e1 \u017eena. Elegantn\u00fd a p\u00f4vabn\u00fd stol\u00edk, je vyroben\u00fd z bielej MDF, stoj\u00ed na mas\u00edvnych dreven\u00fdch noh\u00e1ch. S\u00fa\u010das\u0165ou je samozrejme zrkadlo a tri \u0161upl\u00edky. Ocen\u00edte aj taburet, ktor\u00fd je v strieborno-zlatom l\u00e1tkovom preveden\u00ed.<\/p>\n<ul>\n<li><b>Materi\u00e1l:<\/b>\u00a0MDF\/mas\u00edvne drevo\/kov\/100% polyester<\/li>\n<li><b>Farba:<\/b>\u00a0biela\/strieborno-zlat\u00e1<\/li>\n<li><b>Rozmery stol\u00edka (\u0160xHxV):<\/b>\u00a072x40x136 cm<\/li>\n<li><b>Celkov\u00e1 v\u00fd\u0161ka stol\u00edka:<\/b>\u00a0136 cm<\/li>\n<li><b>V\u00fd\u0161ka stol\u00edka po dosku:<\/b>\u00a077 cm<\/li>\n<li>So zrkadlom<\/li>\n<li>S taburetom<\/li>\n<li><b>Rozmery taburet (\u0160xHxV):<\/b>\u00a038x28x45 cm<\/li>\n<li>S \u00falo\u017en\u00fdm priestorom<\/li>\n<li>Barokov\u00fd \u0161t\u00fdl<\/li>\n<li>Tri \u0161upl\u00edky<\/li>\n<li>Kovov\u00e9 \u00fachytky<\/li>\n<li><b>Nosnos\u0165 stol\u00edka:<\/b>\u00a0100kg<\/li>\n<li><b>Nosnos\u0165 taburetu:<\/b>\u00a090kg<\/li>\n<li>Dod\u00e1van\u00e9 v demonte<\/li>\n<\/ul>\n","protected":false},"excerpt":{"rendered":"<p>Toaletn\u00fd stol\u00edk LINET NEW, ktor\u00fd si ob\u013e\u00fabi ka\u017ed\u00e1 \u017eena. Elegantn\u00fd a p\u00f4vabn\u00fd stol\u00edk, je vyroben\u00fd z bielej MDF, stoj\u00ed na mas\u00edvnych dreven\u00fdch noh\u00e1ch. S\u00fa\u010das\u0165ou je samozrejme zrkadlo a tri \u0161upl\u00edky. Ocen\u00edte aj taburet, ktor\u00fd je v strieborno-zlatom l\u00e1tkovom preveden\u00ed. Materi\u00e1l:\u00a0MDF\/mas\u00edvne drevo\/kov\/100% polyester Farba:\u00a0biela\/strieborno-zlat\u00e1 Rozmery stol\u00edka (\u0160xHxV):\u00a072x40x136 cm Celkov\u00e1 v\u00fd\u0161ka stol\u00edka:\u00a0136 cm V\u00fd\u0161ka stol\u00edka po dosku:\u00a077&#8230;<\/p>\n","protected":false},"featured_media":66844,"comment_status":"closed","ping_status":"closed","template":"","meta":{"_seopress_robots_primary_cat":"243","_seopress_titles_title":"","_seopress_titles_desc":"","_seopress_robots_index":""},"product_brand":[],"product_cat":[4809],"product_tag":[],"class_list":{"0":"post-119718","1":"product","2":"type-product","3":"status-publish","4":"has-post-thumbnail","6":"product_cat-toaletne-stoliky","8":"first","9":"onbackorder","10":"shipping-taxable","11":"purchasable","12":"product-type-simple"},"_links":{"self":[{"href":"https:\/\/nabytoklaguna.sk\/sk\/wp-json\/wp\/v2\/product\/119718","targetHints":{"allow":["GET"]}}],"collection":[{"href":"https:\/\/nabytoklaguna.sk\/sk\/wp-json\/wp\/v2\/product"}],"about":[{"href":"https:\/\/nabytoklaguna.sk\/sk\/wp-json\/wp\/v2\/types\/product"}],"replies":[{"embeddable":true,"href":"https:\/\/nabytoklaguna.sk\/sk\/wp-json\/wp\/v2\/comments?post=119718"}],"wp:featuredmedia":[{"embeddable":true,"href":"https:\/\/nabytoklaguna.sk\/sk\/wp-json\/wp\/v2\/media\/66844"}],"wp:attachment":[{"href":"https:\/\/nabytoklaguna.sk\/sk\/wp-json\/wp\/v2\/media?parent=119718"}],"wp:term":[{"taxonomy":"product_brand","embeddable":true,"href":"https:\/\/nabytoklaguna.sk\/sk\/wp-json\/wp\/v2\/product_brand?post=119718"},{"taxonomy":"product_cat","embeddable":true,"href":"https:\/\/nabytoklaguna.sk\/sk\/wp-json\/wp\/v2\/product_cat?post=119718"},{"taxonomy":"product_tag","embeddable":true,"href":"https:\/\/nabytoklaguna.sk\/sk\/wp-json\/wp\/v2\/product_tag?post=119718"}],"curies":[{"name":"wp","href":"https:\/\/api.w.org\/{rel}","templated":true}]}}