{"id":119724,"date":"2023-04-22T20:12:00","date_gmt":"2023-04-22T20:12:00","guid":{"rendered":"https:\/\/nabytoklaguna.sk\/sk\/?post_type=product&#038;p=119724"},"modified":"2025-09-30T14:42:24","modified_gmt":"2025-09-30T12:42:24","slug":"tender","status":"publish","type":"product","link":"https:\/\/nabytoklaguna.sk\/sk\/produkt\/tender\/","title":{"rendered":"K TENDER"},"content":{"rendered":"<p>Modern\u00fd, dizajnov\u00fd stol\u00edk <strong>TENDER<\/strong>, ktor\u00fd ur\u010dite vyu\u017eijete na viacero sp\u00f4sobov. Jeho farebn\u00e9 prevedenie bet\u00f3n v kombin\u00e1cii s \u010diernou si zamilujete na prv\u00fd poh\u013ead. Je vyroben\u00fd z kvalitn\u00fdch materi\u00e1lov a to oce\u013e v kombin\u00e1cii s drevom.<\/p>\n<ul>\n<li><b>Materi\u00e1l:<\/b>\u00a0oce\u013e\/drevo<\/li>\n<li><b>Farba:<\/b>\u00a0bet\u00f3n\/\u010dierna<\/li>\n<li><b>Rozmery (\u0160xHxV):<\/b>\u00a060x30x50 cm<\/li>\n<li>Dod\u00e1van\u00e9 v demonte<\/li>\n<\/ul>\n","protected":false},"excerpt":{"rendered":"<p>Modern\u00fd, dizajnov\u00fd stol\u00edk TENDER, ktor\u00fd ur\u010dite vyu\u017eijete na viacero sp\u00f4sobov. Jeho farebn\u00e9 prevedenie bet\u00f3n v kombin\u00e1cii s \u010diernou si zamilujete na prv\u00fd poh\u013ead. Je vyroben\u00fd z kvalitn\u00fdch materi\u00e1lov a to oce\u013e v kombin\u00e1cii s drevom. Materi\u00e1l:\u00a0oce\u013e\/drevo Farba:\u00a0bet\u00f3n\/\u010dierna Rozmery (\u0160xHxV):\u00a060x30x50 cm Dod\u00e1van\u00e9 v demonte<\/p>\n","protected":false},"featured_media":66930,"comment_status":"closed","ping_status":"closed","template":"","meta":{"_seopress_robots_primary_cat":"243","_seopress_titles_title":"","_seopress_titles_desc":"","_seopress_robots_index":""},"product_brand":[],"product_cat":[244,243],"product_tag":[],"class_list":{"0":"post-119724","1":"product","2":"type-product","3":"status-publish","4":"has-post-thumbnail","6":"product_cat-drevene-stoly","7":"product_cat-stoly","9":"first","10":"onbackorder","11":"shipping-taxable","12":"purchasable","13":"product-type-simple"},"_links":{"self":[{"href":"https:\/\/nabytoklaguna.sk\/sk\/wp-json\/wp\/v2\/product\/119724","targetHints":{"allow":["GET"]}}],"collection":[{"href":"https:\/\/nabytoklaguna.sk\/sk\/wp-json\/wp\/v2\/product"}],"about":[{"href":"https:\/\/nabytoklaguna.sk\/sk\/wp-json\/wp\/v2\/types\/product"}],"replies":[{"embeddable":true,"href":"https:\/\/nabytoklaguna.sk\/sk\/wp-json\/wp\/v2\/comments?post=119724"}],"wp:featuredmedia":[{"embeddable":true,"href":"https:\/\/nabytoklaguna.sk\/sk\/wp-json\/wp\/v2\/media\/66930"}],"wp:attachment":[{"href":"https:\/\/nabytoklaguna.sk\/sk\/wp-json\/wp\/v2\/media?parent=119724"}],"wp:term":[{"taxonomy":"product_brand","embeddable":true,"href":"https:\/\/nabytoklaguna.sk\/sk\/wp-json\/wp\/v2\/product_brand?post=119724"},{"taxonomy":"product_cat","embeddable":true,"href":"https:\/\/nabytoklaguna.sk\/sk\/wp-json\/wp\/v2\/product_cat?post=119724"},{"taxonomy":"product_tag","embeddable":true,"href":"https:\/\/nabytoklaguna.sk\/sk\/wp-json\/wp\/v2\/product_tag?post=119724"}],"curies":[{"name":"wp","href":"https:\/\/api.w.org\/{rel}","templated":true}]}}