{"id":119725,"date":"2023-04-22T20:12:00","date_gmt":"2023-04-22T20:12:00","guid":{"rendered":"https:\/\/nabytoklaguna.sk\/sk\/?post_type=product&#038;p=119725"},"modified":"2026-01-13T15:01:02","modified_gmt":"2026-01-13T14:01:02","slug":"k-pamino","status":"publish","type":"product","link":"https:\/\/nabytoklaguna.sk\/sk\/produkt\/k-pamino\/","title":{"rendered":"K PAMINO"},"content":{"rendered":"<p>Pr\u00edru\u010dn\u00fd stol\u00edk PAMIN0 v \u0161kandin\u00e1vskom \u0161t\u00fdle v\u00e1s zaujme na prv\u00fd poh\u013ead. Vyroben\u00fd je z lakovanej MDF a jeho dreven\u00e9 nohy s\u00fa z PVC f\u00f3lie. Tento stol\u00edk \u013eahko skombinujete.<\/p>\n<ul>\n<li><b>Materi\u00e1l:<\/b>\u00a0MDF lakovan\u00fd\/dreven\u00e9 nohy (PVC f\u00f3lia)<\/li>\n<li><b>Farba:\u00a0<\/b>biela\/pr\u00edrodn\u00e1<\/li>\n<li><b>Rozmery (\u0160xHxV):<\/b>40x40x42 cm<\/li>\n<li>Dod\u00e1van\u00e9 v demonte<\/li>\n<\/ul>\n","protected":false},"excerpt":{"rendered":"<p>Pr\u00edru\u010dn\u00fd stol\u00edk PAMIN0 v \u0161kandin\u00e1vskom \u0161t\u00fdle v\u00e1s zaujme na prv\u00fd poh\u013ead. Vyroben\u00fd je z lakovanej MDF a jeho dreven\u00e9 nohy s\u00fa z PVC f\u00f3lie. Tento stol\u00edk \u013eahko skombinujete. Materi\u00e1l:\u00a0MDF lakovan\u00fd\/dreven\u00e9 nohy (PVC f\u00f3lia) Farba:\u00a0biela\/pr\u00edrodn\u00e1 Rozmery (\u0160xHxV):40x40x42 cm Dod\u00e1van\u00e9 v demonte<\/p>\n","protected":false},"featured_media":66944,"comment_status":"closed","ping_status":"closed","template":"","meta":{"_seopress_robots_primary_cat":"221","_seopress_titles_title":"","_seopress_titles_desc":"","_seopress_robots_index":""},"product_brand":[],"product_cat":[221],"product_tag":[],"class_list":{"0":"post-119725","1":"product","2":"type-product","3":"status-publish","4":"has-post-thumbnail","6":"product_cat-konferencne-stoliky","8":"first","9":"onbackorder","10":"shipping-taxable","11":"purchasable","12":"product-type-simple"},"_links":{"self":[{"href":"https:\/\/nabytoklaguna.sk\/sk\/wp-json\/wp\/v2\/product\/119725","targetHints":{"allow":["GET"]}}],"collection":[{"href":"https:\/\/nabytoklaguna.sk\/sk\/wp-json\/wp\/v2\/product"}],"about":[{"href":"https:\/\/nabytoklaguna.sk\/sk\/wp-json\/wp\/v2\/types\/product"}],"replies":[{"embeddable":true,"href":"https:\/\/nabytoklaguna.sk\/sk\/wp-json\/wp\/v2\/comments?post=119725"}],"wp:featuredmedia":[{"embeddable":true,"href":"https:\/\/nabytoklaguna.sk\/sk\/wp-json\/wp\/v2\/media\/66944"}],"wp:attachment":[{"href":"https:\/\/nabytoklaguna.sk\/sk\/wp-json\/wp\/v2\/media?parent=119725"}],"wp:term":[{"taxonomy":"product_brand","embeddable":true,"href":"https:\/\/nabytoklaguna.sk\/sk\/wp-json\/wp\/v2\/product_brand?post=119725"},{"taxonomy":"product_cat","embeddable":true,"href":"https:\/\/nabytoklaguna.sk\/sk\/wp-json\/wp\/v2\/product_cat?post=119725"},{"taxonomy":"product_tag","embeddable":true,"href":"https:\/\/nabytoklaguna.sk\/sk\/wp-json\/wp\/v2\/product_tag?post=119725"}],"curies":[{"name":"wp","href":"https:\/\/api.w.org\/{rel}","templated":true}]}}