{"id":119728,"date":"2023-04-22T20:12:00","date_gmt":"2023-04-22T20:12:00","guid":{"rendered":"https:\/\/nabytoklaguna.sk\/sk\/?post_type=product&#038;p=119728"},"modified":"2026-01-13T14:57:16","modified_gmt":"2026-01-13T13:57:16","slug":"k-labon","status":"publish","type":"product","link":"https:\/\/nabytoklaguna.sk\/sk\/produkt\/k-labon\/","title":{"rendered":"K LABON"},"content":{"rendered":"<p>Konferen\u010dn\u00fd stol\u00edk LABON je \u0161ikovn\u00fd, praktick\u00fd. Jeho jednoduch\u00e1 kon\u0161trukcia, ktor\u00e1 je vyroben\u00e1 z MDF v bielom matnom preveden\u00ed a kovu. \u013dahko sa s n\u00edm manipuluje v\u010faka kolieskam. Nosnos\u0165 10kg<\/p>\n<ul>\n<li><b>Materi\u00e1l:<\/b>\u00a0MDF\/kov<\/li>\n<li><b>Farba:<\/b>\u00a0matn\u00e1 biela<\/li>\n<li><b>Rozmery (\u0160xHxV):<\/b>\u00a060x40x61 cm<\/li>\n<li>S policou<\/li>\n<li>S kolieskami<\/li>\n<li>Dod\u00e1van\u00e9 v demonte<\/li>\n<\/ul>\n","protected":false},"excerpt":{"rendered":"<p>Konferen\u010dn\u00fd stol\u00edk LABON je \u0161ikovn\u00fd, praktick\u00fd. Jeho jednoduch\u00e1 kon\u0161trukcia, ktor\u00e1 je vyroben\u00e1 z MDF v bielom matnom preveden\u00ed a kovu. \u013dahko sa s n\u00edm manipuluje v\u010faka kolieskam. Nosnos\u0165 10kg Materi\u00e1l:\u00a0MDF\/kov Farba:\u00a0matn\u00e1 biela Rozmery (\u0160xHxV):\u00a060x40x61 cm S policou S kolieskami Dod\u00e1van\u00e9 v demonte<\/p>\n","protected":false},"featured_media":66959,"comment_status":"closed","ping_status":"closed","template":"","meta":{"_seopress_robots_primary_cat":"221","_seopress_titles_title":"","_seopress_titles_desc":"","_seopress_robots_index":""},"product_brand":[],"product_cat":[221],"product_tag":[],"class_list":{"0":"post-119728","1":"product","2":"type-product","3":"status-publish","4":"has-post-thumbnail","6":"product_cat-konferencne-stoliky","8":"first","9":"onbackorder","10":"shipping-taxable","11":"purchasable","12":"product-type-simple"},"_links":{"self":[{"href":"https:\/\/nabytoklaguna.sk\/sk\/wp-json\/wp\/v2\/product\/119728","targetHints":{"allow":["GET"]}}],"collection":[{"href":"https:\/\/nabytoklaguna.sk\/sk\/wp-json\/wp\/v2\/product"}],"about":[{"href":"https:\/\/nabytoklaguna.sk\/sk\/wp-json\/wp\/v2\/types\/product"}],"replies":[{"embeddable":true,"href":"https:\/\/nabytoklaguna.sk\/sk\/wp-json\/wp\/v2\/comments?post=119728"}],"wp:featuredmedia":[{"embeddable":true,"href":"https:\/\/nabytoklaguna.sk\/sk\/wp-json\/wp\/v2\/media\/66959"}],"wp:attachment":[{"href":"https:\/\/nabytoklaguna.sk\/sk\/wp-json\/wp\/v2\/media?parent=119728"}],"wp:term":[{"taxonomy":"product_brand","embeddable":true,"href":"https:\/\/nabytoklaguna.sk\/sk\/wp-json\/wp\/v2\/product_brand?post=119728"},{"taxonomy":"product_cat","embeddable":true,"href":"https:\/\/nabytoklaguna.sk\/sk\/wp-json\/wp\/v2\/product_cat?post=119728"},{"taxonomy":"product_tag","embeddable":true,"href":"https:\/\/nabytoklaguna.sk\/sk\/wp-json\/wp\/v2\/product_tag?post=119728"}],"curies":[{"name":"wp","href":"https:\/\/api.w.org\/{rel}","templated":true}]}}