{"id":119729,"date":"2023-04-22T20:12:00","date_gmt":"2023-04-22T20:12:00","guid":{"rendered":"https:\/\/nabytoklaguna.sk\/sk\/?post_type=product&#038;p=119729"},"modified":"2026-01-13T15:02:54","modified_gmt":"2026-01-13T14:02:54","slug":"k-bismak","status":"publish","type":"product","link":"https:\/\/nabytoklaguna.sk\/sk\/produkt\/k-bismak\/","title":{"rendered":"K BISMAK"},"content":{"rendered":"<p>Praktick\u00fd a dizajnov\u00fd k\u00fasok, ktor\u00fd o\u017eiv\u00ed va\u0161u dom\u00e1cnos\u0165. Sada konferen\u010dn\u00fdch stol\u00edkov BISMAK s\u00fa vyroben\u00e9 z MDF v bielej farbe. Stoja na noh\u00e1ch z pr\u00edrodn\u00e9ho lakovan\u00e9ho bambusu.<\/p>\n<ul>\n<li><b>Materi\u00e1l:<\/b>\u00a0MDF\/lakovan\u00fd bambus<\/li>\n<li><b>Farba:<\/b>\u00a0biela\/pr\u00edrodn\u00e1<\/li>\n<li><b>Rozmery men\u0161ieho stol\u00edka (\u0160xHxV):<\/b>\u00a046x30x40 cm<\/li>\n<li><b>Rozmery v\u00e4\u010d\u0161ieho stol\u00edka (\u0160xHxV):<\/b>\u00a060x40x45 cm<\/li>\n<li>Dod\u00e1van\u00e9 v demonte<\/li>\n<\/ul>\n","protected":false},"excerpt":{"rendered":"<p>Praktick\u00fd a dizajnov\u00fd k\u00fasok, ktor\u00fd o\u017eiv\u00ed va\u0161u dom\u00e1cnos\u0165. Sada konferen\u010dn\u00fdch stol\u00edkov BISMAK s\u00fa vyroben\u00e9 z MDF v bielej farbe. Stoja na noh\u00e1ch z pr\u00edrodn\u00e9ho lakovan\u00e9ho bambusu. Materi\u00e1l:\u00a0MDF\/lakovan\u00fd bambus Farba:\u00a0biela\/pr\u00edrodn\u00e1 Rozmery men\u0161ieho stol\u00edka (\u0160xHxV):\u00a046x30x40 cm Rozmery v\u00e4\u010d\u0161ieho stol\u00edka (\u0160xHxV):\u00a060x40x45 cm Dod\u00e1van\u00e9 v demonte<\/p>\n","protected":false},"featured_media":67008,"comment_status":"closed","ping_status":"closed","template":"","meta":{"_seopress_robots_primary_cat":"221","_seopress_titles_title":"","_seopress_titles_desc":"","_seopress_robots_index":""},"product_brand":[],"product_cat":[221],"product_tag":[],"class_list":{"0":"post-119729","1":"product","2":"type-product","3":"status-publish","4":"has-post-thumbnail","6":"product_cat-konferencne-stoliky","8":"first","9":"onbackorder","10":"shipping-taxable","11":"purchasable","12":"product-type-simple"},"_links":{"self":[{"href":"https:\/\/nabytoklaguna.sk\/sk\/wp-json\/wp\/v2\/product\/119729","targetHints":{"allow":["GET"]}}],"collection":[{"href":"https:\/\/nabytoklaguna.sk\/sk\/wp-json\/wp\/v2\/product"}],"about":[{"href":"https:\/\/nabytoklaguna.sk\/sk\/wp-json\/wp\/v2\/types\/product"}],"replies":[{"embeddable":true,"href":"https:\/\/nabytoklaguna.sk\/sk\/wp-json\/wp\/v2\/comments?post=119729"}],"wp:featuredmedia":[{"embeddable":true,"href":"https:\/\/nabytoklaguna.sk\/sk\/wp-json\/wp\/v2\/media\/67008"}],"wp:attachment":[{"href":"https:\/\/nabytoklaguna.sk\/sk\/wp-json\/wp\/v2\/media?parent=119729"}],"wp:term":[{"taxonomy":"product_brand","embeddable":true,"href":"https:\/\/nabytoklaguna.sk\/sk\/wp-json\/wp\/v2\/product_brand?post=119729"},{"taxonomy":"product_cat","embeddable":true,"href":"https:\/\/nabytoklaguna.sk\/sk\/wp-json\/wp\/v2\/product_cat?post=119729"},{"taxonomy":"product_tag","embeddable":true,"href":"https:\/\/nabytoklaguna.sk\/sk\/wp-json\/wp\/v2\/product_tag?post=119729"}],"curies":[{"name":"wp","href":"https:\/\/api.w.org\/{rel}","templated":true}]}}