{"id":119731,"date":"2023-04-22T20:12:00","date_gmt":"2023-04-22T20:12:00","guid":{"rendered":"https:\/\/nabytoklaguna.sk\/sk\/?post_type=product&#038;p=119731"},"modified":"2026-01-13T15:04:57","modified_gmt":"2026-01-13T14:04:57","slug":"k-damoli","status":"publish","type":"product","link":"https:\/\/nabytoklaguna.sk\/sk\/produkt\/k-damoli\/","title":{"rendered":"K DAMOLI"},"content":{"rendered":"<p><strong>Modern\u00fd, diizajnov\u00fd a jedine\u010dn\u00fd<\/strong> konferen\u010dn\u00fd stol\u00edk <strong>DAMOLI<\/strong>, ktor\u00fd je v odtie\u0148och dub sonoma, dub artisan, bet\u00f3n, a biela sa d\u00e1 \u013eahko prisp\u00f4sobi\u0165. Polica je stredovou prie\u010dkou predelen\u00e1 na dve odkladacie priestory. je vyroben\u00fd z laminovan\u00fdch drevotrieskov\u00fdch dosiek.<\/p>\n<ul>\n<li><b>Materi\u00e1l:<\/b>\u00a0laminovan\u00e1 DTD<\/li>\n<li><b>Farba:<\/b>\u00a0dub sonoma\/biela, bet\u00f3n\/biela,\u00a0biela<\/li>\n<li><b>Rozmery (\u0160xHxV):<\/b>\u00a090x60x43 cm<\/li>\n<li><b>Hr\u00fabka lamina:<\/b>\u00a016 mm<\/li>\n<li>S otvorenou \u00falo\u017enou plochou<\/li>\n<li>V\u00fd\u0161ka otvoren\u00e9ho priestoru od podlahy: 24,8 cm<\/li>\n<li>V\u00fd\u0161ka \u00falo\u017en\u00e9ho priestoru: 15 cm<\/li>\n<li><b>Kvalitn\u00fd slovensk\u00fd v\u00fdrobok<\/b><\/li>\n<li>Dod\u00e1van\u00e9 v demonte<\/li>\n<\/ul>\n","protected":false},"excerpt":{"rendered":"<p>Modern\u00fd, diizajnov\u00fd a jedine\u010dn\u00fd konferen\u010dn\u00fd stol\u00edk DAMOLI, ktor\u00fd je v odtie\u0148och dub sonoma, dub artisan, bet\u00f3n, a biela sa d\u00e1 \u013eahko prisp\u00f4sobi\u0165. Polica je stredovou prie\u010dkou predelen\u00e1 na dve odkladacie priestory. je vyroben\u00fd z laminovan\u00fdch drevotrieskov\u00fdch dosiek. Materi\u00e1l:\u00a0laminovan\u00e1 DTD Farba:\u00a0dub sonoma\/biela, bet\u00f3n\/biela,\u00a0biela Rozmery (\u0160xHxV):\u00a090x60x43 cm Hr\u00fabka lamina:\u00a016 mm S otvorenou \u00falo\u017enou plochou V\u00fd\u0161ka otvoren\u00e9ho priestoru&#8230;<\/p>\n","protected":false},"featured_media":67040,"comment_status":"closed","ping_status":"closed","template":"","meta":{"_seopress_robots_primary_cat":"182","_seopress_titles_title":"","_seopress_titles_desc":"","_seopress_robots_index":""},"product_brand":[],"product_cat":[221],"product_tag":[],"class_list":{"0":"post-119731","1":"product","2":"type-product","3":"status-publish","4":"has-post-thumbnail","6":"product_cat-konferencne-stoliky","7":"pa_farba-beton","8":"pa_farba-biela","9":"pa_farba-dub-artisan","10":"pa_farba-dub-sonoma","12":"first","13":"onbackorder","14":"shipping-taxable","15":"purchasable","16":"product-type-simple"},"_links":{"self":[{"href":"https:\/\/nabytoklaguna.sk\/sk\/wp-json\/wp\/v2\/product\/119731","targetHints":{"allow":["GET"]}}],"collection":[{"href":"https:\/\/nabytoklaguna.sk\/sk\/wp-json\/wp\/v2\/product"}],"about":[{"href":"https:\/\/nabytoklaguna.sk\/sk\/wp-json\/wp\/v2\/types\/product"}],"replies":[{"embeddable":true,"href":"https:\/\/nabytoklaguna.sk\/sk\/wp-json\/wp\/v2\/comments?post=119731"}],"wp:featuredmedia":[{"embeddable":true,"href":"https:\/\/nabytoklaguna.sk\/sk\/wp-json\/wp\/v2\/media\/67040"}],"wp:attachment":[{"href":"https:\/\/nabytoklaguna.sk\/sk\/wp-json\/wp\/v2\/media?parent=119731"}],"wp:term":[{"taxonomy":"product_brand","embeddable":true,"href":"https:\/\/nabytoklaguna.sk\/sk\/wp-json\/wp\/v2\/product_brand?post=119731"},{"taxonomy":"product_cat","embeddable":true,"href":"https:\/\/nabytoklaguna.sk\/sk\/wp-json\/wp\/v2\/product_cat?post=119731"},{"taxonomy":"product_tag","embeddable":true,"href":"https:\/\/nabytoklaguna.sk\/sk\/wp-json\/wp\/v2\/product_tag?post=119731"}],"curies":[{"name":"wp","href":"https:\/\/api.w.org\/{rel}","templated":true}]}}