{"id":119743,"date":"2023-04-22T20:12:00","date_gmt":"2023-04-22T20:12:00","guid":{"rendered":"https:\/\/nabytoklaguna.sk\/sk\/?post_type=product&#038;p=119743"},"modified":"2023-11-30T10:29:01","modified_gmt":"2023-11-30T09:29:01","slug":"tempo-kondela-juven","status":"publish","type":"product","link":"https:\/\/nabytoklaguna.sk\/sk\/produkt\/tempo-kondela-juven\/","title":{"rendered":"TK JUVEN"},"content":{"rendered":"<p>Reg\u00e1l JUVEN sa hod\u00ed do ktorejko\u013evek miestnosti. Ocen\u00edte mno\u017estvo \u00falo\u017en\u00e9ho priestoru. Vyroben\u00fd je z chr\u00f3mu a m\u00e1 p\u00e4\u0165 poli\u010diek.<\/p>\n<ul>\n<li><b>Materi\u00e1l:\u00a0<\/b>chr\u00f3m<\/li>\n<li><b>Farba:<\/b>\u00a0chr\u00f3movan\u00e1<\/li>\n<li><b>Rozmery (\u0160xHxV):<\/b>\u00a090x45x180 cm<\/li>\n<li>5 poli\u010diek<\/li>\n<li><b>Nosnos\u0165 police:<\/b>\u00a040 kg<\/li>\n<li>Dod\u00e1van\u00e9 v demonte<\/li>\n<\/ul>\n","protected":false},"excerpt":{"rendered":"<p>Reg\u00e1l JUVEN sa hod\u00ed do ktorejko\u013evek miestnosti. Ocen\u00edte mno\u017estvo \u00falo\u017en\u00e9ho priestoru. Vyroben\u00fd je z chr\u00f3mu a m\u00e1 p\u00e4\u0165 poli\u010diek. Materi\u00e1l:\u00a0chr\u00f3m Farba:\u00a0chr\u00f3movan\u00e1 Rozmery (\u0160xHxV):\u00a090x45x180 cm 5 poli\u010diek Nosnos\u0165 police:\u00a040 kg Dod\u00e1van\u00e9 v demonte<\/p>\n","protected":false},"featured_media":68927,"comment_status":"closed","ping_status":"closed","template":"","meta":{"_seopress_robots_primary_cat":"1062","_seopress_titles_title":"","_seopress_titles_desc":"","_seopress_robots_index":""},"product_brand":[],"product_cat":[1062],"product_tag":[],"class_list":{"0":"post-119743","1":"product","2":"type-product","3":"status-publish","4":"has-post-thumbnail","6":"product_cat-regaly-police","8":"first","9":"onbackorder","10":"shipping-taxable","11":"purchasable","12":"product-type-simple"},"_links":{"self":[{"href":"https:\/\/nabytoklaguna.sk\/sk\/wp-json\/wp\/v2\/product\/119743","targetHints":{"allow":["GET"]}}],"collection":[{"href":"https:\/\/nabytoklaguna.sk\/sk\/wp-json\/wp\/v2\/product"}],"about":[{"href":"https:\/\/nabytoklaguna.sk\/sk\/wp-json\/wp\/v2\/types\/product"}],"replies":[{"embeddable":true,"href":"https:\/\/nabytoklaguna.sk\/sk\/wp-json\/wp\/v2\/comments?post=119743"}],"wp:featuredmedia":[{"embeddable":true,"href":"https:\/\/nabytoklaguna.sk\/sk\/wp-json\/wp\/v2\/media\/68927"}],"wp:attachment":[{"href":"https:\/\/nabytoklaguna.sk\/sk\/wp-json\/wp\/v2\/media?parent=119743"}],"wp:term":[{"taxonomy":"product_brand","embeddable":true,"href":"https:\/\/nabytoklaguna.sk\/sk\/wp-json\/wp\/v2\/product_brand?post=119743"},{"taxonomy":"product_cat","embeddable":true,"href":"https:\/\/nabytoklaguna.sk\/sk\/wp-json\/wp\/v2\/product_cat?post=119743"},{"taxonomy":"product_tag","embeddable":true,"href":"https:\/\/nabytoklaguna.sk\/sk\/wp-json\/wp\/v2\/product_tag?post=119743"}],"curies":[{"name":"wp","href":"https:\/\/api.w.org\/{rel}","templated":true}]}}