{"id":119744,"date":"2023-04-22T20:12:00","date_gmt":"2023-04-22T20:12:00","guid":{"rendered":"https:\/\/nabytoklaguna.sk\/sk\/?post_type=product&#038;p=119744"},"modified":"2023-11-30T12:02:28","modified_gmt":"2023-11-30T11:02:28","slug":"tempo-kondela-dekato","status":"publish","type":"product","link":"https:\/\/nabytoklaguna.sk\/sk\/produkt\/tempo-kondela-dekato\/","title":{"rendered":"TK DEKATO"},"content":{"rendered":"<p>Modern\u00fd reg\u00e1l s piatimi policami DEKATO o\u017eiv\u00ed ka\u017ed\u00fa miestnos\u0165 vo va\u0161ej dom\u00e1cnosti. Reg\u00e1l je vyroben\u00fd z DTD v bielom alebo \u010diernom preveden\u00ed.<\/p>\n<ul>\n<li><b>Materi\u00e1l:<\/b>\u00a0DTD<\/li>\n<li><b>Farba:<\/b>\u00a0biela, \u010dierna<\/li>\n<li><b>Rozmery (\u0160xHxV):<\/b>\u00a054x38x186 cm<\/li>\n<li>S \u00falo\u017en\u00fdm priestorom<\/li>\n<li>P\u00e4\u0165 pol\u00edc<\/li>\n<li>Dod\u00e1van\u00e9 v demonte<\/li>\n<\/ul>\n","protected":false},"excerpt":{"rendered":"<p>Modern\u00fd reg\u00e1l s piatimi policami DEKATO o\u017eiv\u00ed ka\u017ed\u00fa miestnos\u0165 vo va\u0161ej dom\u00e1cnosti. Reg\u00e1l je vyroben\u00fd z DTD v bielom alebo \u010diernom preveden\u00ed. Materi\u00e1l:\u00a0DTD Farba:\u00a0biela, \u010dierna Rozmery (\u0160xHxV):\u00a054x38x186 cm S \u00falo\u017en\u00fdm priestorom P\u00e4\u0165 pol\u00edc Dod\u00e1van\u00e9 v demonte<\/p>\n","protected":false},"featured_media":68937,"comment_status":"closed","ping_status":"closed","template":"","meta":{"_seopress_robots_primary_cat":"1062","_seopress_titles_title":"","_seopress_titles_desc":"","_seopress_robots_index":""},"product_brand":[],"product_cat":[1062],"product_tag":[],"class_list":{"0":"post-119744","1":"product","2":"type-product","3":"status-publish","4":"has-post-thumbnail","6":"product_cat-regaly-police","7":"pa_farba-biela","8":"pa_farba-cierna-2","10":"first","11":"onbackorder","12":"shipping-taxable","13":"purchasable","14":"product-type-simple"},"_links":{"self":[{"href":"https:\/\/nabytoklaguna.sk\/sk\/wp-json\/wp\/v2\/product\/119744","targetHints":{"allow":["GET"]}}],"collection":[{"href":"https:\/\/nabytoklaguna.sk\/sk\/wp-json\/wp\/v2\/product"}],"about":[{"href":"https:\/\/nabytoklaguna.sk\/sk\/wp-json\/wp\/v2\/types\/product"}],"replies":[{"embeddable":true,"href":"https:\/\/nabytoklaguna.sk\/sk\/wp-json\/wp\/v2\/comments?post=119744"}],"wp:featuredmedia":[{"embeddable":true,"href":"https:\/\/nabytoklaguna.sk\/sk\/wp-json\/wp\/v2\/media\/68937"}],"wp:attachment":[{"href":"https:\/\/nabytoklaguna.sk\/sk\/wp-json\/wp\/v2\/media?parent=119744"}],"wp:term":[{"taxonomy":"product_brand","embeddable":true,"href":"https:\/\/nabytoklaguna.sk\/sk\/wp-json\/wp\/v2\/product_brand?post=119744"},{"taxonomy":"product_cat","embeddable":true,"href":"https:\/\/nabytoklaguna.sk\/sk\/wp-json\/wp\/v2\/product_cat?post=119744"},{"taxonomy":"product_tag","embeddable":true,"href":"https:\/\/nabytoklaguna.sk\/sk\/wp-json\/wp\/v2\/product_tag?post=119744"}],"curies":[{"name":"wp","href":"https:\/\/api.w.org\/{rel}","templated":true}]}}