{"id":119747,"date":"2023-04-22T20:12:00","date_gmt":"2023-04-22T20:12:00","guid":{"rendered":"https:\/\/nabytoklaguna.sk\/sk\/?post_type=product&#038;p=119747"},"modified":"2026-01-08T14:16:12","modified_gmt":"2026-01-08T13:16:12","slug":"k-bili","status":"publish","type":"product","link":"https:\/\/nabytoklaguna.sk\/sk\/produkt\/k-bili\/","title":{"rendered":"K BILI"},"content":{"rendered":"<p>\u0160t\u00fdlov\u00fd a modern\u00fd PC st\u00f4l BILI je vyroben\u00fd z DTD laminovanej vo farebnom preveden\u00ed tmavosiv\u00e1-grafit v kombin\u00e1cii s bielou.\u00a0 Pod pracovnou doskou n\u00e1jdete \u00falo\u017en\u00fd priestor, jeden \u0161upl\u00edk a skrinku.<\/p>\n<ul>\n<li><b>Materi\u00e1l:<\/b>\u00a0DTD laminovan\u00e1<\/li>\n<li><b>Farba:<\/b>\u00a0tmavosiv\u00e1-grafit\/biela<\/li>\n<li><b>Rozmery (\u0160xHxV):<\/b>\u00a0120x53x75,5<\/li>\n<li>S \u00falo\u017en\u00fdm priestorom<\/li>\n<li>Otvoren\u00fd \u00falo\u017en\u00fd priestor<\/li>\n<li>So \u0161upl\u00edkom<\/li>\n<li>So skrinkou<\/li>\n<li>Dod\u00e1van\u00e9 v demonte<\/li>\n<\/ul>\n","protected":false},"excerpt":{"rendered":"<p>\u0160t\u00fdlov\u00fd a modern\u00fd PC st\u00f4l BILI je vyroben\u00fd z DTD laminovanej vo farebnom preveden\u00ed tmavosiv\u00e1-grafit v kombin\u00e1cii s bielou.\u00a0 Pod pracovnou doskou n\u00e1jdete \u00falo\u017en\u00fd priestor, jeden \u0161upl\u00edk a skrinku. Materi\u00e1l:\u00a0DTD laminovan\u00e1 Farba:\u00a0tmavosiv\u00e1-grafit\/biela Rozmery (\u0160xHxV):\u00a0120x53x75,5 S \u00falo\u017en\u00fdm priestorom Otvoren\u00fd \u00falo\u017en\u00fd priestor So \u0161upl\u00edkom So skrinkou Dod\u00e1van\u00e9 v demonte<\/p>\n","protected":false},"featured_media":69143,"comment_status":"closed","ping_status":"closed","template":"","meta":{"_seopress_robots_primary_cat":"247","_seopress_titles_title":"","_seopress_titles_desc":"","_seopress_robots_index":""},"product_brand":[],"product_cat":[247],"product_tag":[],"class_list":{"0":"post-119747","1":"product","2":"type-product","3":"status-publish","4":"has-post-thumbnail","6":"product_cat-pisacie-pocitacove-stoly","8":"first","9":"onbackorder","10":"shipping-taxable","11":"purchasable","12":"product-type-simple"},"_links":{"self":[{"href":"https:\/\/nabytoklaguna.sk\/sk\/wp-json\/wp\/v2\/product\/119747","targetHints":{"allow":["GET"]}}],"collection":[{"href":"https:\/\/nabytoklaguna.sk\/sk\/wp-json\/wp\/v2\/product"}],"about":[{"href":"https:\/\/nabytoklaguna.sk\/sk\/wp-json\/wp\/v2\/types\/product"}],"replies":[{"embeddable":true,"href":"https:\/\/nabytoklaguna.sk\/sk\/wp-json\/wp\/v2\/comments?post=119747"}],"wp:featuredmedia":[{"embeddable":true,"href":"https:\/\/nabytoklaguna.sk\/sk\/wp-json\/wp\/v2\/media\/69143"}],"wp:attachment":[{"href":"https:\/\/nabytoklaguna.sk\/sk\/wp-json\/wp\/v2\/media?parent=119747"}],"wp:term":[{"taxonomy":"product_brand","embeddable":true,"href":"https:\/\/nabytoklaguna.sk\/sk\/wp-json\/wp\/v2\/product_brand?post=119747"},{"taxonomy":"product_cat","embeddable":true,"href":"https:\/\/nabytoklaguna.sk\/sk\/wp-json\/wp\/v2\/product_cat?post=119747"},{"taxonomy":"product_tag","embeddable":true,"href":"https:\/\/nabytoklaguna.sk\/sk\/wp-json\/wp\/v2\/product_tag?post=119747"}],"curies":[{"name":"wp","href":"https:\/\/api.w.org\/{rel}","templated":true}]}}