{"id":119749,"date":"2023-04-22T20:12:00","date_gmt":"2023-04-22T20:12:00","guid":{"rendered":"https:\/\/nabytoklaguna.sk\/sk\/?post_type=product&#038;p=119749"},"modified":"2025-08-18T14:18:25","modified_gmt":"2025-08-18T12:18:25","slug":"k-luini","status":"publish","type":"product","link":"https:\/\/nabytoklaguna.sk\/sk\/produkt\/k-luini\/","title":{"rendered":"K LUINI"},"content":{"rendered":"<p>Poschodov\u00e1 poste\u013e <strong>LUINI<\/strong> je vyroben\u00e1 z borovicov\u00e9ho dreva v pr\u00edrodnom farebnom preveden\u00ed. Dod\u00e1van\u00e1 s rolovan\u00fdmi ro\u0161tmi. Rebr\u00edk si viete da\u0165 na prav\u00fa alebo \u013eav\u00fa stranu postele. V pr\u00edpade neskor\u0161ej potreby je mo\u017en\u00e9 poste\u013e rozdeli\u0165 na 2 osobitn\u00e9 l\u00f4\u017eka. L\u00f4\u017eka maj\u00fa odli\u0161n\u00fa \u0161irku a v\u00fd\u0161ku.<\/p>\n<ul>\n<li><b>Materi\u00e1l:<\/b>\u00a0borovicov\u00e9 drevo\/preglejkov\u00fd ro\u0161t<\/li>\n<li><b>Farba:<\/b>\u00a0pr\u00edrodn\u00e1<\/li>\n<li><b>Rozmery (\u0160xHxV):<\/b>\u00a0208x156x152 cm<\/li>\n<li><b>Plocha na spanie doln\u00e9 l\u00f4\u017eko (\u0160xH):<\/b>\u00a0140&#215;200 cm<\/li>\n<li><b>Plocha na spanie horn\u00e9 l\u00f4\u017eko (\u0160xH):<\/b>\u00a090&#215;200 cm<\/li>\n<li><b>Nosnos\u0165 horn\u00e9 l\u00f4\u017eko:<\/b>\u00a080 kg<\/li>\n<li><b>Nosnos\u0165 doln\u00e9 l\u00f4\u017eko:<\/b>\u00a0100 kg<\/li>\n<li><b>V\u00fd\u0161ka po ro\u0161t spodn\u00e9ho l\u00f4\u017eka:<\/b>\u00a028,5 cm<\/li>\n<li><b>Maxim\u00e1lna v\u00fd\u0161ka matraca na horn\u00e9 l\u00f4\u017eko:<\/b>\u00a014 cm<\/li>\n<li>Mo\u017enos\u0165 upevni\u0165 rebr\u00edk na pravej alebo \u013eavej strane<\/li>\n<li>Rozlo\u017eite\u013en\u00e1 na dve samostatn\u00e9 l\u00f4\u017eka<\/li>\n<li>L\u00f4\u017eka maj\u00fa po rozlo\u017een\u00ed odli\u0161n\u00fa v\u00fd\u0161ku<\/li>\n<li>Dod\u00e1van\u00e9 s preglejkov\u00fdm rolovan\u00fdm ro\u0161tom<\/li>\n<li>Mo\u017enos\u0165 dok\u00fapi\u0165 matrac z na\u0161ej ponuky<\/li>\n<li>Odpor\u00fa\u010dame zak\u00fapi\u0165 pru\u017einov\u00fd matrac<\/li>\n<li>Dod\u00e1van\u00e9 v demonte<\/li>\n<\/ul>\n","protected":false},"excerpt":{"rendered":"<p>Poschodov\u00e1 poste\u013e LUINI je vyroben\u00e1 z borovicov\u00e9ho dreva v pr\u00edrodnom farebnom preveden\u00ed. Dod\u00e1van\u00e1 s rolovan\u00fdmi ro\u0161tmi. Rebr\u00edk si viete da\u0165 na prav\u00fa alebo \u013eav\u00fa stranu postele. V pr\u00edpade neskor\u0161ej potreby je mo\u017en\u00e9 poste\u013e rozdeli\u0165 na 2 osobitn\u00e9 l\u00f4\u017eka. L\u00f4\u017eka maj\u00fa odli\u0161n\u00fa \u0161irku a v\u00fd\u0161ku. Materi\u00e1l:\u00a0borovicov\u00e9 drevo\/preglejkov\u00fd ro\u0161t Farba:\u00a0pr\u00edrodn\u00e1 Rozmery (\u0160xHxV):\u00a0208x156x152 cm Plocha na spanie doln\u00e9&#8230;<\/p>\n","protected":false},"featured_media":69747,"comment_status":"closed","ping_status":"closed","template":"","meta":{"_seopress_robots_primary_cat":"233","_seopress_titles_title":"","_seopress_titles_desc":"","_seopress_robots_index":""},"product_brand":[],"product_cat":[233,209],"product_tag":[],"class_list":{"0":"post-119749","1":"product","2":"type-product","3":"status-publish","4":"has-post-thumbnail","6":"product_cat-poschodove-postele","7":"product_cat-detske-izby","9":"first","10":"onbackorder","11":"shipping-taxable","12":"purchasable","13":"product-type-simple"},"_links":{"self":[{"href":"https:\/\/nabytoklaguna.sk\/sk\/wp-json\/wp\/v2\/product\/119749","targetHints":{"allow":["GET"]}}],"collection":[{"href":"https:\/\/nabytoklaguna.sk\/sk\/wp-json\/wp\/v2\/product"}],"about":[{"href":"https:\/\/nabytoklaguna.sk\/sk\/wp-json\/wp\/v2\/types\/product"}],"replies":[{"embeddable":true,"href":"https:\/\/nabytoklaguna.sk\/sk\/wp-json\/wp\/v2\/comments?post=119749"}],"wp:featuredmedia":[{"embeddable":true,"href":"https:\/\/nabytoklaguna.sk\/sk\/wp-json\/wp\/v2\/media\/69747"}],"wp:attachment":[{"href":"https:\/\/nabytoklaguna.sk\/sk\/wp-json\/wp\/v2\/media?parent=119749"}],"wp:term":[{"taxonomy":"product_brand","embeddable":true,"href":"https:\/\/nabytoklaguna.sk\/sk\/wp-json\/wp\/v2\/product_brand?post=119749"},{"taxonomy":"product_cat","embeddable":true,"href":"https:\/\/nabytoklaguna.sk\/sk\/wp-json\/wp\/v2\/product_cat?post=119749"},{"taxonomy":"product_tag","embeddable":true,"href":"https:\/\/nabytoklaguna.sk\/sk\/wp-json\/wp\/v2\/product_tag?post=119749"}],"curies":[{"name":"wp","href":"https:\/\/api.w.org\/{rel}","templated":true}]}}