{"id":119750,"date":"2023-04-22T20:12:00","date_gmt":"2023-04-22T20:12:00","guid":{"rendered":"https:\/\/nabytoklaguna.sk\/sk\/?post_type=product&#038;p=119750"},"modified":"2026-01-12T14:00:37","modified_gmt":"2026-01-12T13:00:37","slug":"k-elis","status":"publish","type":"product","link":"https:\/\/nabytoklaguna.sk\/sk\/produkt\/k-elis\/","title":{"rendered":"K ELIS"},"content":{"rendered":"<p>Toaletn\u00fd stol\u00edk so zrkadlom ELIS je vyroben\u00fd z DTD laminovanej vo farebnom preveden\u00ed biela s odtie\u0148om dub sonoma. Stol\u00edk disponuje aj tromi poli\u010dkami. S\u00fa\u010das\u0165ou je aj jeden \u0161upl\u00edk a v\u00fdklopn\u00e1 \u010das\u0165 so zrkadlom.<\/p>\n<ul>\n<li><b>Materi\u00e1l:<\/b>\u00a0DTD laminovan\u00e1<\/li>\n<li><b>Farba:<\/b>\u00a0biela\/dub sonoma<\/li>\n<li><b>Rozmery stol\u00edka (\u0160xHxV):<\/b>\u00a0114x40x78 cm<\/li>\n<li>S \u00falo\u017en\u00fdm priestorom<\/li>\n<li>Jeden \u0161upl\u00edk<\/li>\n<li>V\u00fdklopn\u00e1 \u010das\u0165 so zrkadlom<\/li>\n<li>Dod\u00e1van\u00e9 v demonte<\/li>\n<\/ul>\n","protected":false},"excerpt":{"rendered":"<p>Toaletn\u00fd stol\u00edk so zrkadlom ELIS je vyroben\u00fd z DTD laminovanej vo farebnom preveden\u00ed biela s odtie\u0148om dub sonoma. Stol\u00edk disponuje aj tromi poli\u010dkami. S\u00fa\u010das\u0165ou je aj jeden \u0161upl\u00edk a v\u00fdklopn\u00e1 \u010das\u0165 so zrkadlom. Materi\u00e1l:\u00a0DTD laminovan\u00e1 Farba:\u00a0biela\/dub sonoma Rozmery stol\u00edka (\u0160xHxV):\u00a0114x40x78 cm S \u00falo\u017en\u00fdm priestorom Jeden \u0161upl\u00edk V\u00fdklopn\u00e1 \u010das\u0165 so zrkadlom Dod\u00e1van\u00e9 v demonte<\/p>\n","protected":false},"featured_media":69876,"comment_status":"closed","ping_status":"closed","template":"","meta":{"_seopress_robots_primary_cat":"4809","_seopress_titles_title":"","_seopress_titles_desc":"","_seopress_robots_index":""},"product_brand":[],"product_cat":[4809],"product_tag":[],"class_list":{"0":"post-119750","1":"product","2":"type-product","3":"status-publish","4":"has-post-thumbnail","6":"product_cat-toaletne-stoliky","8":"first","9":"onbackorder","10":"shipping-taxable","11":"purchasable","12":"product-type-simple"},"_links":{"self":[{"href":"https:\/\/nabytoklaguna.sk\/sk\/wp-json\/wp\/v2\/product\/119750","targetHints":{"allow":["GET"]}}],"collection":[{"href":"https:\/\/nabytoklaguna.sk\/sk\/wp-json\/wp\/v2\/product"}],"about":[{"href":"https:\/\/nabytoklaguna.sk\/sk\/wp-json\/wp\/v2\/types\/product"}],"replies":[{"embeddable":true,"href":"https:\/\/nabytoklaguna.sk\/sk\/wp-json\/wp\/v2\/comments?post=119750"}],"wp:featuredmedia":[{"embeddable":true,"href":"https:\/\/nabytoklaguna.sk\/sk\/wp-json\/wp\/v2\/media\/69876"}],"wp:attachment":[{"href":"https:\/\/nabytoklaguna.sk\/sk\/wp-json\/wp\/v2\/media?parent=119750"}],"wp:term":[{"taxonomy":"product_brand","embeddable":true,"href":"https:\/\/nabytoklaguna.sk\/sk\/wp-json\/wp\/v2\/product_brand?post=119750"},{"taxonomy":"product_cat","embeddable":true,"href":"https:\/\/nabytoklaguna.sk\/sk\/wp-json\/wp\/v2\/product_cat?post=119750"},{"taxonomy":"product_tag","embeddable":true,"href":"https:\/\/nabytoklaguna.sk\/sk\/wp-json\/wp\/v2\/product_tag?post=119750"}],"curies":[{"name":"wp","href":"https:\/\/api.w.org\/{rel}","templated":true}]}}