{"id":119751,"date":"2023-04-22T20:12:00","date_gmt":"2023-04-22T20:12:00","guid":{"rendered":"https:\/\/nabytoklaguna.sk\/sk\/?post_type=product&#038;p=119751"},"modified":"2026-03-02T11:31:12","modified_gmt":"2026-03-02T10:31:12","slug":"tempo-kondela-metin","status":"publish","type":"product","link":"https:\/\/nabytoklaguna.sk\/sk\/produkt\/tempo-kondela-metin\/","title":{"rendered":"K METIN"},"content":{"rendered":"<p>Praktick\u00fd \u0161atn\u00edkov\u00fd organiz\u00e9r METIN je vyroben\u00fd z kvalitnej l\u00e1tky v hnedom farebnom preveden\u00ed v kombin\u00e1cii s kovom. S\u00fa\u010das\u0165ou je aj z\u00e1ves, za ktor\u00fdm n\u00e1jdete police a ve\u0161iakov\u00fa ty\u010d.<\/p>\n<ul>\n<li><b>Materi\u00e1l:\u00a0<\/b>l\u00e1tka\/kov<\/li>\n<li><b>Farba:\u00a0<\/b>hned\u00e1<\/li>\n<li><b>Rozmery (\u0160xHxV):<\/b>\u00a0150x45x175 cm<\/li>\n<li>Z\u00e1ves<\/li>\n<li>Ve\u0161iakov\u00e1 ty\u010d<\/li>\n<li>Policov\u00e1 \u010das\u0165<\/li>\n<li>Dod\u00e1van\u00e9 v demonte<\/li>\n<\/ul>\n","protected":false},"excerpt":{"rendered":"<p>Praktick\u00fd \u0161atn\u00edkov\u00fd organiz\u00e9r METIN je vyroben\u00fd z kvalitnej l\u00e1tky v hnedom farebnom preveden\u00ed v kombin\u00e1cii s kovom. S\u00fa\u010das\u0165ou je aj z\u00e1ves, za ktor\u00fdm n\u00e1jdete police a ve\u0161iakov\u00fa ty\u010d. Materi\u00e1l:\u00a0l\u00e1tka\/kov Farba:\u00a0hned\u00e1 Rozmery (\u0160xHxV):\u00a0150x45x175 cm Z\u00e1ves Ve\u0161iakov\u00e1 ty\u010d Policov\u00e1 \u010das\u0165 Dod\u00e1van\u00e9 v demonte<\/p>\n","protected":false},"featured_media":70245,"comment_status":"closed","ping_status":"closed","template":"","meta":{"_seopress_robots_primary_cat":"225","_seopress_titles_title":"","_seopress_titles_desc":"","_seopress_robots_index":""},"product_brand":[],"product_cat":[225],"product_tag":[],"class_list":{"0":"post-119751","1":"product","2":"type-product","3":"status-publish","4":"has-post-thumbnail","6":"product_cat-skrine","8":"first","9":"onbackorder","10":"shipping-taxable","11":"purchasable","12":"product-type-simple"},"_links":{"self":[{"href":"https:\/\/nabytoklaguna.sk\/sk\/wp-json\/wp\/v2\/product\/119751","targetHints":{"allow":["GET"]}}],"collection":[{"href":"https:\/\/nabytoklaguna.sk\/sk\/wp-json\/wp\/v2\/product"}],"about":[{"href":"https:\/\/nabytoklaguna.sk\/sk\/wp-json\/wp\/v2\/types\/product"}],"replies":[{"embeddable":true,"href":"https:\/\/nabytoklaguna.sk\/sk\/wp-json\/wp\/v2\/comments?post=119751"}],"wp:featuredmedia":[{"embeddable":true,"href":"https:\/\/nabytoklaguna.sk\/sk\/wp-json\/wp\/v2\/media\/70245"}],"wp:attachment":[{"href":"https:\/\/nabytoklaguna.sk\/sk\/wp-json\/wp\/v2\/media?parent=119751"}],"wp:term":[{"taxonomy":"product_brand","embeddable":true,"href":"https:\/\/nabytoklaguna.sk\/sk\/wp-json\/wp\/v2\/product_brand?post=119751"},{"taxonomy":"product_cat","embeddable":true,"href":"https:\/\/nabytoklaguna.sk\/sk\/wp-json\/wp\/v2\/product_cat?post=119751"},{"taxonomy":"product_tag","embeddable":true,"href":"https:\/\/nabytoklaguna.sk\/sk\/wp-json\/wp\/v2\/product_tag?post=119751"}],"curies":[{"name":"wp","href":"https:\/\/api.w.org\/{rel}","templated":true}]}}