{"id":119755,"date":"2023-04-22T20:12:00","date_gmt":"2023-04-22T20:12:00","guid":{"rendered":"https:\/\/nabytoklaguna.sk\/sk\/?post_type=product&#038;p=119755"},"modified":"2026-02-18T08:33:13","modified_gmt":"2026-02-18T07:33:13","slug":"bt-matrac-nikol","status":"publish","type":"product","link":"https:\/\/nabytoklaguna.sk\/sk\/produkt\/bt-matrac-nikol\/","title":{"rendered":"BT Matrac NIKOL"},"content":{"rendered":"<p>Matrac NIKOL sendvi\u010dov\u00e9ho typu.<\/p>\n<p>Tvrd\u0161ia strana matraca obsahuje sedemz\u00f3nov\u00fa profilaciu z Poly Foam peny. Druh\u00e1 strana matraca je tvoren\u00e1 vrstvou profilu zo studenej peny HR. Matrac m\u00e1 v\u010faka t\u00fdmto vrstv\u00e1m dvojit\u00fa tuhos\u0165. na po\u0165ah bola pou\u017eit\u00e1 modern\u00e1 text\u00edlia Wawe s antibakteri\u00e1lnou \u00fapravou. Tento po\u0165ah je pr\u00edjemn\u00fd na dotyk a obsahuje aj zips.<\/p>\n<ul>\n<li>V\u00fd\u0161ka jadra matraca 18 cm<\/li>\n<li>Celkov\u00e1 v\u00fd\u0161ka matraca cca 20 cm<\/li>\n<li>PolyFoam pena<\/li>\n<li>Antibakteri\u00e1lny<\/li>\n<li>Nosnos\u0165 150 kg<\/li>\n<li>Kvalitn\u00fd slovensk\u00fd v\u00fdrobok<\/li>\n<\/ul>\n","protected":false},"excerpt":{"rendered":"<p>Matrac NIKOL sendvi\u010dov\u00e9ho typu. Tvrd\u0161ia strana matraca obsahuje sedemz\u00f3nov\u00fa profilaciu z Poly Foam peny. Druh\u00e1 strana matraca je tvoren\u00e1 vrstvou profilu zo studenej peny HR. Matrac m\u00e1 v\u010faka t\u00fdmto vrstv\u00e1m dvojit\u00fa tuhos\u0165. na po\u0165ah bola pou\u017eit\u00e1 modern\u00e1 text\u00edlia Wawe s antibakteri\u00e1lnou \u00fapravou. Tento po\u0165ah je pr\u00edjemn\u00fd na dotyk a obsahuje aj zips. V\u00fd\u0161ka jadra matraca&#8230;<\/p>\n","protected":false},"featured_media":71525,"comment_status":"closed","ping_status":"closed","template":"","meta":{"_seopress_robots_primary_cat":"229","_seopress_titles_title":"                                    ","_seopress_titles_desc":"                                    ","_seopress_robots_index":""},"product_brand":[],"product_cat":[227,229],"product_tag":[],"class_list":{"0":"post-119755","1":"product","2":"type-product","3":"status-publish","4":"has-post-thumbnail","6":"product_cat-rosty-matrace","7":"product_cat-matrace","9":"first","10":"onbackorder","11":"sale","12":"shipping-taxable","13":"purchasable","14":"product-type-simple"},"_links":{"self":[{"href":"https:\/\/nabytoklaguna.sk\/sk\/wp-json\/wp\/v2\/product\/119755","targetHints":{"allow":["GET"]}}],"collection":[{"href":"https:\/\/nabytoklaguna.sk\/sk\/wp-json\/wp\/v2\/product"}],"about":[{"href":"https:\/\/nabytoklaguna.sk\/sk\/wp-json\/wp\/v2\/types\/product"}],"replies":[{"embeddable":true,"href":"https:\/\/nabytoklaguna.sk\/sk\/wp-json\/wp\/v2\/comments?post=119755"}],"wp:featuredmedia":[{"embeddable":true,"href":"https:\/\/nabytoklaguna.sk\/sk\/wp-json\/wp\/v2\/media\/71525"}],"wp:attachment":[{"href":"https:\/\/nabytoklaguna.sk\/sk\/wp-json\/wp\/v2\/media?parent=119755"}],"wp:term":[{"taxonomy":"product_brand","embeddable":true,"href":"https:\/\/nabytoklaguna.sk\/sk\/wp-json\/wp\/v2\/product_brand?post=119755"},{"taxonomy":"product_cat","embeddable":true,"href":"https:\/\/nabytoklaguna.sk\/sk\/wp-json\/wp\/v2\/product_cat?post=119755"},{"taxonomy":"product_tag","embeddable":true,"href":"https:\/\/nabytoklaguna.sk\/sk\/wp-json\/wp\/v2\/product_tag?post=119755"}],"curies":[{"name":"wp","href":"https:\/\/api.w.org\/{rel}","templated":true}]}}