{"id":119756,"date":"2023-04-22T20:12:00","date_gmt":"2023-04-22T20:12:00","guid":{"rendered":"https:\/\/nabytoklaguna.sk\/sk\/?post_type=product&#038;p=119756"},"modified":"2025-05-26T15:21:01","modified_gmt":"2025-05-26T13:21:01","slug":"tempo-kondela-lora-mdf-new-klasik-jelsa","status":"publish","type":"product","link":"https:\/\/nabytoklaguna.sk\/sk\/produkt\/tempo-kondela-lora-mdf-new-klasik-jelsa\/","title":{"rendered":"K LORA MDF NEW klasik"},"content":{"rendered":"<p>Kuchynsk\u00e1 zostava LORA MDF NEW KLASIK je vyroben\u00e1 z DTD laminovanej a dvierka s\u00fa z MDF f\u00f3liovanej vo farebnom preveden\u00ed jel\u0161a. Horn\u00e1 \u010das\u0165 m\u00e1 \u0161\u00edrku 240 cm a v\u00fd\u0161ku 71,5 cm. Na pravej hornej strane n\u00e1jdete sklen\u00fa skrinku. Nad digestorom sa nach\u00e1dza uzatv\u00e1racia skrinka. V strednej hornej \u010dasti n\u00e1jdete dvojdverov\u00fa skrinku. Na pravej dolnej strane n\u00e1jdete dvojdverov\u00fa drezov\u00fa skrinku a z druhej strany \u0161tyri \u0161upl\u00edky. V strede v dolnej \u010dasti je dvojdverov\u00e1 skrinka.<\/p>\n<ul>\n<li><b>Materi\u00e1l:<\/b>\u00a0DTD laminovan\u00e1\/MDF f\u00f3liovan\u00e1<\/li>\n<li><b>Farba:<\/b>\u00a0jel\u0161a<\/li>\n<li><b>Horn\u00e1 \u010das\u0165 (\u0160xV):<\/b>240&#215;71,5 cm<\/li>\n<li>Na pravej hornej strane: sklenen\u00e1 skrinka<\/li>\n<li>Nad digestorom je skrinka so \u0161\u00edrkou 60 cm<\/li>\n<li>V strednej hornej \u010dasti je dvojdverov\u00e1 skrinka<\/li>\n<li>V strednej hornej \u010dasti je skrinka so \u0161\u00edrkou 40 cm<\/li>\n<li><b>Doln\u00e1 \u010das\u0165 (\u0160xV):<\/b>180&#215;82 cm<\/li>\n<li>Na pravej dolnej \u010dasti: dvojdverov\u00e1 skrinka<\/li>\n<li>Na \u013eavej dolnej \u010dasti: \u0161tyri \u0161upl\u00edky<\/li>\n<li>V strednej dolnej \u010dasti je dvojdverov\u00e1 skrinka<\/li>\n<li>Drezov\u00e1 skrinka dod\u00e1van\u00e1 bez pracovnej dosky a drezu<\/li>\n<li>Mo\u017enos\u0165 dok\u00fapi\u0165 univerz\u00e1lny drez LAY ON<\/li>\n<li>Dod\u00e1van\u00e9 v demonte<\/li>\n<\/ul>\n","protected":false},"excerpt":{"rendered":"<p>Kuchynsk\u00e1 zostava LORA MDF NEW KLASIK je vyroben\u00e1 z DTD laminovanej a dvierka s\u00fa z MDF f\u00f3liovanej vo farebnom preveden\u00ed jel\u0161a. Horn\u00e1 \u010das\u0165 m\u00e1 \u0161\u00edrku 240 cm a v\u00fd\u0161ku 71,5 cm. Na pravej hornej strane n\u00e1jdete sklen\u00fa skrinku. Nad digestorom sa nach\u00e1dza uzatv\u00e1racia skrinka. V strednej hornej \u010dasti n\u00e1jdete dvojdverov\u00fa skrinku. Na pravej dolnej strane&#8230;<\/p>\n","protected":false},"featured_media":71528,"comment_status":"closed","ping_status":"closed","template":"","meta":{"_seopress_robots_primary_cat":"176","_seopress_titles_title":"","_seopress_titles_desc":"","_seopress_robots_index":""},"product_brand":[],"product_cat":[177,176],"product_tag":[],"class_list":{"0":"post-119756","1":"product","2":"type-product","3":"status-publish","4":"has-post-thumbnail","6":"product_cat-kuchyne-top","7":"product_cat-kuchyne","9":"first","10":"onbackorder","11":"shipping-taxable","12":"purchasable","13":"product-type-simple"},"_links":{"self":[{"href":"https:\/\/nabytoklaguna.sk\/sk\/wp-json\/wp\/v2\/product\/119756","targetHints":{"allow":["GET"]}}],"collection":[{"href":"https:\/\/nabytoklaguna.sk\/sk\/wp-json\/wp\/v2\/product"}],"about":[{"href":"https:\/\/nabytoklaguna.sk\/sk\/wp-json\/wp\/v2\/types\/product"}],"replies":[{"embeddable":true,"href":"https:\/\/nabytoklaguna.sk\/sk\/wp-json\/wp\/v2\/comments?post=119756"}],"wp:featuredmedia":[{"embeddable":true,"href":"https:\/\/nabytoklaguna.sk\/sk\/wp-json\/wp\/v2\/media\/71528"}],"wp:attachment":[{"href":"https:\/\/nabytoklaguna.sk\/sk\/wp-json\/wp\/v2\/media?parent=119756"}],"wp:term":[{"taxonomy":"product_brand","embeddable":true,"href":"https:\/\/nabytoklaguna.sk\/sk\/wp-json\/wp\/v2\/product_brand?post=119756"},{"taxonomy":"product_cat","embeddable":true,"href":"https:\/\/nabytoklaguna.sk\/sk\/wp-json\/wp\/v2\/product_cat?post=119756"},{"taxonomy":"product_tag","embeddable":true,"href":"https:\/\/nabytoklaguna.sk\/sk\/wp-json\/wp\/v2\/product_tag?post=119756"}],"curies":[{"name":"wp","href":"https:\/\/api.w.org\/{rel}","templated":true}]}}