{"id":119762,"date":"2023-04-22T20:12:00","date_gmt":"2023-04-22T20:12:00","guid":{"rendered":"https:\/\/nabytoklaguna.sk\/sk\/?post_type=product&#038;p=119762"},"modified":"2025-03-26T11:29:39","modified_gmt":"2025-03-26T10:29:39","slug":"w-ama-zostava","status":"publish","type":"product","link":"https:\/\/nabytoklaguna.sk\/sk\/produkt\/w-ama-zostava\/","title":{"rendered":"W AMA zostava"},"content":{"rendered":"<p><strong>Modern\u00fd sektorov\u00fd<\/strong> n\u00e1bytok <strong>W AMA<\/strong> vnesie luxus do va\u0161ho interi\u00e9ru. Sektorov\u00fd n\u00e1bytok <strong>W AMA<\/strong> sa vyzna\u010duje <strong>vysokou kvalitou<\/strong>. Je\u00a0 vhodn\u00fd na zariadenie ob\u00fdvac\u00edch izieb vo farebnom preveden\u00ed <strong>dub samargue\/\u010dierna<\/strong>. Dvierka a \u0161upl\u00edky sa otv\u00e1raj\u00fa pomocou<strong> kovov\u00fdch \u00fachytiek.<\/strong> Je mo\u017en\u00e9 si dok\u00fapi\u0165 <strong>LED osvetlenie<\/strong>, k vitr\u00edne 12, 10 a 15 za pr\u00edplatok<\/p>\n<p><strong>Vyobrazen\u00e1 zostava sa sklad\u00e1 z t\u00fdchto produktov:<\/strong><\/p>\n<p>Vitr\u00edna 12 <strong>\u2013 Rozmery (\u0160xHxV) \u2013\u00a0<\/strong>97x40x199 cm<br \/>\nPolica 35\u00a0<strong>\u2013 Rozmery (\u0160xHxV) \u2013\u00a0<\/strong>144x23x23 cm<br \/>\nTV stol\u00edk 25\u00a0<strong>\u2013 Rozmery (\u0160xHxV) \u2013\u00a0<\/strong>171x40x56 cm<br \/>\nVitr\u00edna 10\u00a0<strong>\u2013 Rozmery (\u0160xHxV) \u2013\u00a0<\/strong>67x40x199 cm<\/p>\n<p><strong>Mo\u017enos\u0165 dok\u00fapi\u0165 aj ostatn\u00e9 produkty z na\u0161ej ponuky:<\/strong><\/p>\n<p>Komoda 45\u00a0<strong>\u2013 Rozmery (\u0160xHxV) \u2013\u00a0<\/strong>151x40x86 cm<br \/>\nKonferen\u010dn\u00fd stol\u00edk 41\u00a0<strong>\u2013 Rozmery (\u0160xHxV) \u2013\u00a0<\/strong>110x60x45 cm<br \/>\nPolica 35\u00a0<strong>\u2013 Rozmery (\u0160xHxV) \u2013\u00a0<\/strong>144x23x23 cm<br \/>\nTV stol\u00edk 25\u00a0<strong>\u2013 Rozmery (\u0160xHxV) \u2013\u00a0<\/strong>171x40x56 cm<br \/>\nVitr\u00edna 10\u00a0<strong>\u2013 Rozmery (\u0160xHxV) \u2013\u00a0<\/strong>67x40x199 cm<br \/>\nTV stol\u00edk 24\u00a0<strong>\u2013 Rozmery (\u0160xHxV) \u2013\u00a0<\/strong>119x40x44 cm<br \/>\nSkri\u0148a 70\u00a0<strong>\u2013 Rozmery (\u0160xHxV) \u2013\u00a0<\/strong>97x60x199 cm<br \/>\nVitr\u00edna 15\u00a0<strong>\u2013 Rozmery (\u0160xHxV) \u2013\u00a0<\/strong>119x40x148 cm<\/p>\n<p>&nbsp;<\/p>\n","protected":false},"excerpt":{"rendered":"<p>Modern\u00fd sektorov\u00fd n\u00e1bytok W AMA vnesie luxus do va\u0161ho interi\u00e9ru. Sektorov\u00fd n\u00e1bytok W AMA sa vyzna\u010duje vysokou kvalitou. Je\u00a0 vhodn\u00fd na zariadenie ob\u00fdvac\u00edch izieb vo farebnom preveden\u00ed dub samargue\/\u010dierna. Dvierka a \u0161upl\u00edky sa otv\u00e1raj\u00fa pomocou kovov\u00fdch \u00fachytiek. Je mo\u017en\u00e9 si dok\u00fapi\u0165 LED osvetlenie, k vitr\u00edne 12, 10 a 15 za pr\u00edplatok Vyobrazen\u00e1 zostava sa sklad\u00e1&#8230;<\/p>\n","protected":false},"featured_media":122599,"comment_status":"closed","ping_status":"closed","template":"","meta":{"_seopress_robots_primary_cat":"251","_seopress_titles_title":"","_seopress_titles_desc":"","_seopress_robots_index":""},"product_brand":[],"product_cat":[182,251],"product_tag":[],"class_list":{"0":"post-119762","1":"product","2":"type-product","3":"status-publish","4":"has-post-thumbnail","6":"product_cat-obyvacie-steny","7":"product_cat-steny","9":"first","10":"onbackorder","11":"shipping-taxable","12":"purchasable","13":"product-type-simple"},"_links":{"self":[{"href":"https:\/\/nabytoklaguna.sk\/sk\/wp-json\/wp\/v2\/product\/119762","targetHints":{"allow":["GET"]}}],"collection":[{"href":"https:\/\/nabytoklaguna.sk\/sk\/wp-json\/wp\/v2\/product"}],"about":[{"href":"https:\/\/nabytoklaguna.sk\/sk\/wp-json\/wp\/v2\/types\/product"}],"replies":[{"embeddable":true,"href":"https:\/\/nabytoklaguna.sk\/sk\/wp-json\/wp\/v2\/comments?post=119762"}],"wp:featuredmedia":[{"embeddable":true,"href":"https:\/\/nabytoklaguna.sk\/sk\/wp-json\/wp\/v2\/media\/122599"}],"wp:attachment":[{"href":"https:\/\/nabytoklaguna.sk\/sk\/wp-json\/wp\/v2\/media?parent=119762"}],"wp:term":[{"taxonomy":"product_brand","embeddable":true,"href":"https:\/\/nabytoklaguna.sk\/sk\/wp-json\/wp\/v2\/product_brand?post=119762"},{"taxonomy":"product_cat","embeddable":true,"href":"https:\/\/nabytoklaguna.sk\/sk\/wp-json\/wp\/v2\/product_cat?post=119762"},{"taxonomy":"product_tag","embeddable":true,"href":"https:\/\/nabytoklaguna.sk\/sk\/wp-json\/wp\/v2\/product_tag?post=119762"}],"curies":[{"name":"wp","href":"https:\/\/api.w.org\/{rel}","templated":true}]}}