{"id":119766,"date":"2023-04-22T20:12:00","date_gmt":"2023-04-22T20:12:00","guid":{"rendered":"https:\/\/nabytoklaguna.sk\/sk\/?post_type=product&#038;p=119766"},"modified":"2025-04-10T13:41:53","modified_gmt":"2025-04-10T11:41:53","slug":"aut-ahg-402-wt","status":"publish","type":"product","link":"https:\/\/nabytoklaguna.sk\/sk\/produkt\/aut-ahg-402-wt\/","title":{"rendered":"AUT AHG-402 WT"},"content":{"rendered":"<p><span id=\"ctl00_ctl00_PageCPH_MainCPH_NazevVariantyLBL\" class=\"blue\">Modern\u00fd konferen\u010dn\u00fd stol\u00edk, MDF vysok\u00fd lesk biely, sklenen\u00e1 polica s hr\u00fabkou skla 6mm<br \/>\n<\/span><\/p>\n<p>Rozmer: <span id=\"ctl00_ctl00_PageCPH_MainCPH_NazevVariantyLBL\" class=\"blue\"> 110x60x40<\/span> cm<\/p>\n","protected":false},"excerpt":{"rendered":"<p>Modern\u00fd konferen\u010dn\u00fd stol\u00edk, MDF vysok\u00fd lesk biely, sklenen\u00e1 polica s hr\u00fabkou skla 6mm Rozmer: 110x60x40 cm<\/p>\n","protected":false},"featured_media":73623,"comment_status":"closed","ping_status":"closed","template":"","meta":{"_seopress_robots_primary_cat":"221","_seopress_titles_title":"","_seopress_titles_desc":"","_seopress_robots_index":""},"product_brand":[],"product_cat":[221],"product_tag":[],"class_list":{"0":"post-119766","1":"product","2":"type-product","3":"status-publish","4":"has-post-thumbnail","6":"product_cat-konferencne-stoliky","8":"first","9":"onbackorder","10":"shipping-taxable","11":"purchasable","12":"product-type-simple"},"_links":{"self":[{"href":"https:\/\/nabytoklaguna.sk\/sk\/wp-json\/wp\/v2\/product\/119766","targetHints":{"allow":["GET"]}}],"collection":[{"href":"https:\/\/nabytoklaguna.sk\/sk\/wp-json\/wp\/v2\/product"}],"about":[{"href":"https:\/\/nabytoklaguna.sk\/sk\/wp-json\/wp\/v2\/types\/product"}],"replies":[{"embeddable":true,"href":"https:\/\/nabytoklaguna.sk\/sk\/wp-json\/wp\/v2\/comments?post=119766"}],"wp:featuredmedia":[{"embeddable":true,"href":"https:\/\/nabytoklaguna.sk\/sk\/wp-json\/wp\/v2\/media\/73623"}],"wp:attachment":[{"href":"https:\/\/nabytoklaguna.sk\/sk\/wp-json\/wp\/v2\/media?parent=119766"}],"wp:term":[{"taxonomy":"product_brand","embeddable":true,"href":"https:\/\/nabytoklaguna.sk\/sk\/wp-json\/wp\/v2\/product_brand?post=119766"},{"taxonomy":"product_cat","embeddable":true,"href":"https:\/\/nabytoklaguna.sk\/sk\/wp-json\/wp\/v2\/product_cat?post=119766"},{"taxonomy":"product_tag","embeddable":true,"href":"https:\/\/nabytoklaguna.sk\/sk\/wp-json\/wp\/v2\/product_tag?post=119766"}],"curies":[{"name":"wp","href":"https:\/\/api.w.org\/{rel}","templated":true}]}}