{"id":119779,"date":"2023-04-22T20:12:00","date_gmt":"2023-04-22T20:12:00","guid":{"rendered":"https:\/\/nabytoklaguna.sk\/sk\/?post_type=product&#038;p=119779"},"modified":"2025-11-18T12:11:32","modified_gmt":"2025-11-18T11:11:32","slug":"stg-algeria-2","status":"publish","type":"product","link":"https:\/\/nabytoklaguna.sk\/sk\/produkt\/stg-algeria-2\/","title":{"rendered":"STG WENECJA 2"},"content":{"rendered":"<p>Elegantn\u00e1 pohovka\u00a0 <strong>WENECJA 2<\/strong>\u00a0sa stane dominantn\u00fdm prvkom Va\u0161ej dom\u00e1cnosti. Pohovka nem\u00e1 \u00falo\u017en\u00fd priestor a nem\u00e1 ani funkciu rozkladu.\u00a0Vn\u00fatro pohovky tvor\u00ed pru\u017eina FALISTA v kombin\u00e1cii s\u00a0polyuret\u00e1novou penou. V\u010faka tejto v\u00fdplne bude sedenie pohodln\u00e9-stredne m\u00e4kk\u00e9.<\/p>\n<p>Pohovku je mo\u017en\u00e9 dotvori\u0165 podla svojich predst\u00e1v.Na v\u00fdber s\u00fa modern\u00e9 kovov\u00e9 nohy \u010di klasick\u00e9 dreven\u00e9, u\u017e je na V\u00e1s ktor\u00e9 si zvol\u00edte. Taktie\u017e je mo\u017en\u00e9 vybra\u0165 si pre\u0161\u00edvanie zakon\u010den\u00e9 gomb\u00edkmi alebo kry\u0161t\u00e1lmi(pros\u00edm uvies\u0165 do objedn\u00e1vky). V\u00fdhodou pohovky je \u010dal\u00fanen\u00fd chrb\u00e1t a tak je mo\u017en\u00e9 pohovku umiestni\u0165 do priestoru<\/p>\n<p>K pohovke WENECJA 2 je mo\u017en\u00e9 doobjedna\u0165 pohovku <strong>WENECJA<\/strong> \u00a0<strong>3<\/strong> za cenu 699 \u20ac alebo taburet s rozmerom 76&#215;64 cm za cenu 229 \u20ac. Fotka je len ilustra\u010dn\u00e1.<\/p>\n<p><strong>Cena<\/strong>\u00a0<strong>sa men\u00ed v z\u00e1vislosti od v\u00fdberu po\u0165ahovej l\u00e1tky. Cena je uveden\u00e1 v cenovej skupine 0.<\/strong><\/p>\n<p><strong>VZORKOVN\u00cdK L\u00c1TOK<\/strong><\/p>\n<p><a href=\"https:\/\/nabytoklaguna.sk\/sk\/wp-content\/uploads\/2021\/02\/stagra-vzorkovniky.docx\"><img loading=\"lazy\" decoding=\"async\" class=\"alignnone size-full wp-image-100592\" src=\"https:\/\/nabytoklaguna.sk\/sk\/wp-content\/uploads\/2021\/01\/tlacidlo-vzorkovnik-latok-2.jpg\" alt=\"tlacidlo vzorkovnik latok (2)\" width=\"100\" height=\"100\" \/><\/a><\/p>\n<h3 class=\"page-product-heading\">VLASTNOSTI<\/h3>\n<table class=\"table-data-sheet\">\n<tbody>\n<tr class=\"odd\">\n<td>H\u013abka<\/td>\n<td>90 cm<\/td>\n<\/tr>\n<tr class=\"even\">\n<td>\u0160\u00edrka<\/td>\n<td>190 cm<\/td>\n<\/tr>\n<tr class=\"odd\">\n<td>V\u00fd\u0161ka<\/td>\n<td>80-85 cm<\/td>\n<\/tr>\n<tr class=\"even\">\n<td>Vhodn\u00e1 miestnos\u0165<\/td>\n<td>ob\u00fdva\u010dka, spolo\u010densk\u00e1 miestnos\u0165, hotely, kaviarne<\/td>\n<\/tr>\n<tr class=\"odd\">\n<td>Typ n\u00e1bytku<\/td>\n<td>pohovky<\/td>\n<\/tr>\n<tr class=\"even\">\n<td>\u0160t\u00fdl n\u00e1bytku<\/td>\n<td>modern\u00fd<\/td>\n<\/tr>\n<tr class=\"odd\">\n<td>Z\u00e1ruka<\/td>\n<td>2 roky<\/td>\n<\/tr>\n<tr class=\"even\">\n<td>Sp\u00f4sob dodania<\/td>\n<td>demont v\u00a0 jednom bal\u00edku<\/td>\n<\/tr>\n<tr class=\"odd\">\n<td>Hmotnos\u0165<\/td>\n<td>105 kg<\/td>\n<\/tr>\n<tr class=\"even\">\n<td>\u00dalo\u017en\u00fd priestor<\/td>\n<td>nie<\/td>\n<\/tr>\n<tr class=\"odd\">\n<td>Rohov\u00e9 prevedenie<\/td>\n<td>nie<\/td>\n<\/tr>\n<tr class=\"even\">\n<td>V\u00fd\u0161ka sed\u00e1ka<\/td>\n<td>44 cm<\/td>\n<\/tr>\n<tr class=\"odd\">\n<td>V\u00fd\u0161ka zadn\u00e9ho \u010dela<\/td>\n<td>max. 85 cm<\/td>\n<\/tr>\n<tr class=\"even\">\n<td>Mo\u017enos\u0165 rozkladania<\/td>\n<td>nie<\/td>\n<\/tr>\n<tr class=\"odd\">\n<td>Plocha po rozlo\u017een\u00ed<\/td>\n<td><\/td>\n<\/tr>\n<tr class=\"even\">\n<td>Kon\u0161trukcia<\/td>\n<td>DTD<\/td>\n<\/tr>\n<tr class=\"odd\">\n<td>N\u00f4\u017eky<\/td>\n<td>dreven\u00e9\/kov<\/td>\n<\/tr>\n<tr class=\"even\">\n<td>Obsahuje vank\u00fa\u0161e<\/td>\n<td>nie<\/td>\n<\/tr>\n<tr class=\"odd\">\n<td>Nastavenie opierok<\/td>\n<td>nie<\/td>\n<\/tr>\n<tr class=\"even\">\n<td>V\u00fdpl\u0148 seda\u010dky<\/td>\n<td>pena+ pru\u017eina<\/td>\n<\/tr>\n<\/tbody>\n<\/table>\n<p>&nbsp;<\/p>\n","protected":false},"excerpt":{"rendered":"<p>Elegantn\u00e1 pohovka\u00a0 WENECJA 2\u00a0sa stane dominantn\u00fdm prvkom Va\u0161ej dom\u00e1cnosti. Pohovka nem\u00e1 \u00falo\u017en\u00fd priestor a nem\u00e1 ani funkciu rozkladu.\u00a0Vn\u00fatro pohovky tvor\u00ed pru\u017eina FALISTA v kombin\u00e1cii s\u00a0polyuret\u00e1novou penou. V\u010faka tejto v\u00fdplne bude sedenie pohodln\u00e9-stredne m\u00e4kk\u00e9. Pohovku je mo\u017en\u00e9 dotvori\u0165 podla svojich predst\u00e1v.Na v\u00fdber s\u00fa modern\u00e9 kovov\u00e9 nohy \u010di klasick\u00e9 dreven\u00e9, u\u017e je na V\u00e1s ktor\u00e9 si zvol\u00edte&#8230;.<\/p>\n","protected":false},"featured_media":79083,"comment_status":"closed","ping_status":"closed","template":"","meta":{"_seopress_robots_primary_cat":"219","_seopress_titles_title":"","_seopress_titles_desc":"","_seopress_robots_index":""},"product_brand":[],"product_cat":[219],"product_tag":[],"class_list":{"0":"post-119779","1":"product","2":"type-product","3":"status-publish","4":"has-post-thumbnail","6":"product_cat-pohovky","8":"first","9":"onbackorder","10":"shipping-taxable","11":"purchasable","12":"product-type-simple"},"_links":{"self":[{"href":"https:\/\/nabytoklaguna.sk\/sk\/wp-json\/wp\/v2\/product\/119779","targetHints":{"allow":["GET"]}}],"collection":[{"href":"https:\/\/nabytoklaguna.sk\/sk\/wp-json\/wp\/v2\/product"}],"about":[{"href":"https:\/\/nabytoklaguna.sk\/sk\/wp-json\/wp\/v2\/types\/product"}],"replies":[{"embeddable":true,"href":"https:\/\/nabytoklaguna.sk\/sk\/wp-json\/wp\/v2\/comments?post=119779"}],"wp:featuredmedia":[{"embeddable":true,"href":"https:\/\/nabytoklaguna.sk\/sk\/wp-json\/wp\/v2\/media\/79083"}],"wp:attachment":[{"href":"https:\/\/nabytoklaguna.sk\/sk\/wp-json\/wp\/v2\/media?parent=119779"}],"wp:term":[{"taxonomy":"product_brand","embeddable":true,"href":"https:\/\/nabytoklaguna.sk\/sk\/wp-json\/wp\/v2\/product_brand?post=119779"},{"taxonomy":"product_cat","embeddable":true,"href":"https:\/\/nabytoklaguna.sk\/sk\/wp-json\/wp\/v2\/product_cat?post=119779"},{"taxonomy":"product_tag","embeddable":true,"href":"https:\/\/nabytoklaguna.sk\/sk\/wp-json\/wp\/v2\/product_tag?post=119779"}],"curies":[{"name":"wp","href":"https:\/\/api.w.org\/{rel}","templated":true}]}}