{"id":119802,"date":"2023-04-22T20:12:00","date_gmt":"2023-04-22T20:12:00","guid":{"rendered":"https:\/\/nabytoklaguna.sk\/sk\/?post_type=product&#038;p=119802"},"modified":"2024-12-18T10:43:11","modified_gmt":"2024-12-18T09:43:11","slug":"modena-220","status":"publish","type":"product","link":"https:\/\/nabytoklaguna.sk\/sk\/produkt\/modena-220\/","title":{"rendered":"MODENA 220"},"content":{"rendered":"<p><strong>Kuchynsk\u00e1 linka MODENA <\/strong>zaujme <strong>nad\u010dasov\u00fdm<\/strong> farebn\u00fdm preveden\u00edm s d\u00f4razom na kontrast<strong>. <\/strong>Svojimi rozmermi hod\u00ed aj do mal\u00fdch bytov. Vyzna\u010duje sa <strong>vysokou kvalitou<\/strong> za rozumn\u00fa cenu. Skrinky s\u00fa vyroben\u00e9 z kvalitnej odolnej laminovanej drevotriesky s<strong> ABS<\/strong> <strong>hranou<\/strong>. Z\u00e1suvky s\u00fa <strong>kovov\u00e9<\/strong> <strong>METABOXY<\/strong> s pevn\u00fdm dnom z DTDL. Horn\u00e9 v\u00fdklopn\u00e9 skrinky maj\u00fa <strong>plynov\u00e9<\/strong> <strong>piesty<\/strong>. Pracovn\u00e1 doska nie je v cene, mo\u017eno doobjedna\u0165.<\/p>\n<p>Dostupn\u00e9 prevedenia: DTDL buk \/ biela, rijeka tmav\u00e1 \/ rijeka svetl\u00e1, rijeka svetl\u00e1 \/ rijeka tmav\u00e1<\/p>\n<p>Rozmer : 220 cm.<\/p>\n<p>Dod\u00e1van\u00e9 v demonte<\/p>\n","protected":false},"excerpt":{"rendered":"<p>Kuchynsk\u00e1 linka MODENA zaujme nad\u010dasov\u00fdm farebn\u00fdm preveden\u00edm s d\u00f4razom na kontrast. Svojimi rozmermi hod\u00ed aj do mal\u00fdch bytov. Vyzna\u010duje sa vysokou kvalitou za rozumn\u00fa cenu. Skrinky s\u00fa vyroben\u00e9 z kvalitnej odolnej laminovanej drevotriesky s ABS hranou. Z\u00e1suvky s\u00fa kovov\u00e9 METABOXY s pevn\u00fdm dnom z DTDL. Horn\u00e9 v\u00fdklopn\u00e9 skrinky maj\u00fa plynov\u00e9 piesty. Pracovn\u00e1 doska nie je&#8230;<\/p>\n","protected":false},"featured_media":81132,"comment_status":"closed","ping_status":"closed","template":"","meta":{"_seopress_robots_primary_cat":"176","_seopress_titles_title":"                                    ","_seopress_titles_desc":"                                    ","_seopress_robots_index":""},"product_brand":[],"product_cat":[177,176],"product_tag":[],"class_list":{"0":"post-119802","1":"product","2":"type-product","3":"status-publish","4":"has-post-thumbnail","6":"product_cat-kuchyne-top","7":"product_cat-kuchyne","9":"first","10":"onbackorder","11":"shipping-taxable","12":"purchasable","13":"product-type-simple"},"_links":{"self":[{"href":"https:\/\/nabytoklaguna.sk\/sk\/wp-json\/wp\/v2\/product\/119802","targetHints":{"allow":["GET"]}}],"collection":[{"href":"https:\/\/nabytoklaguna.sk\/sk\/wp-json\/wp\/v2\/product"}],"about":[{"href":"https:\/\/nabytoklaguna.sk\/sk\/wp-json\/wp\/v2\/types\/product"}],"replies":[{"embeddable":true,"href":"https:\/\/nabytoklaguna.sk\/sk\/wp-json\/wp\/v2\/comments?post=119802"}],"wp:featuredmedia":[{"embeddable":true,"href":"https:\/\/nabytoklaguna.sk\/sk\/wp-json\/wp\/v2\/media\/81132"}],"wp:attachment":[{"href":"https:\/\/nabytoklaguna.sk\/sk\/wp-json\/wp\/v2\/media?parent=119802"}],"wp:term":[{"taxonomy":"product_brand","embeddable":true,"href":"https:\/\/nabytoklaguna.sk\/sk\/wp-json\/wp\/v2\/product_brand?post=119802"},{"taxonomy":"product_cat","embeddable":true,"href":"https:\/\/nabytoklaguna.sk\/sk\/wp-json\/wp\/v2\/product_cat?post=119802"},{"taxonomy":"product_tag","embeddable":true,"href":"https:\/\/nabytoklaguna.sk\/sk\/wp-json\/wp\/v2\/product_tag?post=119802"}],"curies":[{"name":"wp","href":"https:\/\/api.w.org\/{rel}","templated":true}]}}