{"id":119806,"date":"2023-04-22T20:12:00","date_gmt":"2023-04-22T20:12:00","guid":{"rendered":"https:\/\/nabytoklaguna.sk\/sk\/?post_type=product&#038;p=119806"},"modified":"2025-03-19T12:16:57","modified_gmt":"2025-03-19T11:16:57","slug":"system-natural-2","status":"publish","type":"product","link":"https:\/\/nabytoklaguna.sk\/sk\/produkt\/system-natural-2\/","title":{"rendered":"SYST\u00c9M TURAN"},"content":{"rendered":"<p><strong>Syst\u00e9m TURAN<\/strong> sa vyr\u00e1ba vo farebnom preveden\u00ed <strong>dub ribbeck<\/strong>,ktor\u00fd sa dokonale hod\u00ed do <strong>tmav\u00e9ho \u010di svetl\u00e9ho interi\u00e9ru<\/strong>. Z jednotliv\u00fdch komponentov si m\u00f4\u017ete vysklada\u0165 ob\u00fdvaciu izbu \u010di sp\u00e1lnu. Ur\u010dite ocen\u00edte <strong>tich\u00e9 zatv\u00e1ranie dver\u00ed<\/strong>, \u010del\u00e1 z\u00e1suviek vybaven\u00e9 otv\u00e1rac\u00edm sys\u00e9mon <strong>PUSH TO OPEN<\/strong>. Syst\u00e9m je vyroben\u00fd\u00a0\u00a0z laminovanej drevotriesky s hr\u00fabkou 16 mm v kombin\u00e1cii z <strong>mas\u00edvom<\/strong>. Predn\u00e1 vlo\u017eka n\u00e1bytku je <strong>dekorovan\u00e1 mrie\u017ekou<\/strong>. Osvetlenie nieje v cene n\u00e1bytku, je mo\u017en\u00e9 si doobjedna\u0165.<\/p>\n<p>Rozmery jednotliv\u00fdch komponentov (\u0160xHxV):<\/p>\n<p><strong>Vitr\u00edna N4<\/strong> &#8211; 57&#215;40,5&#215;200,5cm,\u00a0mo\u017enos\u0165 dok\u00fapi\u0165 <strong>Led<\/strong> osvetlenie za cenu 37\u20ac<br \/>\n<strong>Vitr\u00edna N5<\/strong> &#8211; 102&#215;40,5&#215;159,5 cm,\u00a0mo\u017enos\u0165 dok\u00fapi\u0165 <strong>Led<\/strong> osvetlenie za cenu 42\u20ac<br \/>\n<strong>RTV stol\u00edk N12<\/strong> &#8211; 150 ,5&#215;40,5&#215;51 cm,\u00a0mo\u017enos\u0165 dok\u00fapi\u0165 <strong>Led<\/strong> osvetlenie za cenu 35<strong>\u20ac<\/strong><br \/>\n<strong>Polica N11<\/strong> &#8211; 120x18x32 cm<\/p>\n","protected":false},"excerpt":{"rendered":"<p>Syst\u00e9m TURAN sa vyr\u00e1ba vo farebnom preveden\u00ed dub ribbeck,ktor\u00fd sa dokonale hod\u00ed do tmav\u00e9ho \u010di svetl\u00e9ho interi\u00e9ru. Z jednotliv\u00fdch komponentov si m\u00f4\u017ete vysklada\u0165 ob\u00fdvaciu izbu \u010di sp\u00e1lnu. Ur\u010dite ocen\u00edte tich\u00e9 zatv\u00e1ranie dver\u00ed, \u010del\u00e1 z\u00e1suviek vybaven\u00e9 otv\u00e1rac\u00edm sys\u00e9mon PUSH TO OPEN. Syst\u00e9m je vyroben\u00fd\u00a0\u00a0z laminovanej drevotriesky s hr\u00fabkou 16 mm v kombin\u00e1cii z mas\u00edvom. Predn\u00e1 vlo\u017eka&#8230;<\/p>\n","protected":false},"featured_media":84485,"comment_status":"closed","ping_status":"closed","template":"","meta":{"_seopress_robots_primary_cat":"251","_seopress_titles_title":"","_seopress_titles_desc":"","_seopress_robots_index":""},"product_brand":[],"product_cat":[182,251],"product_tag":[],"class_list":{"0":"post-119806","1":"product","2":"type-product","3":"status-publish","4":"has-post-thumbnail","6":"product_cat-obyvacie-steny","7":"product_cat-steny","9":"first","10":"instock","11":"sale","12":"shipping-taxable","13":"purchasable","14":"product-type-simple"},"_links":{"self":[{"href":"https:\/\/nabytoklaguna.sk\/sk\/wp-json\/wp\/v2\/product\/119806","targetHints":{"allow":["GET"]}}],"collection":[{"href":"https:\/\/nabytoklaguna.sk\/sk\/wp-json\/wp\/v2\/product"}],"about":[{"href":"https:\/\/nabytoklaguna.sk\/sk\/wp-json\/wp\/v2\/types\/product"}],"replies":[{"embeddable":true,"href":"https:\/\/nabytoklaguna.sk\/sk\/wp-json\/wp\/v2\/comments?post=119806"}],"wp:featuredmedia":[{"embeddable":true,"href":"https:\/\/nabytoklaguna.sk\/sk\/wp-json\/wp\/v2\/media\/84485"}],"wp:attachment":[{"href":"https:\/\/nabytoklaguna.sk\/sk\/wp-json\/wp\/v2\/media?parent=119806"}],"wp:term":[{"taxonomy":"product_brand","embeddable":true,"href":"https:\/\/nabytoklaguna.sk\/sk\/wp-json\/wp\/v2\/product_brand?post=119806"},{"taxonomy":"product_cat","embeddable":true,"href":"https:\/\/nabytoklaguna.sk\/sk\/wp-json\/wp\/v2\/product_cat?post=119806"},{"taxonomy":"product_tag","embeddable":true,"href":"https:\/\/nabytoklaguna.sk\/sk\/wp-json\/wp\/v2\/product_tag?post=119806"}],"curies":[{"name":"wp","href":"https:\/\/api.w.org\/{rel}","templated":true}]}}