{"id":119807,"date":"2023-04-22T20:12:00","date_gmt":"2023-04-22T20:12:00","guid":{"rendered":"https:\/\/nabytoklaguna.sk\/sk\/?post_type=product&#038;p=119807"},"modified":"2025-06-09T11:17:34","modified_gmt":"2025-06-09T09:17:34","slug":"k-gabriela-komoda","status":"publish","type":"product","link":"https:\/\/nabytoklaguna.sk\/sk\/produkt\/k-gabriela-komoda\/","title":{"rendered":"K GABRIELA komoda"},"content":{"rendered":"<p>Materi\u00e1l: DTD laminovan\u00e1<\/p>\n<p>Farba: dub wotan\/biela<\/p>\n<p>Rozmery (cm): \u0160xHxV: 120x38x80 cm<\/p>\n<p>Rozmery z\u00e1suvky (cm): \u0160xV: 40&#215;19 cm<\/p>\n<p>Rozmery dvierok (cm): \u0160xV: 39,5&#215;76,5 cm<\/p>\n<p>S jedn\u00fdm \u0161upl\u00edkom<\/p>\n<p>S dvoma skrinkami<\/p>\n<p>S otvorenou odkladacou plochou<\/p>\n<p>Kvalitn\u00fd slovensk\u00fd v\u00fdrobok<\/p>\n<p>&nbsp;<\/p>\n","protected":false},"excerpt":{"rendered":"<p>Materi\u00e1l: DTD laminovan\u00e1 Farba: dub wotan\/biela Rozmery (cm): \u0160xHxV: 120x38x80 cm Rozmery z\u00e1suvky (cm): \u0160xV: 40&#215;19 cm Rozmery dvierok (cm): \u0160xV: 39,5&#215;76,5 cm S jedn\u00fdm \u0161upl\u00edkom S dvoma skrinkami S otvorenou odkladacou plochou Kvalitn\u00fd slovensk\u00fd v\u00fdrobok &nbsp;<\/p>\n","protected":false},"featured_media":46533,"comment_status":"closed","ping_status":"closed","template":"","meta":{"_seopress_robots_primary_cat":"222","_seopress_titles_title":"","_seopress_titles_desc":"","_seopress_robots_index":""},"product_brand":[],"product_cat":[2122,222],"product_tag":[],"class_list":{"0":"post-119807","1":"product","2":"type-product","3":"status-publish","4":"has-post-thumbnail","6":"product_cat-spalnove-komody","7":"product_cat-komody","9":"first","10":"onbackorder","11":"shipping-taxable","12":"purchasable","13":"product-type-simple"},"_links":{"self":[{"href":"https:\/\/nabytoklaguna.sk\/sk\/wp-json\/wp\/v2\/product\/119807","targetHints":{"allow":["GET"]}}],"collection":[{"href":"https:\/\/nabytoklaguna.sk\/sk\/wp-json\/wp\/v2\/product"}],"about":[{"href":"https:\/\/nabytoklaguna.sk\/sk\/wp-json\/wp\/v2\/types\/product"}],"replies":[{"embeddable":true,"href":"https:\/\/nabytoklaguna.sk\/sk\/wp-json\/wp\/v2\/comments?post=119807"}],"wp:featuredmedia":[{"embeddable":true,"href":"https:\/\/nabytoklaguna.sk\/sk\/wp-json\/wp\/v2\/media\/46533"}],"wp:attachment":[{"href":"https:\/\/nabytoklaguna.sk\/sk\/wp-json\/wp\/v2\/media?parent=119807"}],"wp:term":[{"taxonomy":"product_brand","embeddable":true,"href":"https:\/\/nabytoklaguna.sk\/sk\/wp-json\/wp\/v2\/product_brand?post=119807"},{"taxonomy":"product_cat","embeddable":true,"href":"https:\/\/nabytoklaguna.sk\/sk\/wp-json\/wp\/v2\/product_cat?post=119807"},{"taxonomy":"product_tag","embeddable":true,"href":"https:\/\/nabytoklaguna.sk\/sk\/wp-json\/wp\/v2\/product_tag?post=119807"}],"curies":[{"name":"wp","href":"https:\/\/api.w.org\/{rel}","templated":true}]}}